{"id":9913,"date":"2019-01-07T13:59:22","date_gmt":"2019-01-07T12:59:22","guid":{"rendered":"http:\/\/solamiklavz.splet.arnes.si\/?page_id=9913"},"modified":"2019-09-04T09:31:04","modified_gmt":"2019-09-04T07:31:04","slug":"eduroam","status":"publish","type":"page","link":"https:\/\/www.sola-miklavz.si\/?page_id=9913","title":{"rendered":"Eduroam"},"content":{"rendered":"<p><img loading=\"lazy\" decoding=\"async\" class=\"alignleft size-full wp-image-9917\" src=\"http:\/\/solamiklavz.splet.arnes.si\/files\/2019\/01\/logo_eduroam.png\" alt=\"\" width=\"146\" height=\"65\" srcset=\"https:\/\/www.sola-miklavz.si\/files\/2019\/01\/logo_eduroam.png 146w, https:\/\/www.sola-miklavz.si\/files\/2019\/01\/logo_eduroam-124x55.png 124w\" sizes=\"auto, (max-width: 146px) 100vw, 146px\" \/>O\u0160 Miklav\u017e na Dravskem polju se je pridru\u017eila organizacijam z\u00a0omre\u017ejem eduroam. Eduroam je brez\u017ei\u010dno omre\u017eje Wlan, ki ga lahko za dostop do svetovnega spleta (interneta) s svojimi napravami (ra\u010dunalniki, telefoni, tablice) koristijo zaposleni, u\u010denci in gostje \u0161ole, omre\u017eje pa je v upravljanju Arnesa.<\/p>\n<p>&nbsp;<\/p>\n<p>Za uporabo omre\u017eja potrebujejo uporabniki:<\/p>\n<ul>\n<li><span style=\"color: #ff6600\"> AAI ra\u010dun,<\/span> katerega u\u010denci prejmejo tekom osnovno\u0161olskega izobra\u017eevanja, AAI ra\u010dun u\u010denci uporabljajo tudi za dostop do spletnih u\u010dilnic, prav tako lahko koristijo \u0161tevilne storitve, ki jih ponuja Arnes &#8211; opisane so na Arnesovi spletni strani.<\/li>\n<li><span style=\"color: #ff6600\">ustrezno name\u0161\u010den profil na napravi, s katero \u017eelijo dostopati do interneta<\/span><\/li>\n<\/ul>\n<p><span style=\"color: #000000\">Vsaka naprava zahteva nekoliko druga\u010den pristop k namestitvi profila, zato je Arnes pripravil <a href=\"https:\/\/www.arnes.si\/pomoc-uporabnikom\/eduroam\/navodila-za-povezavo\/\" target=\"_blank\">navodila za povezavo.<\/a> <\/span><\/p>\n<p><span style=\"color: #000000\">\u010ce povzamemo, poteka namestitev profila na naslednji na\u010din:<\/span><\/p>\n<ul>\n<li>\u010de ste uporabniki naprave s sistemom Android je potrebno namestiti aplikacijo eduroamCAT iz Trgovine Play, za ostale sisteme to ni potrebno<\/li>\n<li>z napravo obi\u0161\u010demo spletno stran <a href=\"https:\/\/cat.eduroam.org\/\" target=\"_blank\">https:\/\/cat.eduroam.org\/<\/a><\/li>\n<li>kliknemo na modri gumb (click here to download your eduroam installer)<\/li>\n<li>poi\u0161\u010demo O\u0160 Miklav\u017e na Dravskem polju in kliknemo nanjo<\/li>\n<li>spletna stran prepozna operacijski sistem na\u0161e naprave (Windows, iOS, Android&#8230;)<\/li>\n<li>kliknemo na ponujen operacijski sistem, ter po\u017eenemo datoteko, ki se nam prenese<\/li>\n<li>sledimo navodilom, na koncu bomo pozvani da vpi\u0161emo uporabni\u0161ko ime in geslo (to je AAI ra\u010dun)<\/li>\n<\/ul>\n<p>Po uspe\u0161no opravljeni namestitvi profila se z WiFI vmesnikom lahko pove\u017eemo v eduroam omre\u017eje. Omre\u017eje ima odli\u010dno pokritost po celotni \u0161oli, nepokritih koti\u010dkov prakti\u010dno ni ve\u010d.<\/p>\n","protected":false},"excerpt":{"rendered":"<p>O\u0160 Miklav\u017e na Dravskem polju se je pridru\u017eila organizacijam z\u00a0omre\u017ejem eduroam. Eduroam je brez\u017ei\u010dno omre\u017eje Wlan, ki ga lahko za dostop do svetovnega spleta (interneta) s svojimi napravami (ra\u010dunalniki, telefoni, tablice) koristijo zaposleni, u\u010denci in gostje \u0161ole, omre\u017eje pa je v upravljanju Arnesa. &nbsp; Za uporabo omre\u017eja potrebujejo uporabniki: AAI&#46;&#46;&#46;<\/p>\n","protected":false},"author":2448,"featured_media":0,"parent":0,"menu_order":0,"comment_status":"closed","ping_status":"closed","template":"","meta":{"ngg_post_thumbnail":0,"footnotes":"","_expiration-date-status":"","_expiration-date":0,"_expiration-date-type":"","_expiration-date-categories":[],"_expiration-date-options":[]},"class_list":["post-9913","page","type-page","status-publish","hentry"],"_links":{"self":[{"href":"https:\/\/www.sola-miklavz.si\/index.php?rest_route=\/wp\/v2\/pages\/9913","targetHints":{"allow":["GET"]}}],"collection":[{"href":"https:\/\/www.sola-miklavz.si\/index.php?rest_route=\/wp\/v2\/pages"}],"about":[{"href":"https:\/\/www.sola-miklavz.si\/index.php?rest_route=\/wp\/v2\/types\/page"}],"author":[{"embeddable":true,"href":"https:\/\/www.sola-miklavz.si\/index.php?rest_route=\/wp\/v2\/users\/2448"}],"replies":[{"embeddable":true,"href":"https:\/\/www.sola-miklavz.si\/index.php?rest_route=%2Fwp%2Fv2%2Fcomments&post=9913"}],"version-history":[{"count":4,"href":"https:\/\/www.sola-miklavz.si\/index.php?rest_route=\/wp\/v2\/pages\/9913\/revisions"}],"predecessor-version":[{"id":12191,"href":"https:\/\/www.sola-miklavz.si\/index.php?rest_route=\/wp\/v2\/pages\/9913\/revisions\/12191"}],"wp:attachment":[{"href":"https:\/\/www.sola-miklavz.si\/index.php?rest_route=%2Fwp%2Fv2%2Fmedia&parent=9913"}],"curies":[{"name":"wp","href":"https:\/\/api.w.org\/{rel}","templated":true}]}}