{"id":96,"date":"2015-03-30T09:06:02","date_gmt":"2015-03-30T08:06:02","guid":{"rendered":"http:\/\/solamiklavz.splet.arnes.si\/?page_id=96"},"modified":"2025-10-14T16:38:37","modified_gmt":"2025-10-14T14:38:37","slug":"prevozi-ucencev","status":"publish","type":"page","link":"https:\/\/www.sola-miklavz.si\/?page_id=96","title":{"rendered":"Prevozi u\u010dencev"},"content":{"rendered":"<p><strong><a href=\"http:\/\/solamiklavz.splet.arnes.si\/files\/2015\/04\/prevoz.jpg\"><img loading=\"lazy\" decoding=\"async\" class=\"size-full wp-image-467 alignright\" src=\"http:\/\/solamiklavz.splet.arnes.si\/files\/2015\/04\/prevoz.jpg\" alt=\"prevoz\" width=\"190\" height=\"150\" srcset=\"https:\/\/www.sola-miklavz.si\/files\/2015\/04\/prevoz.jpg 190w, https:\/\/www.sola-miklavz.si\/files\/2015\/04\/prevoz-69x55.jpg 69w\" sizes=\"auto, (max-width: 190px) 100vw, 190px\" \/><\/a><\/strong>U\u010denci, ki stanujejo blizu \u0161ole, prihajajo v \u0161olo pe\u0161 ali s kolesi, ki jih shranijo na \u0161olskem dvori\u0161\u010du.<\/p>\n<p>\u0160ola je dol\u017ena zagotoviti brezpla\u010dni prevoz za vse u\u010dence, ki imajo stalno prebivali\u0161\u010de oddaljeno od \u0161ole ve\u010d kot 4 km. Prav tako mora \u0161ola poskrbeti za prevoz tistih otrok, katerih varnost je ogro\u017eena na poti v \u0161olo \u2013 torej \u010de je cesta, po kateri hodijo v \u0161olo, uvr\u0161\u010dena med nevarne relacije. Varnost \u0161olske poti ugotovi Svet za preventivo in vzgojo v cestnem prometu na predlog \u0161ole.<\/p>\n<p>Za prevoz otrok ni posebej urejenega \u0161olskega prevoza, saj na tej relaciji vozijo avtobusi avtobusnega podjetja ARRIVA. Po kon\u010danem pouku (tega ne kon\u010dajo vsi hkrati) u\u010denci \u010dakajo na avtobus na avtobusnem postajali\u0161\u010du.<\/p>\n<p>&nbsp;<\/p>\n<p><strong>Vozni red 2025\/26 <\/strong><\/p>\n<table style=\"width: 50%\">\n<tbody>\n<tr>\n<td style=\"width: 44.0678%\" width=\"177\"><strong>VSTOPNA POSTAJA<\/strong><\/td>\n<td style=\"width: 44.6365%\" width=\"88\"><strong>URA<\/strong><\/td>\n<\/tr>\n<tr>\n<td style=\"width: 44.0678%\" width=\"177\">&nbsp;<\/td>\n<td style=\"width: 44.6365%\" width=\"88\">7.53<\/td>\n<\/tr>\n<tr>\n<td style=\"width: 44.0678%\"><strong>&nbsp;<\/strong><strong>Dravski Dvor <\/strong>\u2013 <strong>KS<\/strong><\/td>\n<td style=\"width: 44.6365%\">7.08<\/td>\n<\/tr>\n<\/tbody>\n<\/table>\n<p>&nbsp;<\/p>\n<table style=\"width: 50%\">\n<tbody>\n<tr>\n<td style=\"width: 49.7103%\" width=\"168\"><strong>VSTOPNA POSTAJA<\/strong><\/td>\n<td style=\"width: 136.787%\" width=\"66\"><strong>URA<\/strong><\/td>\n<\/tr>\n<tr>\n<td style=\"width: 49.7103%\" rowspan=\"7\" width=\"168\"><strong>Miklav\u017e <\/strong>\u2013<strong> \u0161ola<\/strong><\/td>\n<td style=\"width: 136.787%\" width=\"66\">12.38<\/td>\n<\/tr>\n<tr>\n<td style=\"width: 136.787%\" width=\"66\">13.13<\/td>\n<\/tr>\n<tr>\n<td style=\"width: 136.787%\" width=\"66\">13.48<\/td>\n<\/tr>\n<tr>\n<td style=\"width: 136.787%\" width=\"66\">14.33<\/td>\n<\/tr>\n<tr>\n<td style=\"width: 136.787%\" width=\"66\">14.48<\/td>\n<\/tr>\n<tr>\n<td style=\"width: 136.787%\" width=\"66\">15.28<\/td>\n<\/tr>\n<tr>\n<td style=\"width: 136.787%\" width=\"66\">15.48<\/td>\n<\/tr>\n<\/tbody>\n<\/table>\n<p>Kontaktna oseba v podjetju Arriva: g. Nojberg,&nbsp; 041\/668-449<\/p>\n<p>&nbsp;<\/p>\n","protected":false},"excerpt":{"rendered":"<p>U\u010denci, ki stanujejo blizu \u0161ole, prihajajo v \u0161olo pe\u0161 ali s kolesi, ki jih shranijo na \u0161olskem dvori\u0161\u010du. \u0160ola je dol\u017ena zagotoviti brezpla\u010dni prevoz za vse u\u010dence, ki imajo stalno prebivali\u0161\u010de oddaljeno od \u0161ole ve\u010d kot 4 km. Prav tako mora \u0161ola poskrbeti za prevoz tistih otrok, katerih varnost je&#46;&#46;&#46;<\/p>\n","protected":false},"author":2448,"featured_media":0,"parent":0,"menu_order":0,"comment_status":"open","ping_status":"open","template":"","meta":{"ngg_post_thumbnail":0,"footnotes":"","_expiration-date-status":"","_expiration-date":0,"_expiration-date-type":"","_expiration-date-categories":[],"_expiration-date-options":[]},"class_list":["post-96","page","type-page","status-publish","hentry"],"_links":{"self":[{"href":"https:\/\/www.sola-miklavz.si\/index.php?rest_route=\/wp\/v2\/pages\/96","targetHints":{"allow":["GET"]}}],"collection":[{"href":"https:\/\/www.sola-miklavz.si\/index.php?rest_route=\/wp\/v2\/pages"}],"about":[{"href":"https:\/\/www.sola-miklavz.si\/index.php?rest_route=\/wp\/v2\/types\/page"}],"author":[{"embeddable":true,"href":"https:\/\/www.sola-miklavz.si\/index.php?rest_route=\/wp\/v2\/users\/2448"}],"replies":[{"embeddable":true,"href":"https:\/\/www.sola-miklavz.si\/index.php?rest_route=%2Fwp%2Fv2%2Fcomments&post=96"}],"version-history":[{"count":17,"href":"https:\/\/www.sola-miklavz.si\/index.php?rest_route=\/wp\/v2\/pages\/96\/revisions"}],"predecessor-version":[{"id":31229,"href":"https:\/\/www.sola-miklavz.si\/index.php?rest_route=\/wp\/v2\/pages\/96\/revisions\/31229"}],"wp:attachment":[{"href":"https:\/\/www.sola-miklavz.si\/index.php?rest_route=%2Fwp%2Fv2%2Fmedia&parent=96"}],"curies":[{"name":"wp","href":"https:\/\/api.w.org\/{rel}","templated":true}]}}