{"id":92,"date":"2015-03-30T09:05:32","date_gmt":"2015-03-30T08:05:32","guid":{"rendered":"http:\/\/solamiklavz.splet.arnes.si\/?page_id=92"},"modified":"2025-10-14T16:34:53","modified_gmt":"2025-10-14T14:34:53","slug":"izbirni-predmeti","status":"publish","type":"page","link":"https:\/\/www.sola-miklavz.si\/?page_id=92","title":{"rendered":"Obvezni izbirni predmeti"},"content":{"rendered":"<p><img loading=\"lazy\" decoding=\"async\" class=\"size-full wp-image-465 alignright\" src=\"http:\/\/solamiklavz.splet.arnes.si\/files\/2015\/04\/izbirni.jpg\" alt=\"izbirni\" width=\"219\" height=\"150\" srcset=\"https:\/\/www.sola-miklavz.si\/files\/2015\/04\/izbirni.jpg 219w, https:\/\/www.sola-miklavz.si\/files\/2015\/04\/izbirni-80x55.jpg 80w\" sizes=\"auto, (max-width: 219px) 100vw, 219px\" \/><\/p>\n<table width=\"100%\">\n<tbody>\n<tr>\n<td width=\"26%\"><strong>OBVEZNI IZBIRNI PREDMET<\/strong><\/td>\n<td width=\"9%\"><strong>\u0160t. ur<\/strong><\/td>\n<td width=\"7%\"><strong>\u0160t. sk.<\/strong><\/td>\n<td width=\"38%\"><strong>Urnik<\/strong><\/td>\n<td width=\"17%\"><strong>U\u010ditelj<\/strong><\/td>\n<\/tr>\n<tr>\n<td width=\"26%\">Filmska vzgoja 1<\/td>\n<td width=\"9%\">35<\/td>\n<td width=\"7%\">1<\/td>\n<td width=\"38%\">Sreda, 1.ura<\/td>\n<td width=\"17%\">Matija Ba\u010dnik<\/td>\n<\/tr>\n<tr>\n<td width=\"26%\">Filmska vzgoja 2<\/td>\n<td width=\"9%\">35<\/td>\n<td width=\"7%\">2<\/td>\n<td width=\"38%\">Ponedeljek in torek, 1 ura<\/td>\n<td width=\"17%\">Matija Ba\u010dnik<\/td>\n<\/tr>\n<tr>\n<td width=\"26%\">Filmska vzgoja 3<\/td>\n<td width=\"9%\">32<\/td>\n<td width=\"7%\">1<\/td>\n<td width=\"38%\">Petek, 1.ura<\/td>\n<td width=\"17%\">Matija Ba\u010dnik<\/td>\n<\/tr>\n<tr>\n<td width=\"26%\">Filozofija za otroke 3 \u2013 Jaz in drugi<\/td>\n<td width=\"9%\">32<\/td>\n<td width=\"7%\">1<\/td>\n<td width=\"38%\">Ponedeljek , 7.ura<\/td>\n<td width=\"17%\">Matija Ba\u010dnik<\/td>\n<\/tr>\n<tr>\n<td width=\"26%\">Filozofija za otroke 2 \u2013 eti\u010dna raziskovanja<\/td>\n<td width=\"9%\">35<\/td>\n<td width=\"7%\">1<\/td>\n<td width=\"38%\">Torek, 7. ura<\/td>\n<td width=\"17%\">Matija Ba\u010dnik<\/td>\n<\/tr>\n<tr>\n<td width=\"26%\">\u0160olsko novinarstvo<\/td>\n<td width=\"9%\">35<\/td>\n<td width=\"7%\">1<\/td>\n<td width=\"38%\">Sreda, 7 ura<\/td>\n<td width=\"17%\">Matija Ba\u010dnik<\/td>\n<\/tr>\n<tr>\n<td width=\"26%\">Izbrani \u0161port \u2013 odbojka<\/td>\n<td width=\"9%\">35\/32<\/td>\n<td width=\"7%\">2<\/td>\n<td width=\"38%\">torek (1. skupina &#8211; parni tedni, 2. skupina &#8211; neparni tedni)<\/td>\n<td width=\"17%\">Andreja Kolander<\/td>\n<\/tr>\n<tr>\n<td width=\"26%\">\u0160port za sprostitev 1<\/td>\n<td width=\"9%\">35\/32<\/td>\n<td width=\"7%\">1<\/td>\n<td width=\"38%\">Sreda, 8. in 9. ura (neparni tedni)<\/td>\n<td width=\"17%\">Marjetka Klep<\/td>\n<\/tr>\n<tr>\n<td width=\"26%\">\u0160port za sprostitev 2<\/td>\n<td width=\"9%\">35\/32<\/td>\n<td width=\"7%\">1<\/td>\n<td width=\"38%\">Sreda, 8. in 9. ura (neparni tedni)<\/td>\n<td width=\"17%\">Marko Borko<\/td>\n<\/tr>\n<tr>\n<td width=\"26%\">Izbrani \u0161port&nbsp; &#8211; nogomet<\/td>\n<td width=\"9%\">35\/32<\/td>\n<td width=\"7%\">1<\/td>\n<td width=\"38%\">Petek, 8. in 9. ura (neparni tedni)<\/td>\n<td width=\"17%\">Marko Borko<\/td>\n<\/tr>\n<tr>\n<td width=\"26%\">Likovno snovanje 1, 2, 3<\/td>\n<td width=\"9%\">35\/32<\/td>\n<td width=\"7%\">4 (ali 5)<\/td>\n<td width=\"38%\">Torek, \u010detrtek 7., 8. ter 9. ura<\/td>\n<td width=\"17%\">Valerija G\u00f6nter<\/td>\n<\/tr>\n<tr>\n<td width=\"26%\">Nem\u0161\u010dina 1, 2, 3&nbsp;&nbsp;<\/td>\n<td width=\"9%\">70\/64<\/td>\n<td width=\"7%\">3<\/td>\n<td width=\"38%\">7. r. ponedeljek 7. in sreda 1. ura<\/p>\n<p>8. r., sreda 7. in petek, 1. ura<\/p>\n<p>9. r., ponedeljek in \u010detrtek, 1. ura<\/td>\n<td width=\"17%\">Ines Pe\u010dnik<\/td>\n<\/tr>\n<tr>\n<td width=\"26%\">Rastline in \u010dlovek<\/td>\n<td width=\"9%\">35<\/td>\n<td width=\"7%\">1<\/td>\n<td width=\"38%\">Ponedeljek, 1.ura<\/td>\n<td width=\"17%\">Karina Ladinek<\/td>\n<\/tr>\n<tr>\n<td width=\"26%\">Organizmi v naravi in umetnem okolju<\/td>\n<td width=\"9%\">35<\/td>\n<td width=\"7%\">1<\/td>\n<td width=\"38%\">\u010cetrtek, 1.ura<\/td>\n<td width=\"17%\">Karina Ladinek<\/td>\n<\/tr>\n<tr>\n<td width=\"26%\">Sodobna priprava hrane<\/td>\n<td width=\"9%\">35<\/td>\n<td width=\"7%\">1<\/td>\n<td width=\"38%\">\u010cetrtek, 8. in 9. ura, lihi teden \u2013 SPH<\/td>\n<td width=\"17%\">Maja Lukovi\u0107<\/td>\n<\/tr>\n<tr>\n<td width=\"26%\">\u0160port za zdravje<\/td>\n<td width=\"9%\">35\/32<\/td>\n<td width=\"7%\">1<\/td>\n<td width=\"38%\">Torek. 8. in 9. uro \u2013&nbsp; neparni tedni<\/td>\n<td width=\"17%\">Miro Kalezi\u010d<\/td>\n<\/tr>\n<tr>\n<td width=\"26%\">Vzgoja za medije \u2013 radio<\/td>\n<td width=\"9%\">35<\/td>\n<td width=\"7%\">1<\/td>\n<td width=\"38%\">Torek, &nbsp;7. in 8. ura, prvo polletje<\/td>\n<td width=\"17%\">Ines Pe\u010dnik<\/td>\n<\/tr>\n<tr>\n<td width=\"26%\">\u0160ahovske osnove<\/td>\n<td width=\"9%\">35\/32<\/td>\n<td width=\"7%\">1<\/td>\n<td width=\"38%\">Ponedeljek 8. ura<\/td>\n<td width=\"17%\">Rok Ti\u0161ler<\/td>\n<\/tr>\n<tr>\n<td width=\"26%\">\u0160ahovske strategije<\/td>\n<td width=\"9%\">35\/32<\/td>\n<td width=\"7%\">1<\/td>\n<td width=\"38%\">Sreda, 1. ura<\/td>\n<td width=\"17%\">Rok Ti\u0161ler<\/td>\n<\/tr>\n<tr>\n<td width=\"26%\">Vzgoja za medije \u2013 televizija<\/td>\n<td width=\"9%\">32<\/td>\n<td width=\"7%\">1<\/td>\n<td width=\"38%\">Torek, &nbsp;7. in 8. ura, drugo polletje<\/td>\n<td width=\"17%\">Ines Pe\u010dnik<\/td>\n<\/tr>\n<tr>\n<td width=\"26%\">Gledali\u0161ki klub<\/td>\n<td width=\"9%\">35<\/td>\n<td width=\"7%\">1<\/td>\n<td width=\"38%\">Petek, 1. ura<\/td>\n<td width=\"17%\">Janja Dra\u0161kovi\u010d<\/td>\n<\/tr>\n<\/tbody>\n<\/table>\n<p>&nbsp;<\/p>\n<p>&nbsp;<\/p>\n<p>&nbsp;<\/p>\n","protected":false},"excerpt":{"rendered":"<p>OBVEZNI IZBIRNI PREDMET \u0160t. ur \u0160t. sk. Urnik U\u010ditelj Filmska vzgoja 1 35 1 Sreda, 1.ura Matija Ba\u010dnik Filmska vzgoja 2 35 2 Ponedeljek in torek, 1 ura Matija Ba\u010dnik Filmska vzgoja 3 32 1 Petek, 1.ura Matija Ba\u010dnik Filozofija za otroke 3 \u2013 Jaz in drugi 32 1 Ponedeljek&#46;&#46;&#46;<\/p>\n","protected":false},"author":2448,"featured_media":0,"parent":0,"menu_order":0,"comment_status":"open","ping_status":"open","template":"","meta":{"ngg_post_thumbnail":0,"footnotes":"","_expiration-date-status":"","_expiration-date":0,"_expiration-date-type":"","_expiration-date-categories":[],"_expiration-date-options":[]},"class_list":["post-92","page","type-page","status-publish","hentry"],"_links":{"self":[{"href":"https:\/\/www.sola-miklavz.si\/index.php?rest_route=\/wp\/v2\/pages\/92","targetHints":{"allow":["GET"]}}],"collection":[{"href":"https:\/\/www.sola-miklavz.si\/index.php?rest_route=\/wp\/v2\/pages"}],"about":[{"href":"https:\/\/www.sola-miklavz.si\/index.php?rest_route=\/wp\/v2\/types\/page"}],"author":[{"embeddable":true,"href":"https:\/\/www.sola-miklavz.si\/index.php?rest_route=\/wp\/v2\/users\/2448"}],"replies":[{"embeddable":true,"href":"https:\/\/www.sola-miklavz.si\/index.php?rest_route=%2Fwp%2Fv2%2Fcomments&post=92"}],"version-history":[{"count":18,"href":"https:\/\/www.sola-miklavz.si\/index.php?rest_route=\/wp\/v2\/pages\/92\/revisions"}],"predecessor-version":[{"id":31428,"href":"https:\/\/www.sola-miklavz.si\/index.php?rest_route=\/wp\/v2\/pages\/92\/revisions\/31428"}],"wp:attachment":[{"href":"https:\/\/www.sola-miklavz.si\/index.php?rest_route=%2Fwp%2Fv2%2Fmedia&parent=92"}],"curies":[{"name":"wp","href":"https:\/\/api.w.org\/{rel}","templated":true}]}}