{"id":75,"date":"2015-03-30T08:59:13","date_gmt":"2015-03-30T07:59:13","guid":{"rendered":"http:\/\/solamiklavz.splet.arnes.si\/?page_id=75"},"modified":"2025-10-21T11:25:40","modified_gmt":"2025-10-21T09:25:40","slug":"svet-zavoda","status":"publish","type":"page","link":"https:\/\/www.sola-miklavz.si\/?page_id=75","title":{"rendered":"Svet zavoda"},"content":{"rendered":"<div class=\"article-content\">\n<p>\u010clani Sveta zavoda so imenovani oz. izvoljeni za \u0161tiri leta in so lahko ponovno imenovani oz. imenovani najve\u010d dvakrat zaporedoma. Mandat star\u0161ev je povezan s statusom u\u010denca v \u0161oli. Svet zavoda odlo\u010da z ve\u010dino glasov vseh \u010dlanov.<\/p>\n<p>Svet zavoda sestavljajo:<\/p>\n<ul>\n<li>3 predstavniki ustanovitelja,<\/li>\n<li>5 predstavnikov zavoda in<\/li>\n<li>3 predstavniki star\u0161ev.<\/li>\n<\/ul>\n<p>Predsednica Sveta zavoda je Darja Majheni\u010d, namestnik predsednice pa Darko Smiljan.<\/p>\n<p>Pristojnosti Sveta zavoda obravnava 48. \u010dlen Zakona o organizaciji in financiranju vzgoje in izobra\u017eevanja (ZOFVI).<\/p>\n<p>Svet zavoda obravnava:<\/p>\n<ul>\n<li>vsa pomembna vpra\u0161anja glede pedago\u0161kega procesa na \u0161oli,<\/li>\n<li>usmerja materialno poslovanje \u0161ole,<\/li>\n<li>sprejema Letni delovni na\u010drt,<\/li>\n<li>sprejema Zaklju\u010dno poro\u010dilo,<\/li>\n<li>sprejema Poslovno poro\u010dilo,<\/li>\n<li>opravlja druge naloge, v skladu z zakonskimi predpisi in statutom \u0161ol.<\/li>\n<\/ul>\n<p>&nbsp;<\/p>\n<p>NA\u010cRT SESTANKOV SVETA ZAVODA V \u0160OLSKEM LETU 2025\/2026:<\/p>\n<ul>\n<li>8. 10. 2025, ob 17. 00<\/li>\n<li>19. 2. 2026, ob 17. 00<\/li>\n<li>10. 6. 2026, ob 17. 00<\/li>\n<\/ul>\n<\/div>\n<p>&nbsp;<\/p>\n<p>POSLOVNIK SVETA ZAVODA:<\/p>\n<div class=\"article-content\">\n<ul>\n<li><a href=\"http:\/\/solamiklavz.splet.arnes.si\/files\/2015\/03\/poslovnik-potrjen-20.09.2018-1.pdf\" target=\"_blank\" rel=\"noopener noreferrer\">Poslovnik sveta zavoda<\/a><\/li>\n<\/ul>\n<\/div>\n","protected":false},"excerpt":{"rendered":"<p>\u010clani Sveta zavoda so imenovani oz. izvoljeni za \u0161tiri leta in so lahko ponovno imenovani oz. imenovani najve\u010d dvakrat zaporedoma. Mandat star\u0161ev je povezan s statusom u\u010denca v \u0161oli. Svet zavoda odlo\u010da z ve\u010dino glasov vseh \u010dlanov. Svet zavoda sestavljajo: 3 predstavniki ustanovitelja, 5 predstavnikov zavoda in 3 predstavniki star\u0161ev.&#46;&#46;&#46;<\/p>\n","protected":false},"author":2448,"featured_media":0,"parent":0,"menu_order":0,"comment_status":"open","ping_status":"open","template":"","meta":{"ngg_post_thumbnail":0,"footnotes":"","_expiration-date-status":"","_expiration-date":0,"_expiration-date-type":"","_expiration-date-categories":[],"_expiration-date-options":[]},"class_list":["post-75","page","type-page","status-publish","hentry"],"_links":{"self":[{"href":"https:\/\/www.sola-miklavz.si\/index.php?rest_route=\/wp\/v2\/pages\/75","targetHints":{"allow":["GET"]}}],"collection":[{"href":"https:\/\/www.sola-miklavz.si\/index.php?rest_route=\/wp\/v2\/pages"}],"about":[{"href":"https:\/\/www.sola-miklavz.si\/index.php?rest_route=\/wp\/v2\/types\/page"}],"author":[{"embeddable":true,"href":"https:\/\/www.sola-miklavz.si\/index.php?rest_route=\/wp\/v2\/users\/2448"}],"replies":[{"embeddable":true,"href":"https:\/\/www.sola-miklavz.si\/index.php?rest_route=%2Fwp%2Fv2%2Fcomments&post=75"}],"version-history":[{"count":17,"href":"https:\/\/www.sola-miklavz.si\/index.php?rest_route=\/wp\/v2\/pages\/75\/revisions"}],"predecessor-version":[{"id":32058,"href":"https:\/\/www.sola-miklavz.si\/index.php?rest_route=\/wp\/v2\/pages\/75\/revisions\/32058"}],"wp:attachment":[{"href":"https:\/\/www.sola-miklavz.si\/index.php?rest_route=%2Fwp%2Fv2%2Fmedia&parent=75"}],"curies":[{"name":"wp","href":"https:\/\/api.w.org\/{rel}","templated":true}]}}