{"id":67,"date":"2015-03-30T08:58:20","date_gmt":"2015-03-30T07:58:20","guid":{"rendered":"http:\/\/solamiklavz.splet.arnes.si\/?page_id=67"},"modified":"2025-10-14T17:02:28","modified_gmt":"2025-10-14T15:02:28","slug":"starsevski-veceri","status":"publish","type":"page","link":"https:\/\/www.sola-miklavz.si\/?page_id=67","title":{"rendered":"Star\u0161evski ve\u010deri"},"content":{"rendered":"<p>Da bi se vezi med \u0161olo in star\u0161i \u0161e poglobile, bomo pripravili tudi star\u0161evski ve\u010der z aktualnimi u\u010dno-vzgojnimi vsebinami, ki jih bodo predstavili zunanji sodelavci:<\/p>\n<ul>\n<li>20. 11. 2025: Otrok in zasloni, izvajalka Ur\u0161ka Aram<\/li>\n<\/ul>\n<p>&nbsp;<\/p>\n","protected":false},"excerpt":{"rendered":"<p>Da bi se vezi med \u0161olo in star\u0161i \u0161e poglobile, bomo pripravili tudi star\u0161evski ve\u010der z aktualnimi u\u010dno-vzgojnimi vsebinami, ki jih bodo predstavili zunanji sodelavci: 20. 11. 2025: Otrok in zasloni, izvajalka Ur\u0161ka Aram &nbsp;<\/p>\n","protected":false},"author":2448,"featured_media":0,"parent":0,"menu_order":0,"comment_status":"open","ping_status":"open","template":"","meta":{"ngg_post_thumbnail":0,"footnotes":"","_expiration-date-status":"","_expiration-date":0,"_expiration-date-type":"","_expiration-date-categories":[],"_expiration-date-options":[]},"class_list":["post-67","page","type-page","status-publish","hentry"],"_links":{"self":[{"href":"https:\/\/www.sola-miklavz.si\/index.php?rest_route=\/wp\/v2\/pages\/67","targetHints":{"allow":["GET"]}}],"collection":[{"href":"https:\/\/www.sola-miklavz.si\/index.php?rest_route=\/wp\/v2\/pages"}],"about":[{"href":"https:\/\/www.sola-miklavz.si\/index.php?rest_route=\/wp\/v2\/types\/page"}],"author":[{"embeddable":true,"href":"https:\/\/www.sola-miklavz.si\/index.php?rest_route=\/wp\/v2\/users\/2448"}],"replies":[{"embeddable":true,"href":"https:\/\/www.sola-miklavz.si\/index.php?rest_route=%2Fwp%2Fv2%2Fcomments&post=67"}],"version-history":[{"count":15,"href":"https:\/\/www.sola-miklavz.si\/index.php?rest_route=\/wp\/v2\/pages\/67\/revisions"}],"predecessor-version":[{"id":31434,"href":"https:\/\/www.sola-miklavz.si\/index.php?rest_route=\/wp\/v2\/pages\/67\/revisions\/31434"}],"wp:attachment":[{"href":"https:\/\/www.sola-miklavz.si\/index.php?rest_route=%2Fwp%2Fv2%2Fmedia&parent=67"}],"curies":[{"name":"wp","href":"https:\/\/api.w.org\/{rel}","templated":true}]}}