{"id":65,"date":"2015-03-30T08:58:07","date_gmt":"2015-03-30T07:58:07","guid":{"rendered":"http:\/\/solamiklavz.splet.arnes.si\/?page_id=65"},"modified":"2025-11-24T10:50:30","modified_gmt":"2025-11-24T09:50:30","slug":"invidualne-pogovorne-ure","status":"publish","type":"page","link":"https:\/\/www.sola-miklavz.si\/?page_id=65","title":{"rendered":"Invidualne pogovorne ure"},"content":{"rendered":"<p>Individualne pogovorne ure strokovnih delavcev potekajo v dopoldanskem \u010dasu, star\u0161i se za udele\u017ebo ob dolo\u010denem terminu z u\u010diteljem predhodno dogovorijo po telefonu ali preko e-po\u0161te.<\/p>\n<p>&nbsp;<\/p>\n<p><strong>Urnik individualnih pogovornih ur za star\u0161e <\/strong>\u2013<strong> predmetni u\u010ditelji<\/strong><\/p>\n<table style=\"width: 100%\" width=\"100%\">\n<tbody>\n<tr style=\"height: 24px\">\n<td style=\"width: 133px;height: 24px\" width=\"151\"><strong>U\u010ditelj<\/strong><\/td>\n<td style=\"width: 82px;height: 24px\" width=\"76\"><strong>Dan<\/strong><\/td>\n<td style=\"width: 98px;height: 24px\" width=\"113\"><strong>Ura<\/strong><\/td>\n<td style=\"width: 132px;height: 24px\" width=\"142\"><strong>U\u010ditelj<\/strong><\/td>\n<td style=\"width: 82px;height: 24px\" width=\"76\"><strong>Dan<\/strong><\/td>\n<td style=\"width: 108px;height: 24px\" width=\"93\"><strong>Ura<\/strong><\/td>\n<\/tr>\n<tr style=\"height: 24px\">\n<td style=\"width: 133px;height: 24px\" width=\"151\">Ines Pe\u010dnik<\/td>\n<td style=\"width: 82px;height: 24px\" width=\"76\">Petek<\/td>\n<td style=\"width: 98px;height: 24px\" width=\"113\">8.20 \u2013 9.05<\/td>\n<td style=\"width: 132px;height: 24px\" width=\"142\">Katja Zobec<\/td>\n<td style=\"width: 82px;height: 24px\" width=\"76\">petek<\/td>\n<td style=\"width: 108px;height: 24px\" width=\"93\">7.30 -8.15<\/td>\n<\/tr>\n<tr style=\"height: 24px\">\n<td style=\"width: 133px;height: 24px\" width=\"151\">dr. Ana Koritnik<\/td>\n<td style=\"width: 82px;height: 24px\" width=\"76\">Torek<\/td>\n<td style=\"width: 98px;height: 24px\" width=\"113\">8.20\u201309.05<\/td>\n<td style=\"width: 132px;height: 24px\" width=\"142\">Miroslav Kalezi\u010d<\/td>\n<td style=\"width: 82px;height: 24px\" width=\"76\">Petek<\/td>\n<td style=\"width: 108px;height: 24px\" width=\"93\">8.20 &#8211; 9.05<\/td>\n<\/tr>\n<tr style=\"height: 24px\">\n<td style=\"width: 133px;height: 24px\" width=\"151\">\u0160pela Mesari\u010d<\/td>\n<td style=\"width: 82px;height: 24px\" width=\"76\">Torek<\/td>\n<td style=\"width: 98px;height: 24px\" width=\"113\">8.20 -9.10<\/td>\n<td style=\"width: 132px;height: 24px\" width=\"142\">Rok Ozmec<\/td>\n<td style=\"width: 82px;height: 24px\" width=\"76\">Petek<\/td>\n<td style=\"width: 108px;height: 24px\" width=\"93\">10.30\u201311.15<\/td>\n<\/tr>\n<tr style=\"height: 24px\">\n<td style=\"width: 133px;height: 24px\" width=\"151\">Jasna Zamuda<\/td>\n<td style=\"width: 82px;height: 24px\" width=\"76\">Sreda<\/td>\n<td style=\"width: 98px;height: 24px\" width=\"113\">9.10\u20139.55<\/td>\n<td style=\"width: 132px;height: 24px\" width=\"142\">Leandra Mernik<\/td>\n<td style=\"width: 82px;height: 24px\" width=\"76\">Torek<\/td>\n<td style=\"width: 108px;height: 24px\" width=\"93\">8.20 \u2013 9.05<\/td>\n<\/tr>\n<tr style=\"height: 24px\">\n<td style=\"width: 133px;height: 24px\" width=\"151\">Lilijana Zduni\u010d<\/td>\n<td style=\"width: 82px;height: 24px\" width=\"76\">Torek<\/td>\n<td style=\"width: 98px;height: 24px\" width=\"113\">8.20 &#8211; 9.05<\/td>\n<td style=\"width: 132px;height: 24px\" width=\"142\">Karina Ladinek<\/td>\n<td style=\"width: 82px;height: 24px\" width=\"76\">Petek<\/td>\n<td style=\"width: 108px;height: 24px\" width=\"93\">12.10-12.55<\/td>\n<\/tr>\n<tr style=\"height: 48px\">\n<td style=\"width: 133px;height: 48px\" width=\"151\">Rok Ti\u0161ler<\/td>\n<td style=\"width: 82px;height: 48px\" width=\"76\">Ponedeljek<\/td>\n<td style=\"width: 98px;height: 48px\" width=\"113\">13.00 \u2013 13.45<\/td>\n<td style=\"width: 132px;height: 48px\" width=\"142\">Nu\u0161a Vajs<\/td>\n<td style=\"width: 82px;height: 48px\" width=\"76\">ponedeljek<\/td>\n<td style=\"width: 108px;height: 48px\" width=\"93\">11.20- 12.05<\/td>\n<\/tr>\n<tr style=\"height: 48px\">\n<td style=\"width: 133px;height: 48px\" width=\"151\">Matija Ba\u010dnik<\/td>\n<td style=\"width: 82px;height: 48px\" width=\"76\">Ponedeljek<\/td>\n<td style=\"width: 98px;height: 48px\" width=\"113\">12.10 \u2013 12.55<\/td>\n<td style=\"width: 132px;height: 48px\" width=\"142\">Branka \u010cak\u0161<\/td>\n<td style=\"width: 82px;height: 48px\" width=\"76\">Petek<\/td>\n<td style=\"width: 108px;height: 48px\" width=\"93\">10.30 \u2013 11.15<\/td>\n<\/tr>\n<tr style=\"height: 24px\">\n<td style=\"width: 133px;height: 24px\" width=\"151\">Valerija G\u00f6nter<\/td>\n<td style=\"width: 82px;height: 24px\" width=\"76\">Ponedeljek<\/td>\n<td style=\"width: 98px;height: 24px\" width=\"113\">9.10 \u2013 9.55<\/td>\n<td style=\"width: 132px;height: 24px\" width=\"142\">Nina Adam<\/td>\n<td style=\"width: 82px;height: 24px\" width=\"76\">Petek<\/td>\n<td style=\"width: 108px;height: 24px\" width=\"93\">10.30\u201311.15<\/td>\n<\/tr>\n<tr style=\"height: 24px\">\n<td style=\"width: 133px;height: 24px\" width=\"151\">Janja Dra\u0161kovi\u010d<\/td>\n<td style=\"width: 82px;height: 24px\" width=\"76\">Ponedeljek<\/td>\n<td style=\"width: 98px;height: 24px\" width=\"113\">7.30\u20138.15<\/td>\n<td style=\"width: 132px;height: 24px\" width=\"142\">Marjetka Klep<\/td>\n<td style=\"width: 82px;height: 24px\" width=\"76\">Ponedeljek<\/td>\n<td style=\"width: 108px;height: 24px\" width=\"93\">12.10\u201312.55<\/td>\n<\/tr>\n<tr style=\"height: 24px\">\n<td style=\"width: 133px;height: 24px\" width=\"151\">Jyoti J\u00f6bstl<\/td>\n<td style=\"width: 82px;height: 24px\" width=\"76\">Torek<\/td>\n<td style=\"width: 98px;height: 24px\" width=\"113\">7.30\u20138.15<\/td>\n<td style=\"width: 132px;height: 24px\" width=\"142\">Marko Borko<\/td>\n<td style=\"width: 82px;height: 24px\" width=\"76\">Petek<\/td>\n<td style=\"width: 108px;height: 24px\" width=\"93\">08.20 \u2013 09.05<\/td>\n<\/tr>\n<tr style=\"height: 48px\">\n<td style=\"width: 133px;height: 48px\" width=\"151\">Andreja Kolander<\/td>\n<td style=\"width: 82px;height: 48px\" width=\"76\">\u010cetrtek<\/td>\n<td style=\"width: 98px;height: 48px\" width=\"113\">10.30 \u2013 11.15<\/td>\n<td style=\"width: 132px;height: 48px\" width=\"142\">Maja Lukovi\u0107<\/td>\n<td style=\"width: 82px;height: 48px\" width=\"76\">Torek<\/td>\n<td style=\"width: 108px;height: 48px\" width=\"93\">08.20 \u2013 09.05<\/td>\n<\/tr>\n<tr style=\"height: 48px\">\n<td style=\"width: 133px;height: 48px\" width=\"151\">Leonida Gavez \u0160erbinek<\/td>\n<td style=\"width: 82px;height: 48px\" width=\"76\">Torek<\/td>\n<td style=\"width: 98px;height: 48px\" width=\"113\">8.20 &#8211; 9.05<\/td>\n<td style=\"width: 132px;height: 48px\" width=\"151\">Ines \u017darki<\/td>\n<td style=\"width: 82px;height: 48px\" width=\"76\">Ponedeljek<\/td>\n<td style=\"width: 108px;height: 48px\" width=\"113\">9.10 \u2013 9.55<\/td>\n<\/tr>\n<tr style=\"height: 24px\">\n<td style=\"width: 133px;height: 24px\" width=\"151\">Jasmina Karaka\u0161<\/td>\n<td style=\"width: 82px;height: 24px\" width=\"76\">Sreda<\/td>\n<td style=\"width: 98px;height: 24px\" width=\"113\">7.30 \u2013 8.15<\/td>\n<td style=\"width: 132px;height: 24px\" width=\"151\">Bojana Pauman<\/td>\n<td style=\"width: 82px;height: 24px\" width=\"76\">Sreda<\/td>\n<td style=\"width: 108px;height: 24px\" width=\"113\">7.30\u20138.15<\/td>\n<\/tr>\n<\/tbody>\n<\/table>\n<p><strong>Urnik individualnih pogovornih ur za star\u0161e \u2013 razredni u\u010ditelji (Miklav\u017e)<\/strong><\/p>\n<table width=\"652\">\n<tbody>\n<tr>\n<td width=\"123\"><strong>U\u010ditelj<\/strong><\/td>\n<td width=\"95\"><strong>Dan<\/strong><\/td>\n<td width=\"109\"><strong>Ura<\/strong><\/td>\n<td width=\"146\"><strong>U\u010ditelj<\/strong><\/td>\n<td width=\"85\"><strong>Dan<\/strong><\/td>\n<td width=\"94\"><strong>Ura<\/strong><\/td>\n<\/tr>\n<tr>\n<td width=\"123\">Edita Gra\u0161i\u010d<\/td>\n<td width=\"95\">Torek<\/td>\n<td width=\"109\">09.10 &#8211; 09.55<\/td>\n<td width=\"146\">Simona \u017ditnik<\/td>\n<td width=\"85\">Torek<\/td>\n<td width=\"94\">11.20\u201312.05<\/td>\n<\/tr>\n<tr>\n<td width=\"123\">Barbara Ajdinovi\u0107<\/td>\n<td width=\"95\">Torek<\/td>\n<td width=\"109\">7.30-8.15<\/td>\n<td width=\"146\">Darja Majheni\u010d<\/td>\n<td width=\"85\">ponedeljek<\/td>\n<td width=\"94\">10.30-11.15<\/td>\n<\/tr>\n<tr>\n<td width=\"123\">Ksenija Deti\u010dek<\/td>\n<td width=\"95\">Petek<\/td>\n<td width=\"109\">10.30-11.15<\/td>\n<td width=\"146\">Ana \u0160oba<\/td>\n<td width=\"85\">\u010cetrtek<\/td>\n<td width=\"94\">08.20-09.05<\/td>\n<\/tr>\n<tr>\n<td width=\"123\">Simona Kocbek<\/td>\n<td width=\"95\">Torek<\/td>\n<td width=\"109\">13.00 &#8211; 13.45<\/td>\n<td width=\"146\">Zdenka Ro\u0161kari\u010d Duh<\/td>\n<td width=\"85\">Torek<\/td>\n<td width=\"94\">7.30\u20138.15<\/td>\n<\/tr>\n<tr>\n<td width=\"123\">Sa\u0161a Stankovi\u0107<\/td>\n<td width=\"95\">Ponedeljek<\/td>\n<td width=\"109\">8.20 &#8211; 9.05<\/td>\n<td width=\"146\">Andreja Rinc Uro\u0161evi\u0107<\/td>\n<td width=\"85\">Ponedeljek<\/td>\n<td width=\"94\">13.00\u201313.45<\/td>\n<\/tr>\n<tr>\n<td width=\"123\">Manuela Valant<\/td>\n<td width=\"95\">Torek<\/td>\n<td width=\"109\">10.30-11.15<\/td>\n<td width=\"146\">Nata\u0161a Bukov\u0161ek Kosi<\/td>\n<td width=\"85\">Sreda<\/td>\n<td width=\"94\">7.30 \u2013 8.15<\/td>\n<\/tr>\n<tr>\n<td width=\"123\">&nbsp;<\/td>\n<td width=\"95\">&nbsp;<\/td>\n<td width=\"109\">&nbsp;<\/td>\n<td width=\"146\">Janja \u0160trucl<\/td>\n<td width=\"85\">Sreda<\/td>\n<td width=\"94\">7.30 \u2013 8.15<\/td>\n<\/tr>\n<\/tbody>\n<\/table>\n<p><strong>Urnik individualnih pogovornih ur za star\u0161e <\/strong>\u2013<strong> razredni u\u010ditelji (podru\u017enica Dobrovce)<\/strong><\/p>\n<table width=\"652\">\n<tbody>\n<tr>\n<td width=\"123\"><strong>U\u010ditelj<\/strong><\/td>\n<td width=\"95\"><strong>Dan<\/strong><\/td>\n<td width=\"132\"><strong>Ura<\/strong><\/td>\n<td width=\"113\"><strong>U\u010ditelj<\/strong><\/td>\n<td width=\"80\"><strong>Dan<\/strong><\/td>\n<td width=\"109\"><strong>Ura<\/strong><\/td>\n<\/tr>\n<tr>\n<td width=\"123\">Jerneja Malec<\/td>\n<td width=\"95\">ponedeljek<\/td>\n<td width=\"132\">11.20 \u2013 12.05<\/td>\n<td width=\"113\">Darja Nerat<\/td>\n<td width=\"80\">\u010detrtek<\/td>\n<td width=\"109\">8.20 &#8211; 9.05<\/td>\n<\/tr>\n<tr>\n<td width=\"123\">Irena Kos<\/td>\n<td width=\"95\">sreda<\/td>\n<td width=\"132\">08.20 \u2013 9.05<\/td>\n<td width=\"113\">Alenka Primec<\/td>\n<td width=\"80\">ponedeljek<\/td>\n<td width=\"109\">10.30\u201311.15<\/td>\n<\/tr>\n<tr>\n<td width=\"123\">&nbsp;<\/td>\n<td width=\"95\">&nbsp;<\/td>\n<td width=\"132\">&nbsp;<\/td>\n<td width=\"113\">Du\u0161anka Kop\u0161e<\/td>\n<td width=\"80\">torek<\/td>\n<td width=\"109\">13.00 \u2013 13.45<\/td>\n<\/tr>\n<\/tbody>\n<\/table>\n<p><strong>Urnik individualnih pogovornih ur za star\u0161e <\/strong>\u2013<strong> u\u010ditelji v RAP<\/strong><\/p>\n<table width=\"652\">\n<tbody>\n<tr>\n<td width=\"109\"><strong>U\u010ditelj<\/strong><\/td>\n<td width=\"109\"><strong>Dan<\/strong><\/td>\n<td width=\"109\"><strong>Ura<\/strong><\/td>\n<td width=\"109\"><strong>U\u010ditelj<\/strong><\/td>\n<td width=\"109\"><strong>Dan<\/strong><\/td>\n<td width=\"109\"><strong>Ura<\/strong><\/td>\n<\/tr>\n<tr>\n<td width=\"109\">Karina Ladinek<\/td>\n<td width=\"109\">Petek<\/td>\n<td width=\"109\">12.10\u201312.55<\/td>\n<td width=\"109\">Marija Petko<\/td>\n<td width=\"109\">Ponedeljek<\/td>\n<td width=\"109\">10.30 \u2013 11.15<\/td>\n<\/tr>\n<tr>\n<td width=\"109\">Ines Pe\u010dnik<\/td>\n<td width=\"109\">Petek<\/td>\n<td width=\"109\">8.20 \u2013 9.05<\/td>\n<td width=\"109\">Petra Kra\u0161na<\/td>\n<td width=\"109\">Ponedeljek<\/td>\n<td width=\"109\">8.20-9.05<\/td>\n<\/tr>\n<tr>\n<td width=\"109\">Matija Ba\u010dnik<\/td>\n<td width=\"109\">Ponedeljek<\/td>\n<td width=\"109\">12.10 \u2013 12.55<\/td>\n<td width=\"109\">Maru\u0161ka Peni\u010d<\/td>\n<td width=\"109\">\u010detrtek<\/td>\n<td width=\"109\">8.20-9.05<\/td>\n<\/tr>\n<tr>\n<td width=\"109\">Asja Ertl<\/td>\n<td width=\"109\">Torek<\/td>\n<td width=\"109\">8.20 \u2013 9.05<\/td>\n<td width=\"109\">Sonja Fegu\u0161<\/td>\n<td width=\"109\">Ponedeljek<\/td>\n<td width=\"109\">11.20 \u2013 12.05<\/td>\n<\/tr>\n<tr>\n<td width=\"109\">Laketi\u0107 Sandra<\/td>\n<td width=\"109\">Ponedeljek<\/td>\n<td width=\"109\">10.30 -11.15<\/td>\n<td width=\"109\">Nastja Sep<\/td>\n<td width=\"109\">Torek<\/td>\n<td width=\"109\">11.20 \u2013 12.05<\/td>\n<\/tr>\n<tr>\n<td width=\"109\">Leja Miljan\u010di\u0107<\/td>\n<td width=\"109\">\u010cetrtek<\/td>\n<td width=\"109\">11.20-12.05<\/td>\n<td width=\"109\">Tadej Bogovi\u010d<\/td>\n<td width=\"109\">Ponedeljek<\/td>\n<td width=\"109\">8.20 \u2013 9.05<\/td>\n<\/tr>\n<tr>\n<td width=\"109\">Marjetka Klep<\/td>\n<td width=\"109\">Ponedeljek<\/td>\n<td width=\"109\">12.10-12.55<\/td>\n<td width=\"109\">Marko Borko<\/td>\n<td width=\"109\">Petek<\/td>\n<td width=\"109\">08.20 \u2013 09.05<\/td>\n<\/tr>\n<tr>\n<td width=\"109\">Ines \u017darki<\/td>\n<td width=\"109\">Ponedeljek<\/td>\n<td width=\"109\">9.10 \u2013 9.55<\/td>\n<td width=\"109\">Dolora Klasinc<\/td>\n<td width=\"109\">\u010detrtek<\/td>\n<td width=\"109\">9.10-9.55<\/td>\n<\/tr>\n<tr>\n<td width=\"109\">Lana Novak<\/td>\n<td width=\"109\">\u010cetrtek<\/td>\n<td width=\"109\">12:10 \u2013 12:55<\/td>\n<td width=\"109\">Miro Kalezi\u010d<\/td>\n<td width=\"109\">Petek<\/td>\n<td width=\"109\">8.20 \u2013 9.05<\/td>\n<\/tr>\n<tr>\n<td width=\"109\">Barbara Mikli\u010d Gregorec<\/td>\n<td width=\"109\">Torek<\/td>\n<td width=\"109\">12:10-12:55<\/td>\n<td width=\"109\">Mojca \u0160legl Ekart<\/td>\n<td width=\"109\">Ponedeljek<\/td>\n<td width=\"109\">12.00 \u2013 12.45<\/td>\n<\/tr>\n<\/tbody>\n<\/table>\n","protected":false},"excerpt":{"rendered":"<p>Individualne pogovorne ure strokovnih delavcev potekajo v dopoldanskem \u010dasu, star\u0161i se za udele\u017ebo ob dolo\u010denem terminu z u\u010diteljem predhodno dogovorijo po telefonu ali preko e-po\u0161te. &nbsp; Urnik individualnih pogovornih ur za star\u0161e \u2013 predmetni u\u010ditelji U\u010ditelj Dan Ura U\u010ditelj Dan Ura Ines Pe\u010dnik Petek 8.20 \u2013 9.05 Katja Zobec petek&#46;&#46;&#46;<\/p>\n","protected":false},"author":2448,"featured_media":0,"parent":0,"menu_order":0,"comment_status":"open","ping_status":"open","template":"","meta":{"ngg_post_thumbnail":0,"footnotes":"","_expiration-date-status":"","_expiration-date":0,"_expiration-date-type":"","_expiration-date-categories":[],"_expiration-date-options":[]},"class_list":["post-65","page","type-page","status-publish","hentry"],"_links":{"self":[{"href":"https:\/\/www.sola-miklavz.si\/index.php?rest_route=\/wp\/v2\/pages\/65","targetHints":{"allow":["GET"]}}],"collection":[{"href":"https:\/\/www.sola-miklavz.si\/index.php?rest_route=\/wp\/v2\/pages"}],"about":[{"href":"https:\/\/www.sola-miklavz.si\/index.php?rest_route=\/wp\/v2\/types\/page"}],"author":[{"embeddable":true,"href":"https:\/\/www.sola-miklavz.si\/index.php?rest_route=\/wp\/v2\/users\/2448"}],"replies":[{"embeddable":true,"href":"https:\/\/www.sola-miklavz.si\/index.php?rest_route=%2Fwp%2Fv2%2Fcomments&post=65"}],"version-history":[{"count":22,"href":"https:\/\/www.sola-miklavz.si\/index.php?rest_route=\/wp\/v2\/pages\/65\/revisions"}],"predecessor-version":[{"id":32554,"href":"https:\/\/www.sola-miklavz.si\/index.php?rest_route=\/wp\/v2\/pages\/65\/revisions\/32554"}],"wp:attachment":[{"href":"https:\/\/www.sola-miklavz.si\/index.php?rest_route=%2Fwp%2Fv2%2Fmedia&parent=65"}],"curies":[{"name":"wp","href":"https:\/\/api.w.org\/{rel}","templated":true}]}}