{"id":54,"date":"2015-03-30T08:47:06","date_gmt":"2015-03-30T07:47:06","guid":{"rendered":"http:\/\/solamiklavz.splet.arnes.si\/?page_id=54"},"modified":"2025-10-14T16:44:15","modified_gmt":"2025-10-14T14:44:15","slug":"roditeljski-sestanki","status":"publish","type":"page","link":"https:\/\/www.sola-miklavz.si\/?page_id=54","title":{"rendered":"Roditeljski sestanki"},"content":{"rendered":"<p>Redno spremljanje u\u010dnega in socialnega razvoja je pomemben del na poti do otrokovega uspeha v \u0161oli. Star\u0161i si bodo pregled nad otrokovim napredovanjem lahko \u0161e izbolj\u0161ali ob redni udele\u017ebi na roditeljskih sestankih in pogovornih urah. V \u0161olskem letu 2025\/26 na\u010drtujemo 3 redne roditeljske sestanke, 1 star\u0161evski ve\u010der in 6 terminov pogovornih ur. Ob nepredvidenih situacijah, te\u017eavah ali po potrebi se star\u0161i z razrednikom oz. u\u010diteljem dogovorijo za individualno pogovorno uro v dopoldanskem \u010dasu.<\/p>\n<p><strong>Roditeljski sestanki<\/strong><\/p>\n<p>Vsebine bodo namenjene:<\/p>\n<ul>\n<li>predstavitvi letnega delovnega na\u010drta in mo\u017enosti sodelovanja pri nastajanju,<\/li>\n<li>predstavitvi pravil \u0161olskega reda in hi\u0161nega reda, razvojnega na\u010drta \u0161ola in vzgojnega na\u010drta \u0161ole,<\/li>\n<li>odgovornosti za izbolj\u0161anje u\u010dnih navad u\u010dencev,<\/li>\n<li>aktualnim u\u010dno-vzgojnim vsebinam,<\/li>\n<li>preventivnim aktivnostim,<\/li>\n<li>vpisu v srednjo \u0161olo,<\/li>\n<li>\u0161oli v naravi,<\/li>\n<li>NPZ-ju,<\/li>\n<li>evalvaciji opravljenega dela ob koncu ocenjevalnih obdobij.<\/li>\n<\/ul>\n<p><strong>Roditeljski sestanki \u2013 MIKLAV\u017d<\/strong><\/p>\n<p>1. roditeljski sestanek: od 1. do 3. razreda, 8. 9. 2025 ob 17.00<br \/>\n1. roditeljski sestanek: od 4. do 5. razreda, 8. 9. 2025 ob 17.30<\/p>\n<p>1. roditeljski sestanek: od 6. do 9. razreda, 9. 9. 2025 ob 17.00<\/p>\n<p>&#8211; dodatni roditeljski sestanek (\u0161ola v naravi): 3. r , 6.10. 2025 ob 17.00<\/p>\n<p>&#8211; dodatni roditeljski sestanek (\u0161ola v naravi): 5. r , januar 2026 ob 17.00<\/p>\n<p>2. roditeljski sestanek: od 1. do 3. razreda, 9. 2. 2026 ob 17.00<br \/>\n2. roditeljski sestanek: od 4. do 5. razreda, 9. 2. 2025 ob 17.30<\/p>\n<p>2. roditeljski sestanek: od 6. do 9. razreda, 10. 2. 2026 ob 17.00<\/p>\n<p>3. roditeljski sestanek od 2. do 19. 6. 2026<\/p>\n<p><strong>Roditeljski sestanki \u2013 DOBROVCE<\/strong><\/p>\n<p>1. roditeljski sestanek: od 1. do 5. razreda, 8. 9. 2025 ob 17.00<\/p>\n<p>&#8211; dodatni roditeljski sestanek (\u0161ola v naravi): 3. r , 6.10. 2025 ob 17.00<\/p>\n<p>&#8211; dodatni roditeljski sestanek (\u0161ola v naravi): 5. r , januar 2026 ob 17.00<\/p>\n<p>2. roditeljski sestanek: od 1. do 5. razreda, 9. 2. 2026 ob 17.00<\/p>\n<p>3. roditeljski sestanek: od 2. do 19. 6. 2026<\/p>\n<p>Da bi se vezi med \u0161olo in star\u0161i \u0161e poglobile, bomo pripravili tudi star\u0161evski ve\u010der z aktualnimi u\u010dno-vzgojnimi vsebinami, ki jih bodo predstavili zunanji sodelavci.<\/p>\n","protected":false},"excerpt":{"rendered":"<p>Redno spremljanje u\u010dnega in socialnega razvoja je pomemben del na poti do otrokovega uspeha v \u0161oli. Star\u0161i si bodo pregled nad otrokovim napredovanjem lahko \u0161e izbolj\u0161ali ob redni udele\u017ebi na roditeljskih sestankih in pogovornih urah. V \u0161olskem letu 2025\/26 na\u010drtujemo 3 redne roditeljske sestanke, 1 star\u0161evski ve\u010der in 6 terminov&#46;&#46;&#46;<\/p>\n","protected":false},"author":2448,"featured_media":0,"parent":0,"menu_order":0,"comment_status":"open","ping_status":"open","template":"","meta":{"ngg_post_thumbnail":0,"footnotes":"","_expiration-date-status":"","_expiration-date":0,"_expiration-date-type":"","_expiration-date-categories":[],"_expiration-date-options":[]},"class_list":["post-54","page","type-page","status-publish","hentry"],"_links":{"self":[{"href":"https:\/\/www.sola-miklavz.si\/index.php?rest_route=\/wp\/v2\/pages\/54","targetHints":{"allow":["GET"]}}],"collection":[{"href":"https:\/\/www.sola-miklavz.si\/index.php?rest_route=\/wp\/v2\/pages"}],"about":[{"href":"https:\/\/www.sola-miklavz.si\/index.php?rest_route=\/wp\/v2\/types\/page"}],"author":[{"embeddable":true,"href":"https:\/\/www.sola-miklavz.si\/index.php?rest_route=\/wp\/v2\/users\/2448"}],"replies":[{"embeddable":true,"href":"https:\/\/www.sola-miklavz.si\/index.php?rest_route=%2Fwp%2Fv2%2Fcomments&post=54"}],"version-history":[{"count":15,"href":"https:\/\/www.sola-miklavz.si\/index.php?rest_route=\/wp\/v2\/pages\/54\/revisions"}],"predecessor-version":[{"id":31432,"href":"https:\/\/www.sola-miklavz.si\/index.php?rest_route=\/wp\/v2\/pages\/54\/revisions\/31432"}],"wp:attachment":[{"href":"https:\/\/www.sola-miklavz.si\/index.php?rest_route=%2Fwp%2Fv2%2Fmedia&parent=54"}],"curies":[{"name":"wp","href":"https:\/\/api.w.org\/{rel}","templated":true}]}}