{"id":4657,"date":"2017-09-01T10:47:41","date_gmt":"2017-09-01T10:47:41","guid":{"rendered":"http:\/\/solamiklavz.splet.arnes.si\/?page_id=4657"},"modified":"2024-09-19T09:14:38","modified_gmt":"2024-09-19T07:14:38","slug":"varne-solske-poti","status":"publish","type":"page","link":"https:\/\/www.sola-miklavz.si\/?page_id=4657","title":{"rendered":"\u0160olske poti"},"content":{"rendered":"<p><span style=\"color: #333333\"><strong>\u0160OLSKE POTI: O\u0160 Miklav\u017e na Dravskem polju<\/strong><\/span><\/p>\n<p><img loading=\"lazy\" decoding=\"async\" class=\"aligncenter size-full wp-image-28034\" src=\"https:\/\/www.sola-miklavz.si\/files\/2024\/09\/vp1.jpg\" alt=\"\" width=\"1414\" height=\"1004\" srcset=\"https:\/\/www.sola-miklavz.si\/files\/2024\/09\/vp1.jpg 1414w, https:\/\/www.sola-miklavz.si\/files\/2024\/09\/vp1-300x213.jpg 300w, https:\/\/www.sola-miklavz.si\/files\/2024\/09\/vp1-1024x727.jpg 1024w, https:\/\/www.sola-miklavz.si\/files\/2024\/09\/vp1-768x545.jpg 768w\" sizes=\"auto, (max-width: 1414px) 100vw, 1414px\" \/><\/p>\n<p><span style=\"color: #333333\"><strong>\u0160OLSKE POTI: Podru\u017enica Dobrovce<\/strong><\/span><\/p>\n<p><img loading=\"lazy\" decoding=\"async\" class=\"aligncenter size-full wp-image-28033\" src=\"https:\/\/www.sola-miklavz.si\/files\/2024\/09\/vp2.jpg\" alt=\"\" width=\"1451\" height=\"1004\" srcset=\"https:\/\/www.sola-miklavz.si\/files\/2024\/09\/vp2.jpg 1451w, https:\/\/www.sola-miklavz.si\/files\/2024\/09\/vp2-300x208.jpg 300w, https:\/\/www.sola-miklavz.si\/files\/2024\/09\/vp2-1024x709.jpg 1024w, https:\/\/www.sola-miklavz.si\/files\/2024\/09\/vp2-768x531.jpg 768w\" sizes=\"auto, (max-width: 1451px) 100vw, 1451px\" \/><\/p>\n","protected":false},"excerpt":{"rendered":"<p>\u0160OLSKE POTI: O\u0160 Miklav\u017e na Dravskem polju \u0160OLSKE POTI: Podru\u017enica Dobrovce<\/p>\n","protected":false},"author":2448,"featured_media":0,"parent":0,"menu_order":0,"comment_status":"closed","ping_status":"closed","template":"","meta":{"ngg_post_thumbnail":0,"footnotes":""},"class_list":["post-4657","page","type-page","status-publish","hentry"],"publishpress_future_action":{"enabled":false,"date":"2026-05-24 02:30:44","action":"change-status","newStatus":"draft","terms":[],"taxonomy":"","extraData":[]},"publishpress_future_workflow_manual_trigger":{"enabledWorkflows":[]},"_links":{"self":[{"href":"https:\/\/www.sola-miklavz.si\/index.php?rest_route=\/wp\/v2\/pages\/4657","targetHints":{"allow":["GET"]}}],"collection":[{"href":"https:\/\/www.sola-miklavz.si\/index.php?rest_route=\/wp\/v2\/pages"}],"about":[{"href":"https:\/\/www.sola-miklavz.si\/index.php?rest_route=\/wp\/v2\/types\/page"}],"author":[{"embeddable":true,"href":"https:\/\/www.sola-miklavz.si\/index.php?rest_route=\/wp\/v2\/users\/2448"}],"replies":[{"embeddable":true,"href":"https:\/\/www.sola-miklavz.si\/index.php?rest_route=%2Fwp%2Fv2%2Fcomments&post=4657"}],"version-history":[{"count":15,"href":"https:\/\/www.sola-miklavz.si\/index.php?rest_route=\/wp\/v2\/pages\/4657\/revisions"}],"predecessor-version":[{"id":28093,"href":"https:\/\/www.sola-miklavz.si\/index.php?rest_route=\/wp\/v2\/pages\/4657\/revisions\/28093"}],"wp:attachment":[{"href":"https:\/\/www.sola-miklavz.si\/index.php?rest_route=%2Fwp%2Fv2%2Fmedia&parent=4657"}],"curies":[{"name":"wp","href":"https:\/\/api.w.org\/{rel}","templated":true}]}}