{"id":46,"date":"2015-03-30T08:37:33","date_gmt":"2015-03-30T07:37:33","guid":{"rendered":"http:\/\/solamiklavz.splet.arnes.si\/?page_id=46"},"modified":"2025-11-06T13:46:50","modified_gmt":"2025-11-06T12:46:50","slug":"katalog-informacij-javnega-znacaja","status":"publish","type":"page","link":"https:\/\/www.sola-miklavz.si\/?page_id=46","title":{"rendered":"KATALOG INFORMACIJ JAVNEGA ZNA\u010cAJA"},"content":{"rendered":"<p><span style=\"font-family: arial, helvetica, sans-serif\"><strong>Zakon o dostopu do informacij javnega zna\u010daja<\/strong>&nbsp;(<strong>ZDIJZ<\/strong>) je pri\u010del veljati marca 2003 in je pomemben za vsakega dr\u017eavljana, ki bi \u017eelel od dr\u017eavnega organa prejeti javne informacije.<\/span><\/p>\n<p style=\"text-align: left\"><span style=\"font-family: arial, helvetica, sans-serif\"><strong>VSEBINA<\/strong><\/span><\/p>\n<p><span style=\"font-family: arial, helvetica, sans-serif\"><strong>1. Osnovni podatki o katalogu<\/strong><\/span><\/p>\n<p><span style=\"font-family: arial, helvetica, sans-serif\"><strong>2. Splo\u0161ni podatki o organu in informacijah javnega zna\u010daja, s katerimi razpolaga<\/strong><\/span><\/p>\n<p style=\"padding-left: 30px\"><span style=\"font-family: arial, helvetica, sans-serif\">a) Organigram in podatki o organizaciji \u0161ole<\/span><\/p>\n<p style=\"padding-left: 30px\"><span style=\"font-family: arial, helvetica, sans-serif\">b) Kontaktni podatki uradne osebe, pristojne za posredovanje informacij javnega zna\u010daja<\/span><\/p>\n<p style=\"padding-left: 30px\"><span style=\"font-family: arial, helvetica, sans-serif\">c) Seznam glavnih predpisov z delovnega podro\u010dja zavoda<\/span><\/p>\n<p style=\"padding-left: 30px\"><span style=\"font-family: arial, helvetica, sans-serif\">\u010d) Seznam predlogov predpisov<\/span><\/p>\n<p style=\"padding-left: 30px\"><span style=\"font-family: arial, helvetica, sans-serif\">d) Seznam sprejetih in predlaganih programov, strategij, stali\u0161\u010d, mnenj, analiz in drugih podobnih dokumentov po vsebinskih sklopih<\/span><\/p>\n<p style=\"padding-left: 30px\"><span style=\"font-family: arial, helvetica, sans-serif\">e) Katalog vrst upravnih, sodnih ali zakonodajnih postopkov oziroma drugih uradnih ali javnih storitev, ki jih organ vodi oziroma zagotavlja svojim uporabnikom<\/span><\/p>\n<p style=\"padding-left: 30px\"><span style=\"font-family: arial, helvetica, sans-serif\">f) Seznam javnih evidenc, ki jih upravlja \u0161ola (z opisom metapodatkov)<\/span><\/p>\n<p style=\"padding-left: 30px\"><span style=\"font-family: arial, helvetica, sans-serif\">g) Seznam drugih informatiziranih zbirk podatkov, ki jih vodi \u0161ola s svojega delovnega podro\u010dja<\/span><\/p>\n<p><span style=\"font-family: arial, helvetica, sans-serif\"><strong>3. Opis na\u010dina dostopa do drugih informacij javnega zna\u010daja<\/strong><\/span><\/p>\n<p><span style=\"font-family: arial, helvetica, sans-serif\"><strong> 4. Stro\u0161kovnik<\/strong><\/span><\/p>\n<p><span style=\"font-family: arial, helvetica, sans-serif\"><strong>5. Morebitni stro\u0161kovnik za ponovno uporabo informacij javnega zna\u010daja<\/strong><\/span><\/p>\n<p><span style=\"font-family: arial, helvetica, sans-serif\"><strong> 6. Seznam najpogosteje zahtevanih informacij javnega zna\u010daja oz. tematskih sklopov<\/strong><\/span><\/p>\n<p><span style=\"font-family: arial, helvetica, sans-serif\"><strong>7. Varstvo osebnih podatkov\/ Poobla\u0161\u010dena oseba za varstvo podatkov<\/strong><\/span><\/p>\n<p><span style=\"font-family: arial, helvetica, sans-serif\"><img loading=\"lazy\" decoding=\"async\" class=\"size-full wp-image-13233 alignnone\" src=\"http:\/\/solamiklavz.splet.arnes.si\/files\/2015\/03\/folder.jpg\" alt=\"\" width=\"226\" height=\"185\" srcset=\"https:\/\/www.sola-miklavz.si\/files\/2015\/03\/folder.jpg 226w, https:\/\/www.sola-miklavz.si\/files\/2015\/03\/folder-67x55.jpg 67w\" sizes=\"auto, (max-width: 226px) 100vw, 226px\" \/><\/span><\/p>\n<p><span style=\"font-family: arial, helvetica, sans-serif\"><strong>1. Osnovni podatki o katalogu<\/strong><\/span><\/p>\n<table width=\"673\">\n<tbody>\n<tr>\n<td><span style=\"font-family: arial, helvetica, sans-serif\">Naziv zavoda:<\/span><\/td>\n<td><span style=\"font-family: arial, helvetica, sans-serif\"><strong>OSNOVNA \u0160OLA MIKLAV\u017d NA DRAVSKEM POLJU<\/strong><\/span><\/td>\n<\/tr>\n<tr>\n<td><span style=\"font-family: arial, helvetica, sans-serif\">Naslov:<\/span><\/td>\n<td><span style=\"font-family: arial, helvetica, sans-serif\"><strong>Cesta v Dobrovce 21<\/strong><\/span><\/td>\n<\/tr>\n<tr>\n<td><span style=\"font-family: arial, helvetica, sans-serif\">Po\u0161ta:<\/span><\/td>\n<td><span style=\"font-family: arial, helvetica, sans-serif\"><strong>2204 Miklav\u017e na Dravskem polju<\/strong><\/span><\/td>\n<\/tr>\n<tr>\n<td><span style=\"font-family: arial, helvetica, sans-serif\">Telefon:<\/span><\/td>\n<td><span style=\"font-family: arial, helvetica, sans-serif\"><strong>(02) 629 02 40<\/strong><\/span><\/td>\n<\/tr>\n<tr>\n<td><span style=\"font-family: arial, helvetica, sans-serif\">Elektronski naslov:<\/span><\/td>\n<td><span style=\"font-family: arial, helvetica, sans-serif\"><a href=\"mailto:info@sola-miklavz.si\">info@sola-miklavz.si<\/a><\/span><\/td>\n<\/tr>\n<tr>\n<td><span style=\"font-family: arial, helvetica, sans-serif\">Odgovorna uradna oseba:<\/span><\/td>\n<td><span style=\"font-family: arial, helvetica, sans-serif\"><strong>dr. Katarina Germ\u0161ek, <\/strong>ravnateljica zavoda<\/span><\/td>\n<\/tr>\n<tr>\n<td><span style=\"font-family: arial, helvetica, sans-serif\">Datum objave kataloga:<\/span><\/td>\n<td><span style=\"font-family: arial, helvetica, sans-serif\">13. april 2007<\/span><\/td>\n<\/tr>\n<tr>\n<td><span style=\"font-family: arial, helvetica, sans-serif\">Datum zadnje spremembe:<\/span><\/td>\n<td><span style=\"font-family: arial, helvetica, sans-serif\">29. oktober 2024<\/span><\/td>\n<\/tr>\n<tr>\n<td>&nbsp;<\/td>\n<td>&nbsp;<\/td>\n<\/tr>\n<tr>\n<td><span style=\"font-family: arial, helvetica, sans-serif\">Katalog je dostopen na spletu:<\/span><\/td>\n<td><span style=\"font-family: arial, helvetica, sans-serif\"><a href=\"https:\/\/www.sola-miklavz.si\" target=\"_blank\" rel=\"noopener noreferrer\"><strong>https:\/\/www.sola-miklavz.si<\/strong><\/a><\/span><\/td>\n<\/tr>\n<tr>\n<td><span style=\"font-family: arial, helvetica, sans-serif\">Druge oblike kataloga:<\/span><\/td>\n<td><span style=\"font-family: arial, helvetica, sans-serif\"><strong>Katalog je v fizi\u010dni obliki dostopen na sede\u017eu \u0161ole.<\/strong><\/span><\/td>\n<\/tr>\n<\/tbody>\n<\/table>\n<p>&nbsp;<\/p>\n<p><span style=\"font-family: arial, helvetica, sans-serif\"><strong> 2. Splo\u0161ni podatki o zavodu in informacijah javnega zna\u010daja, s katerimi razpolaga<\/strong><\/span><\/p>\n<p><span style=\"font-family: arial, helvetica, sans-serif\"><strong>a) Organigram in podatki o organizaciji \u0161ole<\/strong><\/span><\/p>\n<p><span style=\"font-family: arial, helvetica, sans-serif\"><img loading=\"lazy\" decoding=\"async\" class=\"size-full wp-image-13243 alignnone\" src=\"http:\/\/solamiklavz.splet.arnes.si\/files\/2015\/03\/organigram-2.jpg\" alt=\"\" width=\"600\" height=\"465\" srcset=\"https:\/\/www.sola-miklavz.si\/files\/2015\/03\/organigram-2.jpg 600w, https:\/\/www.sola-miklavz.si\/files\/2015\/03\/organigram-2-300x233.jpg 300w, https:\/\/www.sola-miklavz.si\/files\/2015\/03\/organigram-2-71x55.jpg 71w, https:\/\/www.sola-miklavz.si\/files\/2015\/03\/organigram-2-470x364.jpg 470w\" sizes=\"auto, (max-width: 600px) 100vw, 600px\" \/><\/span><\/p>\n<p><span style=\"font-family: arial, helvetica, sans-serif\"><strong><u>Podatki o \u0161oli:<\/u><\/strong><strong>&nbsp;&nbsp;&nbsp; <\/strong><\/span><\/p>\n<p><span style=\"font-family: arial, helvetica, sans-serif\">Javni vzgojno-izobra\u017eevalni zavod, ki ga je ustanovila Ob\u010dina Miklav\u017e na Dravskem polju&nbsp; z odlokom o ustanovitvi, je vpisan v razvid zavodov vzgoje in izobra\u017eevanja, ki ga vodi pristojno ministrstvo.<\/span><\/p>\n<p><span style=\"font-family: arial, helvetica, sans-serif\">Zavod je javni vzgojno-izobra\u017eevalni zavod in deluje pod imenom:<\/span><\/p>\n<p><span style=\"font-family: arial, helvetica, sans-serif\"><strong><em>Osnovna \u0161ola Miklav\u017e na Dravskem polju<\/em><\/strong><\/span><\/p>\n<p><span style=\"font-family: arial, helvetica, sans-serif\">Osnovna \u0161ola opravlja javno slu\u017ebo na podro\u010dju:<\/span><\/p>\n<p><span style=\"font-family: arial, helvetica, sans-serif\"><strong><em>85.200 \u2013 osnovno\u0161olsko izobra\u017eevanje<\/em><\/strong><\/span><\/p>\n<p><span style=\"font-family: arial, helvetica, sans-serif\">Poleg osnovne dejavnosti&nbsp; opravlja osnovna \u0161ola \u0161e dopolnilne dejavnosti, navedene v odloku o ustanovitvi.<\/span><\/p>\n<p><span style=\"font-family: arial, helvetica, sans-serif\">S svojo dejavnostjo \u0161ola zadovoljuje potrebe po osnovno\u0161olskem izobra\u017eevanju za gravitacijsko obmo\u010dje v prostorskem okoli\u0161u, ki je opredeljen z Odlokom o ustanovitvi javnega zavoda O\u0160 Miklav\u017e na Dravskem polju s strani ustanovitelja Ob\u010dine Miklav\u017e na Dravskem polju. Obsega naslednja naselja:<\/span><\/p>\n<ul>\n<li><span style=\"font-family: arial, helvetica, sans-serif\"><strong>Miklav\u017e na Dravskem polju,<\/strong><\/span><\/li>\n<li><span style=\"font-family: arial, helvetica, sans-serif\"><strong>Dobrovce,<\/strong><\/span><\/li>\n<li><span style=\"font-family: arial, helvetica, sans-serif\"><strong>Skoke,<\/strong><\/span><\/li>\n<li><span style=\"font-family: arial, helvetica, sans-serif\"><strong>Dravski Dvor.<\/strong><\/span><\/li>\n<\/ul>\n<p><span style=\"font-family: arial, helvetica, sans-serif\">U\u010denci iz naselij Dobrovce, Skoke in Dravski Dvor obiskujejo podru\u017eni\u010dno O\u0160 v Dobrovcah od 1. do 5. razreda, od 6. do 9. razreda pa mati\u010dno O\u0160 Miklav\u017e na Dravskem polju.<\/span><\/p>\n<p><span style=\"font-family: arial, helvetica, sans-serif\"><strong>Organi \u0161ole so:<\/strong>&nbsp; Svet zavod, ravnateljica zavoda, Svet star\u0161ev in strokovni organi.<\/span><\/p>\n<p><span style=\"font-family: arial, helvetica, sans-serif\"><strong>Strokovni organi \u0161ole:<\/strong> u\u010diteljski zbor, oddel\u010dni u\u010diteljski zbor, strokovni aktivi in razredniki.<\/span><\/p>\n<p><span style=\"font-family: arial, helvetica, sans-serif\">Odgovornost za u\u010dence in otroke prevzemajo strokovni delavci \u0161ole in vrtca v \u010dasu izvajanja vzgojno-izobra\u017eevalnih dejavnosti&nbsp; in drugih aktivnosti (organizirani dnevi, ekskurzije, \u0161ola v naravi,\u2026)&nbsp; na podro\u010dju \u0161olskega prostora, ki obsega \u0161olske stavbe, \u0161portno dvorano, dvori\u0161\u010de, \u0161olsko \u0161portno igri\u0161\u010de, ograjen \u0161olski prostor in \u0161olsko dovozno pot&nbsp;ter v prostorih, kjer potekajo druge dejavnosti.<\/span><\/p>\n<p><span style=\"font-family: arial, helvetica, sans-serif\"><strong><u>Seznam notranjih organizacijskih enot:<\/u><\/strong> Zavod Osnovna \u0161ola Miklav\u017e na Dravskem polju je sestavljen iz enot:<\/span><\/p>\n<ul>\n<li><span style=\"font-family: arial, helvetica, sans-serif\"><strong>mati\u010dna \u0161ola O\u0160 Miklav\u017e na Dravskem polju<\/strong><\/span><\/li>\n<li><span style=\"font-family: arial, helvetica, sans-serif\"><strong>podru\u017eni\u010dna \u0161ola Dobrovce<\/strong><\/span><\/li>\n<li><span style=\"font-family: arial, helvetica, sans-serif\"><strong>vrtec Vrtiljak Miklav\u017e<\/strong><\/span><\/li>\n<li><span style=\"font-family: arial, helvetica, sans-serif\"><strong>vrtec Ciciban Dobrovce <\/strong><\/span><\/li>\n<\/ul>\n<p><span style=\"font-family: arial, helvetica, sans-serif\"><strong>b) Kontaktni podatki uradne osebe, pristojne za posredovanje informacij javnega zna\u010daja<\/strong><\/span><\/p>\n<p><span style=\"font-family: arial, helvetica, sans-serif\">Ime in priimek pristojne osebe: dr. Katarina Germ\u0161ek<br \/>\n<\/span><\/p>\n<p><span style=\"font-family: arial, helvetica, sans-serif\">Delovno mesto in naziv: ravnateljica zavoda, doktorica znanosti<br \/>\n<\/span><\/p>\n<p><span style=\"font-family: arial, helvetica, sans-serif\">Elektronski naslov: <a href=\"mailto:katarina.germsek@sola-miklavz.si\" target=\"_blank\" rel=\"noopener noreferrer\">katarina.germsek@sola-miklavz.si<\/a><\/span><\/p>\n<p><span style=\"font-family: arial, helvetica, sans-serif\">Po\u0161tni naslov: Cesta v Dobrovce 21, 2204 Miklav\u017e na Dravskem polju<\/span><\/p>\n<p><span style=\"font-family: arial, helvetica, sans-serif\">Slu\u017ebena telefonska \u0161tevilka: (02) 629 02 41<\/span><\/p>\n<p><span style=\"font-family: arial, helvetica, sans-serif\"><strong>c) Seznam glavnih predpisov z delovnega podro\u010dja zavoda <\/strong><\/span><\/p>\n<p><span style=\"font-family: arial, helvetica, sans-serif\"><strong>Povezave na register predpisov pristojnega ministrstva:<\/strong><\/span><\/p>\n<ul>\n<li><span style=\"font-family: arial, helvetica, sans-serif\">predpisi s podro\u010dja vzgoje in&nbsp; izobra\u017eevanja&nbsp;in predpisi s podro\u010dja osnovno\u0161olskega izobra\u017eevanja:&nbsp;&nbsp;&nbsp;&nbsp;&nbsp; <a href=\"https:\/\/www.gov.si\/drzavni-organi\/ministrstva\/ministrstvo-za-vzgojo-in-izobrazevanje\/zakonodaja\/\" target=\"_blank\" rel=\"noopener noreferrer\">(povezava)<\/a><\/span><\/li>\n<\/ul>\n<p><span style=\"font-family: arial, helvetica, sans-serif\"><strong>Odlok o ustanovitvi v Medob\u010dinskem uradnem vestniku pod Ob\u010dino Miklav\u017e na Dravskem polju<\/strong><\/span><\/p>\n<ul>\n<li><span style=\"font-family: arial, helvetica, sans-serif\">Odlok o ustanovitvi javnega vzgojno-izobra\u017eevalnega zavoda Osnovna \u0161ola Miklav\u017e na Dravskem polju&nbsp; (Ob\u010dina Miklav\u017e na Dravskem polju, MUV, \u0161t. 14\/2007, &nbsp;z dne 30.03. 2007, stan 484, predpis 239, \u0161t. 34\/2009, z dne 23.12.2009, stran 1130, predpis 592, \u0161t. 9\/2015, z dne 18.05.2015, stran 326, predpis 187, \u0161t. 23\/2017, stran 746,&nbsp; predpis 277)<\/span><\/li>\n<\/ul>\n<p><span style=\"font-family: arial, helvetica, sans-serif\"><strong>Splo\u0161ni akti \u0161ole:<\/strong><\/span><\/p>\n<ul>\n<li><span style=\"font-family: arial, helvetica, sans-serif\"><a href=\"https:\/\/www.sola-miklavz.si\/files\/2025\/11\/Hisni-red_prenovljen-oktober25.pdf\" target=\"_blank\" rel=\"noopener\">Hi\u0161ni red<\/a><\/span><\/li>\n<li><span style=\"font-family: arial, helvetica, sans-serif\"><a href=\"https:\/\/www.sola-miklavz.si\/files\/2025\/10\/Pravila-solskega-reda_zadnji-2025.pdf\" target=\"_blank\" rel=\"noopener\">Pravila \u0161olskega reda<\/a><\/span><\/li>\n<li><span style=\"font-family: arial, helvetica, sans-serif\">Pravila o prilagajanju \u0161olskih obveznosti:&nbsp;&nbsp;&nbsp;&nbsp;&nbsp; (povezava)<\/span><\/li>\n<li><span style=\"font-family: arial, helvetica, sans-serif\">Prometno varnostni na\u010drt:&nbsp;&nbsp;&nbsp;&nbsp;&nbsp; (povezava)<\/span><\/li>\n<\/ul>\n<p><span style=\"font-family: arial, helvetica, sans-serif\"><strong>\u010d) Seznam predlogov predpisov<\/strong><\/span><\/p>\n<ul>\n<li><span style=\"font-family: arial, helvetica, sans-serif\">predlogi predpisov s podro\u010dja izobra\u017eevanja:&nbsp; &nbsp; &nbsp; <a href=\"https:\/\/www.gov.si\/drzavni-organi\/ministrstva\/ministrstvo-za-vzgojo-in-izobrazevanje\/zakonodaja\/\" target=\"_blank\" rel=\"noopener noreferrer\">(povezava)<\/a><\/span><\/li>\n<\/ul>\n<p><span style=\"font-family: arial, helvetica, sans-serif\"><strong>d) Seznam sprejetih in predlaganih programov, strategij, stali\u0161\u010d, mnenj, analiz in drugih podobnih dokumentov po vsebinskih sklopih<\/strong><\/span><\/p>\n<ul>\n<li><a href=\"https:\/\/www.sola-miklavz.si\/files\/2025\/10\/Letni-delovni-nacrt-2025-2026.pdf\" target=\"_blank\" rel=\"noopener\"><span style=\"font-family: arial, helvetica, sans-serif\">Letni delovni na\u010drt 2025-2026<\/span><\/a><\/li>\n<\/ul>\n<p><span style=\"font-family: arial, helvetica, sans-serif\"><strong>Objave in razpisna dokumentacija v skladu s predpisi, ki urejajo javno naro\u010danje po ZJN-3<\/strong><\/span><\/p>\n<p><span style=\"font-family: arial, helvetica, sans-serif\">Obvestila v zvezi z javnim naro\u010danjem so objavljena na PORTALU e-NARO\u010cANJE<strong>:&nbsp;&nbsp;&nbsp;&nbsp;&nbsp; <\/strong><a href=\"https:\/\/www.enarocanje.si\/\" target=\"_blank\" rel=\"noopener noreferrer\">(povezava)<\/a><\/span><\/p>\n<p><span style=\"font-family: arial, helvetica, sans-serif\"><strong>e) Katalog vrst upravnih, sodnih ali zakonodajnih postopkov oziroma drugih uradnih ali javnih storitev, ki jih organ vodi oziroma zagotavlja svojim uporabnikom<\/strong><\/span><\/p>\n<ul>\n<li><span style=\"font-family: arial, helvetica, sans-serif\">Postopek imenovanja ravnatelja zavoda<\/span><\/li>\n<li><span style=\"font-family: arial, helvetica, sans-serif\">Postopek&nbsp; za napredovanje strokovnih delavcev v nazive<\/span><\/li>\n<li><span style=\"font-family: arial, helvetica, sans-serif\">Postopek&nbsp; za napredovanje strokovnih delavcev v pla\u010dne razrede<\/span><\/li>\n<\/ul>\n<p><span style=\"font-family: arial, helvetica, sans-serif\"><strong>Odlo\u010danje o pravicah in dol\u017enostih u\u010denca <\/strong><\/span><\/p>\n<p><span style=\"font-family: arial, helvetica, sans-serif\">Odlo\u010danje o podelitvi, dodelitvi, mirovanju oziroma prenehanju statusa u\u010denca \u2013 perspektivnega &nbsp;\u0161portnika \/ perspektivnega mladega umetnika ali vrhunskega mladega umetnika<\/span><\/p>\n<p><span style=\"font-family: arial, helvetica, sans-serif\"><strong>f) &nbsp;Seznam javnih evidenc, ki jih upravlja \u0161ola (z opisom metapodatkov)<\/strong><\/span><\/p>\n<p><span style=\"font-family: arial, helvetica, sans-serif\">\u0160ola ne vodi javnih evidenc.<\/span><\/p>\n<p><span style=\"font-family: arial, helvetica, sans-serif\"><strong>g) Seznam drugih informatiziranih zbirk podatkov, ki jih vodi \u0161ola s svojega delovnega podro\u010dja<\/strong><\/span><\/p>\n<p><span style=\"font-family: arial, helvetica, sans-serif\">Informacija o \u0161tevilu oddelkov, o spolu u\u010dencev po oddelkih in razredih:&nbsp;&nbsp;&nbsp;&nbsp;&nbsp; <a href=\"https:\/\/krka1.mss.edus.si\/registriweb\/ZavodiPodrobno.aspx\" target=\"_blank\" rel=\"noopener noreferrer\">(povezava)<\/a><\/span><\/p>\n<p><span style=\"font-family: arial, helvetica, sans-serif\">Evidenca o dejanski zasedenosti delovnih mest: opredeljena z aktom o sistemizaciji DM<strong>.<\/strong><\/span><\/p>\n<p>&nbsp;<\/p>\n<p><span style=\"font-family: arial, helvetica, sans-serif\"><strong> 3. Opis na\u010dina dostopa do informacij javnega zna\u010daja<\/strong><\/span><\/p>\n<p><span style=\"font-family: arial, helvetica, sans-serif\"><strong>Tehni\u010dni pogoji za dostop do elektronskega kataloga informacij javnega zna\u010daja: <\/strong><\/span><\/p>\n<ul>\n<li><span style=\"font-family: arial, helvetica, sans-serif\">za brskanje po na\u0161ih spletnih straneh potrebujete ustrezno napravo (ra\u010dunalnik, telefon, tablica) in spletni brskalnik (Internet Explorer, Firefox, Chrome\u2026).<\/span><\/li>\n<\/ul>\n<p><span style=\"font-family: arial, helvetica, sans-serif\"><strong>Neposreden dostop do kataloga informacij javnega zna\u010daja:<\/strong><\/span><\/p>\n<ul>\n<li><span style=\"font-family: arial, helvetica, sans-serif\">osebni dostop na sede\u017eu \u0161ole,<\/span><\/li>\n<li><span style=\"font-family: arial, helvetica, sans-serif\">dostop po elektronski poti.<\/span><\/li>\n<\/ul>\n<p><span style=\"font-family: arial, helvetica, sans-serif\"><strong>Dostop na podlagi zahteve<\/strong><\/span><\/p>\n<p><span style=\"font-family: arial, helvetica, sans-serif\">Neformalna zahteva:<\/span><\/p>\n<ul>\n<li><span style=\"font-family: arial, helvetica, sans-serif\">ustna zahteva,<\/span><\/li>\n<li><span style=\"font-family: arial, helvetica, sans-serif\">preko telefona,<\/span><\/li>\n<li><span style=\"font-family: arial, helvetica, sans-serif\">po elektronski poti.<\/span><\/li>\n<\/ul>\n<p><span style=\"font-family: arial, helvetica, sans-serif\">Formalna zahteva:<\/span><\/p>\n<ul>\n<li><span style=\"font-family: arial, helvetica, sans-serif\">podana ustno na zapisnik,<\/span><\/li>\n<li><span style=\"font-family: arial, helvetica, sans-serif\">pisna zahteva po po\u0161ti,<\/span><\/li>\n<li><span style=\"font-family: arial, helvetica, sans-serif\">vlo\u017eitev zahteve po elektronski po\u0161ti.<\/span><\/li>\n<\/ul>\n<p><span style=\"font-family: arial, helvetica, sans-serif\"><strong>Dostop do kataloga informacij javnega zna\u010daja za ljudi s posebnimi potrebami: <\/strong><\/span><\/p>\n<ul>\n<li><span style=\"font-family: arial, helvetica, sans-serif\">dostop do informacij javnega zna\u010daja zagotavljamo ljudem s posebnimi potrebami po prehodnem dogovoru.<\/span><\/li>\n<\/ul>\n<p>&nbsp;<\/p>\n<p><span style=\"font-family: arial, helvetica, sans-serif\"><strong> 4. Stro\u0161kovnik<\/strong><\/span><\/p>\n<p><span style=\"font-family: arial, helvetica, sans-serif\">Zavod lahko za ve\u010dji obseg dokumentov zara\u010duna materialne stro\u0161ke po stro\u0161kovniku in postopku 16., 17. in 18. \u010dlena.<\/span><\/p>\n<p><span style=\"font-family: arial, helvetica, sans-serif\">Uredba o posredovanju in ponovni uporabi informacij javnega zna\u010daja:&nbsp;&nbsp;&nbsp;&nbsp;&nbsp; <u><a href=\"http:\/\/www.pisrs.si\/Pis.web\/pregledPredpisa?id=URED6941\" target=\"_blank\" rel=\"noopener noreferrer\">(povezava)<\/a><\/u><\/span><\/p>\n<p>&nbsp;<\/p>\n<p><span style=\"font-family: arial, helvetica, sans-serif\"><strong>5. Morebitni stro\u0161kovnik za ponovno uporabo informacij javnega zna\u010daja<\/strong><\/span><\/p>\n<p><span style=\"font-family: arial, helvetica, sans-serif\">Cene in drugi pogoji za ponovno uporabo informacij javnega zna\u010daja so navedeni od 20. do 26. \u010dlena<\/span><\/p>\n<p><span style=\"font-family: arial, helvetica, sans-serif\">Uredba o posredovanju in ponovni uporabi informacij javnega zna\u010daja:&nbsp;&nbsp;&nbsp;&nbsp;&nbsp; <a href=\"http:\/\/www.pisrs.si\/Pis.web\/pregledPredpisa?id=URED6941\" target=\"_blank\" rel=\"noopener noreferrer\">(povezava)<\/a><\/span><\/p>\n<p>&nbsp;<\/p>\n<p><span style=\"font-family: arial, helvetica, sans-serif\"><strong>6. Seznam najpogosteje zahtevanih informacij oz. tematskih sklopov<\/strong><\/span><\/p>\n<p><span style=\"font-family: arial, helvetica, sans-serif\">Ni zahtev.<\/span><\/p>\n<p>&nbsp;<\/p>\n<p><span style=\"font-family: arial, helvetica, sans-serif\"><strong>7. Varstvo osebnih podatkov\/ Poobla\u0161\u010dena oseba za varstvo podatkov<\/strong><\/span><\/p>\n<p><span style=\"font-family: arial, helvetica, sans-serif\">V skladu z dolo\u010dilom 37. \u010dlena Uredbe EU 2016\/679 Evropskega parlamenta in sveta z dne 27. aprila 2016 smo za poobla\u0161\u010deno osebo za varstvo podatkov imenovali dru\u017ebo:<\/span><\/p>\n<p><span style=\"font-family: arial, helvetica, sans-serif\">DATAINFO.SI, d.o.o.<\/span><br \/>\n<span style=\"font-family: arial, helvetica, sans-serif\">Tr\u017ea\u0161ka cesta 85, SI-2000 Maribor<\/span><br \/>\n<span style=\"font-family: arial, helvetica, sans-serif\">www.datainfo.si<\/span><br \/>\n<span style=\"font-family: arial, helvetica, sans-serif\">e-po\u0161ta: dpo@datainfo.si<\/span><br \/>\n<span style=\"font-family: arial, helvetica, sans-serif\">telefon: +386 (0) 2 620 4 300<\/span><\/p>\n","protected":false},"excerpt":{"rendered":"<p>Zakon o dostopu do informacij javnega zna\u010daja&nbsp;(ZDIJZ) je pri\u010del veljati marca 2003 in je pomemben za vsakega dr\u017eavljana, ki bi \u017eelel od dr\u017eavnega organa prejeti javne informacije. VSEBINA 1. Osnovni podatki o katalogu 2. Splo\u0161ni podatki o organu in informacijah javnega zna\u010daja, s katerimi razpolaga a) Organigram in podatki o&#46;&#46;&#46;<\/p>\n","protected":false},"author":2448,"featured_media":0,"parent":0,"menu_order":0,"comment_status":"open","ping_status":"closed","template":"","meta":{"ngg_post_thumbnail":0,"footnotes":"","_expiration-date-status":"","_expiration-date":0,"_expiration-date-type":"","_expiration-date-categories":[],"_expiration-date-options":[]},"class_list":["post-46","page","type-page","status-publish","hentry"],"_links":{"self":[{"href":"https:\/\/www.sola-miklavz.si\/index.php?rest_route=\/wp\/v2\/pages\/46","targetHints":{"allow":["GET"]}}],"collection":[{"href":"https:\/\/www.sola-miklavz.si\/index.php?rest_route=\/wp\/v2\/pages"}],"about":[{"href":"https:\/\/www.sola-miklavz.si\/index.php?rest_route=\/wp\/v2\/types\/page"}],"author":[{"embeddable":true,"href":"https:\/\/www.sola-miklavz.si\/index.php?rest_route=\/wp\/v2\/users\/2448"}],"replies":[{"embeddable":true,"href":"https:\/\/www.sola-miklavz.si\/index.php?rest_route=%2Fwp%2Fv2%2Fcomments&post=46"}],"version-history":[{"count":16,"href":"https:\/\/www.sola-miklavz.si\/index.php?rest_route=\/wp\/v2\/pages\/46\/revisions"}],"predecessor-version":[{"id":32337,"href":"https:\/\/www.sola-miklavz.si\/index.php?rest_route=\/wp\/v2\/pages\/46\/revisions\/32337"}],"wp:attachment":[{"href":"https:\/\/www.sola-miklavz.si\/index.php?rest_route=%2Fwp%2Fv2%2Fmedia&parent=46"}],"curies":[{"name":"wp","href":"https:\/\/api.w.org\/{rel}","templated":true}]}}