{"id":4519,"date":"2017-07-10T06:43:56","date_gmt":"2017-07-10T06:43:56","guid":{"rendered":"http:\/\/solamiklavz.splet.arnes.si\/?p=4519"},"modified":"2025-06-23T13:07:00","modified_gmt":"2025-06-23T11:07:00","slug":"glasila-ucencev-mik","status":"publish","type":"page","link":"https:\/\/www.sola-miklavz.si\/?page_id=4519","title":{"rendered":"Glasila u\u010dencev (MIK)"},"content":{"rendered":"<p>U\u010denci na\u0161e \u0161ole se vsako \u0161olsko leto s svojim delom predstavijo v \u0161olskem glasilu MIK. Na spodnjih povezavah si lahko ogledate glasila s prispevki na\u0161ih u\u010dencev na razli\u010dnih podro\u010djih v zadnjih nekaj letih:&nbsp; &nbsp; <img loading=\"lazy\" decoding=\"async\" class=\"alignright size-full wp-image-4575\" src=\"http:\/\/solamiklavz.splet.arnes.si\/files\/2017\/07\/mik.jpg\" alt=\"\" width=\"359\" height=\"287\" srcset=\"https:\/\/www.sola-miklavz.si\/files\/2017\/07\/mik.jpg 359w, https:\/\/www.sola-miklavz.si\/files\/2017\/07\/mik-300x240.jpg 300w, https:\/\/www.sola-miklavz.si\/files\/2017\/07\/mik-69x55.jpg 69w\" sizes=\"auto, (max-width: 359px) 100vw, 359px\" \/><\/p>\n<ul>\n<li><a href=\"https:\/\/www.sola-miklavz.si\/files\/2025\/06\/MIK_Literarno-glasilo-OS-Miklavz_sol.-l.-2024_25.pdf\" target=\"_blank\" rel=\"noopener\">MIK 2024-2025<\/a><\/li>\n<li><a href=\"https:\/\/www.sola-miklavz.si\/files\/2024\/09\/MIK-2023_24_tisk.pdf\" target=\"_blank\" rel=\"noopener\">MIK 2023-2024<\/a><\/li>\n<li><a href=\"https:\/\/www.sola-miklavz.si\/files\/2024\/02\/MIK-2022_23-TISK.pdf\" target=\"_blank\" rel=\"noopener\">MIK 2022-2023<\/a><\/li>\n<li><a href=\"https:\/\/www.sola-miklavz.si\/files\/2022\/08\/MIK-2021_22-30.5.2022_TISK.pdf\" target=\"_blank\" rel=\"noopener\">MIK 2021-2022<\/a><\/li>\n<li><a href=\"https:\/\/www.sola-miklavz.si\/files\/2022\/08\/MIK-2020_21_2.-junij_popravki_-TISK.pdf\" target=\"_blank\" rel=\"noopener\">MIK 2020-2021<\/a><\/li>\n<li><a href=\"http:\/\/solamiklavz.splet.arnes.si\/files\/2017\/07\/TISK_MIK_junij_\u0161ol.-l.-2019_20.pdf\" target=\"_blank\" rel=\"noopener noreferrer\">MIK 2019-2020<\/a><\/li>\n<li><a href=\"http:\/\/solamiklavz.splet.arnes.si\/files\/2017\/07\/TISK_MIK-2018_19-verzija-22.-maj-2019.pdf\" target=\"_blank\" rel=\"noopener noreferrer\">MIK 2018-2019<\/a><\/li>\n<li><a href=\"http:\/\/solamiklavz.splet.arnes.si\/files\/2017\/07\/TISK_MIK-2017_18.pdf\" target=\"_blank\" rel=\"noopener noreferrer\">MIK 2017-2018<\/a><\/li>\n<li><a href=\"http:\/\/solamiklavz.splet.arnes.si\/files\/2017\/07\/MIK-2016-2017.pdf\" target=\"_blank\" rel=\"noopener noreferrer\">MIK 2016-2017<\/a><\/li>\n<li><a href=\"http:\/\/solamiklavz.splet.arnes.si\/files\/2017\/07\/MIK-2015-2016.pdf\" target=\"_blank\" rel=\"noopener noreferrer\">MIK 2015-2016<\/a><\/li>\n<li><a href=\"http:\/\/solamiklavz.splet.arnes.si\/files\/2017\/07\/MIK-2014-2015.pdf\" target=\"_blank\" rel=\"noopener noreferrer\">MIK 2014-2015<\/a><\/li>\n<li><a href=\"http:\/\/solamiklavz.splet.arnes.si\/files\/2017\/07\/MIK-2013-2014.pdf\" target=\"_blank\" rel=\"noopener noreferrer\">MIK 2013-2014<\/a><\/li>\n<li><a href=\"http:\/\/solamiklavz.splet.arnes.si\/files\/2017\/07\/MIK-2012-2013.pdf\" target=\"_blank\" rel=\"noopener noreferrer\">MIK 2012-2013<\/a><\/li>\n<li><a href=\"http:\/\/solamiklavz.splet.arnes.si\/files\/2017\/07\/MIK-2011-2012.pdf\" target=\"_blank\" rel=\"noopener noreferrer\">MIK 2011-2012<\/a><\/li>\n<li><a href=\"http:\/\/solamiklavz.splet.arnes.si\/files\/2017\/07\/MIK-2010-2011.pdf\" target=\"_blank\" rel=\"noopener noreferrer\">MIK 2010-2011<\/a><\/li>\n<li><a href=\"http:\/\/solamiklavz.splet.arnes.si\/files\/2017\/07\/MIK-2009-2010.pdf\" target=\"_blank\" rel=\"noopener noreferrer\">MIK 2009-2010<\/a><\/li>\n<li><a href=\"http:\/\/solamiklavz.splet.arnes.si\/files\/2017\/07\/MIK-2008-2009.pdf\" target=\"_blank\" rel=\"noopener noreferrer\">MIK 2008-2009<\/a><\/li>\n<li><a href=\"http:\/\/solamiklavz.splet.arnes.si\/files\/2017\/07\/MIK-2007-2008.pdf\" target=\"_blank\" rel=\"noopener noreferrer\">MIK 2007-2008<\/a><\/li>\n<li><a href=\"http:\/\/solamiklavz.splet.arnes.si\/files\/2017\/07\/MIK-2006-2007.pdf\" target=\"_blank\" rel=\"noopener noreferrer\">MIK 2006-2007<\/a><\/li>\n<li><a href=\"http:\/\/solamiklavz.splet.arnes.si\/files\/2017\/07\/MIK-2005-2006.pdf\" target=\"_blank\" rel=\"noopener noreferrer\">MIK 2005-2006<\/a><\/li>\n<\/ul>\n","protected":false},"excerpt":{"rendered":"<p>U\u010denci na\u0161e \u0161ole se vsako \u0161olsko leto s svojim delom predstavijo v \u0161olskem glasilu MIK. Na spodnjih povezavah si lahko ogledate glasila s prispevki na\u0161ih u\u010dencev na razli\u010dnih podro\u010djih v zadnjih nekaj letih:&nbsp; &nbsp; MIK 2024-2025 MIK 2023-2024 MIK 2022-2023 MIK 2021-2022 MIK 2020-2021 MIK 2019-2020 MIK 2018-2019 MIK 2017-2018&#46;&#46;&#46;<\/p>\n","protected":false},"author":2448,"featured_media":0,"parent":0,"menu_order":0,"comment_status":"closed","ping_status":"open","template":"","meta":{"ngg_post_thumbnail":0,"footnotes":"","_expiration-date-status":"","_expiration-date":0,"_expiration-date-type":"","_expiration-date-categories":[],"_expiration-date-options":[]},"class_list":["post-4519","page","type-page","status-publish","hentry"],"_links":{"self":[{"href":"https:\/\/www.sola-miklavz.si\/index.php?rest_route=\/wp\/v2\/pages\/4519","targetHints":{"allow":["GET"]}}],"collection":[{"href":"https:\/\/www.sola-miklavz.si\/index.php?rest_route=\/wp\/v2\/pages"}],"about":[{"href":"https:\/\/www.sola-miklavz.si\/index.php?rest_route=\/wp\/v2\/types\/page"}],"author":[{"embeddable":true,"href":"https:\/\/www.sola-miklavz.si\/index.php?rest_route=\/wp\/v2\/users\/2448"}],"replies":[{"embeddable":true,"href":"https:\/\/www.sola-miklavz.si\/index.php?rest_route=%2Fwp%2Fv2%2Fcomments&post=4519"}],"version-history":[{"count":15,"href":"https:\/\/www.sola-miklavz.si\/index.php?rest_route=\/wp\/v2\/pages\/4519\/revisions"}],"predecessor-version":[{"id":31020,"href":"https:\/\/www.sola-miklavz.si\/index.php?rest_route=\/wp\/v2\/pages\/4519\/revisions\/31020"}],"wp:attachment":[{"href":"https:\/\/www.sola-miklavz.si\/index.php?rest_route=%2Fwp%2Fv2%2Fmedia&parent=4519"}],"curies":[{"name":"wp","href":"https:\/\/api.w.org\/{rel}","templated":true}]}}