{"id":42,"date":"2015-03-30T08:36:39","date_gmt":"2015-03-30T07:36:39","guid":{"rendered":"http:\/\/solamiklavz.splet.arnes.si\/?page_id=42"},"modified":"2026-01-21T09:00:26","modified_gmt":"2026-01-21T08:00:26","slug":"splosni-podatki","status":"publish","type":"page","link":"https:\/\/www.sola-miklavz.si\/?page_id=42","title":{"rendered":"Osnovni podatki"},"content":{"rendered":"<p><span style=\"font-family: arial, helvetica, sans-serif\"><strong><img loading=\"lazy\" decoding=\"async\" class=\"wp-image-31562 size-thumbnail alignleft\" src=\"https:\/\/www.sola-miklavz.si\/files\/2025\/10\/Logotip_znak-150x150.png\" alt=\"logotip\" width=\"150\" height=\"150\">OSNOVNA \u0160OLA MIKLAV\u017d NA DRAVSKEM POLJU<\/strong><\/span><br \/>\n<strong style=\"font-family: arial, helvetica, sans-serif\">Cesta v Dobrovce 21<\/strong>, <span style=\"font-family: arial, helvetica, sans-serif\"><strong>2204 Miklav\u017e na Dravskem polju<\/strong><\/span><\/p>\n<p><span style=\"font-family: arial, helvetica, sans-serif\"><strong>Dav\u010dna \u0161tevilka:<\/strong> 70073627 (nismo dav\u010dni zavezanec)<\/span><br \/>\n<span style=\"font-family: arial, helvetica, sans-serif\"><strong>Mati\u010dna \u0161tevilka:<\/strong> 5085276000<\/span><br \/>\n<span style=\"font-family: arial, helvetica, sans-serif\"><strong>Transakcijski ra\u010dun:<\/strong> 01369-6030670076<\/span><br \/>\n<span style=\"font-family: arial, helvetica, sans-serif\"><strong>\u0160ifra dejavnosti:<\/strong> 85.200<\/span><\/p>\n<p><span style=\"font-family: arial, helvetica, sans-serif\"><strong>Telefon:<\/strong> 02 \/ 629 02 40<\/span><\/p>\n<p><span style=\"font-family: arial, helvetica, sans-serif\"><strong>E-po\u0161ta:<\/strong> info@sola-miklavz.si<\/span><\/p>\n<p><span style=\"font-family: arial, helvetica, sans-serif\"><strong>Spletna stran:<\/strong> https:\/\/www.sola-miklavz.si\/<\/span><\/p>\n<p>&nbsp;<\/p>\n<p><span style=\"font-family: arial, helvetica, sans-serif\"><strong>Odgovorna oseba:&nbsp;<\/strong><\/span><span style=\"font-family: arial, helvetica, sans-serif\">dr. Katarina Germ\u0161ek &#8211; ravnateljica<\/span><br \/>\n<span style=\"font-family: arial, helvetica, sans-serif\"><strong>Telefon:<\/strong> 02 \/ 629 02 41<\/span><br \/>\n<span style=\"font-family: arial, helvetica, sans-serif\"><strong>E-po\u0161ta: <\/strong>katarina.germsek@sola-miklavz.si<\/span><\/p>\n<p>&nbsp;<\/p>\n<p><span style=\"font-family: arial, helvetica, sans-serif\"><strong>Podatki o ustanovitelju:<\/strong><\/span><\/p>\n<p><span style=\"font-family: arial, helvetica, sans-serif\"><strong>Ob\u010dina Miklav\u017e na Dravskem polju<\/strong><\/span><br \/>\n<strong><span style=\"font-family: arial, helvetica, sans-serif\">Nad izviri 6, <\/span><span style=\"font-family: arial, helvetica, sans-serif\">2204 Miklav\u017e na Dravskem polju<\/span><\/strong><br \/>\n<span style=\"font-family: arial, helvetica, sans-serif\"><strong>Telefon:<\/strong> 02 \/ 629 68 20<\/span><br \/>\n<span style=\"font-family: arial, helvetica, sans-serif\"><strong>E-po\u0161ta:<\/strong> obcina.miklavz@miklavz.si<\/span><br \/>\n<span style=\"font-family: arial, helvetica, sans-serif\"><strong>Spletna stran:<\/strong> https:\/\/www.miklavz.si\/<\/span><\/p>\n<ul>\n<li><span style=\"font-family: arial, helvetica, sans-serif\"><a href=\"http:\/\/www.lex-localis.info\/KatalogInformacij\/PodrobnostiDokumenta.aspx?SectionID=07677b83-6c4f-449e-8bf3-084206fa4366\" target=\"_blank\" rel=\"noopener noreferrer\">Odlok o ustanovitvi javnega vzgojno-izobra\u017eevalnega zavoda Osnovna \u0161ola Miklav\u017e na Dravskem polju<\/a><\/span><\/li>\n<\/ul>\n<p>&nbsp;<\/p>\n<p><strong><span style=\"font-family: arial, helvetica, sans-serif\">Enote Zavoda O\u0160 Miklav\u017e na Dravskem polju:&nbsp;<\/span><\/strong><\/p>\n<table style=\"border-collapse: collapse;width: 100%;height: 480px\">\n<tbody>\n<tr style=\"height: 240px\">\n<td style=\"width: 50%;height: 240px\"><span style=\"font-family: arial, helvetica, sans-serif\"><strong>MATI\u010cNA \u0160OLA<\/strong><\/span><\/p>\n<p><span style=\"font-family: arial, helvetica, sans-serif\">Cesta v Dobrovce 21<\/span><\/p>\n<p><span style=\"font-family: arial, helvetica, sans-serif\">2204 Miklav\u017e na Dravskem polju<\/span><\/p>\n<p><span style=\"font-family: arial, helvetica, sans-serif\">Telefon: 02 \/ 629 02 40<\/span><\/p>\n<p><span style=\"font-family: arial, helvetica, sans-serif\">info@sola-miklavz.si<\/span><\/td>\n<td style=\"width: 50%;height: 240px\"><span style=\"font-family: arial, helvetica, sans-serif\"><strong>PODRU\u017dNICA DOBROVCE<\/strong><\/span><\/p>\n<p><span style=\"font-family: arial, helvetica, sans-serif\">\u0160olska ulica 1, Dobrovce<\/span><\/p>\n<p><span style=\"font-family: arial, helvetica, sans-serif\">2204 Miklav\u017e na Dravskem polju<\/span><\/p>\n<p><span style=\"font-family: arial, helvetica, sans-serif\">Telefon: 02 \/ 629 03 10<\/span><\/p>\n<p><span style=\"font-family: arial, helvetica, sans-serif\">info@sola-miklavz.si<\/span><\/td>\n<\/tr>\n<tr style=\"height: 240px\">\n<td style=\"width: 50%;height: 240px\"><span style=\"font-family: arial, helvetica, sans-serif\"><strong>VRTEC VRTILJAK MIKLAV\u017d<\/strong><\/span><\/p>\n<p><span style=\"font-family: arial, helvetica, sans-serif\">Cesta v Dobrovce 23<\/span><\/p>\n<p><span style=\"font-family: arial, helvetica, sans-serif\">2204 Miklav\u017e na Dravskem polju<\/span><\/p>\n<p><span style=\"font-family: arial, helvetica, sans-serif\">Telefon: 02\/ 629 02 57<\/span><\/p>\n<p><span style=\"font-family: arial, helvetica, sans-serif\">info@vrtec-miklavz.si<\/span><\/td>\n<td style=\"width: 50%;height: 240px\"><span style=\"font-family: arial, helvetica, sans-serif\"><strong>VRTEC CICIBAN<\/strong><\/span><\/p>\n<p><span style=\"font-family: arial, helvetica, sans-serif\">Kidri\u010deva cesta 55, Dobrovce<\/span><\/p>\n<p><span style=\"font-family: arial, helvetica, sans-serif\">2204 Miklav\u017e na Dravskem polju<\/span><\/p>\n<p><span style=\"font-family: arial, helvetica, sans-serif\">Telefon: 02\/ 629 13 30<\/span><\/p>\n<p><span style=\"font-family: arial, helvetica, sans-serif\">vrtec-ciciban@sola-miklavz.si<\/span><\/td>\n<\/tr>\n<\/tbody>\n<\/table>\n<p>&nbsp;<\/p>\n","protected":false},"excerpt":{"rendered":"<p>OSNOVNA \u0160OLA MIKLAV\u017d NA DRAVSKEM POLJU Cesta v Dobrovce 21, 2204 Miklav\u017e na Dravskem polju Dav\u010dna \u0161tevilka: 70073627 (nismo dav\u010dni zavezanec) Mati\u010dna \u0161tevilka: 5085276000 Transakcijski ra\u010dun: 01369-6030670076 \u0160ifra dejavnosti: 85.200 Telefon: 02 \/ 629 02 40 E-po\u0161ta: info@sola-miklavz.si Spletna stran: https:\/\/www.sola-miklavz.si\/ &nbsp; Odgovorna oseba:&nbsp;dr. Katarina Germ\u0161ek &#8211; ravnateljica Telefon: 02&#46;&#46;&#46;<\/p>\n","protected":false},"author":2448,"featured_media":0,"parent":0,"menu_order":0,"comment_status":"open","ping_status":"open","template":"","meta":{"ngg_post_thumbnail":0,"footnotes":"","_expiration-date-status":"","_expiration-date":0,"_expiration-date-type":"","_expiration-date-categories":[],"_expiration-date-options":[]},"class_list":["post-42","page","type-page","status-publish","hentry"],"_links":{"self":[{"href":"https:\/\/www.sola-miklavz.si\/index.php?rest_route=\/wp\/v2\/pages\/42","targetHints":{"allow":["GET"]}}],"collection":[{"href":"https:\/\/www.sola-miklavz.si\/index.php?rest_route=\/wp\/v2\/pages"}],"about":[{"href":"https:\/\/www.sola-miklavz.si\/index.php?rest_route=\/wp\/v2\/types\/page"}],"author":[{"embeddable":true,"href":"https:\/\/www.sola-miklavz.si\/index.php?rest_route=\/wp\/v2\/users\/2448"}],"replies":[{"embeddable":true,"href":"https:\/\/www.sola-miklavz.si\/index.php?rest_route=%2Fwp%2Fv2%2Fcomments&post=42"}],"version-history":[{"count":18,"href":"https:\/\/www.sola-miklavz.si\/index.php?rest_route=\/wp\/v2\/pages\/42\/revisions"}],"predecessor-version":[{"id":33024,"href":"https:\/\/www.sola-miklavz.si\/index.php?rest_route=\/wp\/v2\/pages\/42\/revisions\/33024"}],"wp:attachment":[{"href":"https:\/\/www.sola-miklavz.si\/index.php?rest_route=%2Fwp%2Fv2%2Fmedia&parent=42"}],"curies":[{"name":"wp","href":"https:\/\/api.w.org\/{rel}","templated":true}]}}