{"id":32673,"date":"2025-12-05T09:11:42","date_gmt":"2025-12-05T08:11:42","guid":{"rendered":"https:\/\/solamiklavz.splet.arnes.si\/?page_id=32673"},"modified":"2025-12-05T09:11:42","modified_gmt":"2025-12-05T08:11:42","slug":"poslovni-cas-uradne-ure","status":"publish","type":"page","link":"https:\/\/www.sola-miklavz.si\/?page_id=32673","title":{"rendered":"Poslovni \u010das, uradne ure"},"content":{"rendered":"<p><strong><span style=\"font-family: arial, helvetica, sans-serif\">POSLOVNI \u010cAS \u0160OLE<\/span><\/strong><\/p>\n<p><span style=\"font-family: arial, helvetica, sans-serif\">Mati\u010dna \u0161ola in podru\u017enica poslujeta pet dni v tednu, to je v ponedeljek, torek, sredo, \u010detrtek in petek, in sicer:<\/span><\/p>\n<ul>\n<li><span style=\"font-family: arial, helvetica, sans-serif\">raz\u0161irjen program jutranje dejavnosti od 6.15 do 8.15<\/span><\/li>\n<li><span style=\"font-family: arial, helvetica, sans-serif\">redni pouk od 7.30 do 15.30<\/span><\/li>\n<li><span style=\"font-family: arial, helvetica, sans-serif\">raz\u0161irjen program popoldanske dejavnosti od 12.05 do 16.15<\/span><\/li>\n<li><span style=\"font-family: arial, helvetica, sans-serif\">popoldanske dejavnosti v organizaciji \u0161ole (prireditve, roditeljski sestanki, pogovorne ure ipd.) od 16.00 dalje<\/span><\/li>\n<li><span style=\"font-family: arial, helvetica, sans-serif\">popoldanske dejavnosti v organizaciji najemnikov od 16.00 dalje<\/span><\/li>\n<\/ul>\n<p><span style=\"font-family: arial, helvetica, sans-serif\">Poslovni \u010das ob sobotah je dolo\u010den s \u0161olskim koledarjem.<\/span><\/p>\n<p><span style=\"font-family: arial, helvetica, sans-serif\">Ravnateljica lahko v izjemnih okoli\u0161\u010dinah (primer vi\u0161je sile, prireditve) odredi, da \u0161ola za\u010dasno posluje tudi izven uradnega poslovnega \u010dasa.<\/span><\/p>\n<p>&nbsp;<\/p>\n<p><strong><span style=\"font-family: arial, helvetica, sans-serif\">URADNE URE<\/span><\/strong><\/p>\n<p><span style=\"font-family: arial, helvetica, sans-serif\">Uradne ure so namenjene poslovanju z uporabniki storitev. Uradne ure se praviloma dolo\u010dijo v okviru poslovnega \u010dasa \u0161ole. Tajni\u0161tvo \u0161ole ima uradne ure vsak dan od ponedeljka do petka od 7.30 do 10.30 in od 12.10 do 14.30.<\/span><\/p>\n<p><span style=\"font-family: arial, helvetica, sans-serif\">Prej\u0161nji odstavek ne velja za ravnateljico \u0161ole.<\/span><\/p>\n<p><span style=\"font-family: arial, helvetica, sans-serif\">Glede na naravo dela in vrsto nalog imajo pedago\u0161ki delavci dolo\u010den \u010das za sodelovanje s star\u0161i:<\/span><\/p>\n<ul>\n<li><span style=\"font-family: arial, helvetica, sans-serif\">skupne in individualne govorilne ure,<\/span><\/li>\n<li><span style=\"font-family: arial, helvetica, sans-serif\">roditeljske sestanke,<\/span><\/li>\n<li><span style=\"font-family: arial, helvetica, sans-serif\">druge oblike dela s star\u0161i, dolo\u010dene z Letnim delovnim na\u010drtom \u0161ole.<\/span><\/li>\n<\/ul>\n<p><span style=\"font-family: arial, helvetica, sans-serif\">Uradne ure za uporabnike storitev na podru\u017eni\u010dni \u0161oli so na mati\u010dni \u0161oli.<\/span><\/p>\n<p><span style=\"font-family: arial, helvetica, sans-serif\">Ravnateljica sprejme star\u0161e po predhodni najavi, brez najave pa v nujnih primerih.<\/span><\/p>\n","protected":false},"excerpt":{"rendered":"<p>POSLOVNI \u010cAS \u0160OLE Mati\u010dna \u0161ola in podru\u017enica poslujeta pet dni v tednu, to je v ponedeljek, torek, sredo, \u010detrtek in petek, in sicer: raz\u0161irjen program jutranje dejavnosti od 6.15 do 8.15 redni pouk od 7.30 do 15.30 raz\u0161irjen program popoldanske dejavnosti od 12.05 do 16.15 popoldanske dejavnosti v organizaciji \u0161ole&#46;&#46;&#46;<\/p>\n","protected":false},"author":2448,"featured_media":0,"parent":0,"menu_order":0,"comment_status":"closed","ping_status":"closed","template":"","meta":{"ngg_post_thumbnail":0,"footnotes":"","_expiration-date-status":"","_expiration-date":0,"_expiration-date-type":"","_expiration-date-categories":[],"_expiration-date-options":[]},"class_list":["post-32673","page","type-page","status-publish","hentry"],"_links":{"self":[{"href":"https:\/\/www.sola-miklavz.si\/index.php?rest_route=\/wp\/v2\/pages\/32673","targetHints":{"allow":["GET"]}}],"collection":[{"href":"https:\/\/www.sola-miklavz.si\/index.php?rest_route=\/wp\/v2\/pages"}],"about":[{"href":"https:\/\/www.sola-miklavz.si\/index.php?rest_route=\/wp\/v2\/types\/page"}],"author":[{"embeddable":true,"href":"https:\/\/www.sola-miklavz.si\/index.php?rest_route=\/wp\/v2\/users\/2448"}],"replies":[{"embeddable":true,"href":"https:\/\/www.sola-miklavz.si\/index.php?rest_route=%2Fwp%2Fv2%2Fcomments&post=32673"}],"version-history":[{"count":1,"href":"https:\/\/www.sola-miklavz.si\/index.php?rest_route=\/wp\/v2\/pages\/32673\/revisions"}],"predecessor-version":[{"id":32674,"href":"https:\/\/www.sola-miklavz.si\/index.php?rest_route=\/wp\/v2\/pages\/32673\/revisions\/32674"}],"wp:attachment":[{"href":"https:\/\/www.sola-miklavz.si\/index.php?rest_route=%2Fwp%2Fv2%2Fmedia&parent=32673"}],"curies":[{"name":"wp","href":"https:\/\/api.w.org\/{rel}","templated":true}]}}