{"id":32619,"date":"2025-12-01T10:48:20","date_gmt":"2025-12-01T09:48:20","guid":{"rendered":"https:\/\/solamiklavz.splet.arnes.si\/?page_id=32619"},"modified":"2025-12-01T10:48:20","modified_gmt":"2025-12-01T09:48:20","slug":"vpis-in-prepis","status":"publish","type":"page","link":"https:\/\/www.sola-miklavz.si\/?page_id=32619","title":{"rendered":"Vpis in prepis"},"content":{"rendered":"<p><u>Po Zakonu o osnovni \u0161oli (Uradni list RS, \u0161t. <\/u><a href=\"https:\/\/www.uradni-list.si\/glasilo-uradni-list-rs\/vsebina\/2006-01-3535\">81\/06<\/a><u> \u2013 uradno pre\u010di\u0161\u010deno besedilo; 48.\u010dlen):<\/u><\/p>\n<p>\u010ce se u\u010denec, ki se je preselil v \u0161olski okoli\u0161 druge \u0161ole, \u017eeli prepisati na to osnovno \u0161olo, mu mora osnovna \u0161ola omogo\u010diti prepis. U\u010denec, ki se je preselil v \u0161olski okoli\u0161 druge osnovne \u0161ole, ima pravico dokon\u010dati \u0161olanje na osnovni \u0161oli, v katero je \u017ee vpisan.<\/p>\n<p>Star\u0161i lahko prepi\u0161ejo otroka v \u0161olo zunaj svojega \u0161olskega okoli\u0161a tudi v drugem in naslednjih razredih, vendar najpozneje 15 dni pred za\u010detkom novega \u0161olskega leta, \u010de osnovna \u0161ola, v katero \u017eelijo star\u0161i prepisati u\u010denca, s tem sogla\u0161a.<\/p>\n<p>\u010ce se \u017eeli u\u010denec prepisati iz zasebne osnovne \u0161ole v javno osnovno \u0161olo, ga javna osnovna \u0161ola v \u0161olskem okoli\u0161u, v katerem ima u\u010denec prijavljeno stalno oziroma za\u010dasno bivali\u0161\u010de, mora sprejeti.<\/p>\n<p>V primeru vpisa \u0161oloobveznih otrok s tujimi listinami o izobra\u017eevanju v osnovno\u0161olsko izobra\u017eevanje v Republiki Sloveniji osnovna \u0161ola na podlagi dokazil ugotovi, v kateri razred se bo otrok vklju\u010dil. Pri tem osnovna \u0161ola upo\u0161teva predlo\u017eena dokazila o predhodnem izobra\u017eevanju in starost otroka. Osnovna \u0161ola pri vklju\u010ditvi otroka lahko upo\u0161teva tudi njegovo poznavanje slovenskega jezika.<\/p>\n<p>&nbsp;<\/p>\n<p style=\"text-align: right\">Svetovalna slu\u017eba O\u0160 Miklav\u017e na Dravskem polju<\/p>\n<p>Priloga: <a href=\"https:\/\/www.sola-miklavz.si\/files\/2025\/12\/VLOGA-ZA-PRESOLANJE.pdf\" target=\"_blank\" rel=\"noopener\">Vloga za pre\u0161olanje<\/a><\/p>\n","protected":false},"excerpt":{"rendered":"<p>Po Zakonu o osnovni \u0161oli (Uradni list RS, \u0161t. 81\/06 \u2013 uradno pre\u010di\u0161\u010deno besedilo; 48.\u010dlen): \u010ce se u\u010denec, ki se je preselil v \u0161olski okoli\u0161 druge \u0161ole, \u017eeli prepisati na to osnovno \u0161olo, mu mora osnovna \u0161ola omogo\u010diti prepis. U\u010denec, ki se je preselil v \u0161olski okoli\u0161 druge osnovne \u0161ole,&#46;&#46;&#46;<\/p>\n","protected":false},"author":2448,"featured_media":0,"parent":0,"menu_order":0,"comment_status":"closed","ping_status":"closed","template":"","meta":{"ngg_post_thumbnail":0,"footnotes":"","_expiration-date-status":"","_expiration-date":0,"_expiration-date-type":"","_expiration-date-categories":[],"_expiration-date-options":[]},"class_list":["post-32619","page","type-page","status-publish","hentry"],"_links":{"self":[{"href":"https:\/\/www.sola-miklavz.si\/index.php?rest_route=\/wp\/v2\/pages\/32619","targetHints":{"allow":["GET"]}}],"collection":[{"href":"https:\/\/www.sola-miklavz.si\/index.php?rest_route=\/wp\/v2\/pages"}],"about":[{"href":"https:\/\/www.sola-miklavz.si\/index.php?rest_route=\/wp\/v2\/types\/page"}],"author":[{"embeddable":true,"href":"https:\/\/www.sola-miklavz.si\/index.php?rest_route=\/wp\/v2\/users\/2448"}],"replies":[{"embeddable":true,"href":"https:\/\/www.sola-miklavz.si\/index.php?rest_route=%2Fwp%2Fv2%2Fcomments&post=32619"}],"version-history":[{"count":1,"href":"https:\/\/www.sola-miklavz.si\/index.php?rest_route=\/wp\/v2\/pages\/32619\/revisions"}],"predecessor-version":[{"id":32621,"href":"https:\/\/www.sola-miklavz.si\/index.php?rest_route=\/wp\/v2\/pages\/32619\/revisions\/32621"}],"wp:attachment":[{"href":"https:\/\/www.sola-miklavz.si\/index.php?rest_route=%2Fwp%2Fv2%2Fmedia&parent=32619"}],"curies":[{"name":"wp","href":"https:\/\/api.w.org\/{rel}","templated":true}]}}