{"id":32617,"date":"2025-12-01T10:46:26","date_gmt":"2025-12-01T09:46:26","guid":{"rendered":"https:\/\/solamiklavz.splet.arnes.si\/?page_id=32617"},"modified":"2026-01-29T12:02:34","modified_gmt":"2026-01-29T11:02:34","slug":"vpis-v-1-razred-osnovne-sole","status":"publish","type":"page","link":"https:\/\/www.sola-miklavz.si\/?page_id=32617","title":{"rendered":"Splo\u0161ne informacije o vpisu v 1. razred"},"content":{"rendered":"<p><u>Po Zakonu o \u0161oli &nbsp;(Uradni list RS, \u0161t. <\/u><a href=\"https:\/\/www.uradni-list.si\/glasilo-uradni-list-rs\/vsebina\/2006-01-3535\">81\/06<\/a><u> \u2013 uradno pre\u010di\u0161\u010deno besedilo; 44.\u010dlen, 45.\u010dlen, 46.\u010dlen):<\/u><\/p>\n<p>Osnovna \u0161ola vpisuje otroke v 1. razred v mesecu <strong>februarju<\/strong> za naslednje \u0161olsko leto.<\/p>\n<p>Star\u0161i morajo v 1. razred osnovne \u0161ole vpisati otroke, ki bodo v koledarskem letu, v katerem bodo za\u010deli obiskovati osnovno \u0161olo, dopolnili \u0161est let.<\/p>\n<p>Star\u0161i imajo pravico in dol\u017enost vpisati otroka v javno osnovno \u0161olo ali v zasebno osnovno \u0161olo s koncesijo v \u0161olskem okoli\u0161u, v katerem ima otrok prijavljeno stalno oziroma za\u010dasno prebivali\u0161\u010de, javna osnovna \u0161ola oziroma zasebna osnovna \u0161ola s koncesijo v tem okoli\u0161u pa otroka mora vpisati. Javna osnovna \u0161ola oziroma zasebna osnovna \u0161ola s koncesijo mora otroka vpisati v 1. razred tudi po preteku roka za vpis, \u010de se preseli v \u0161olski okoli\u0161 te osnovne \u0161ole ali \u010de so star\u0161i otroka vpisali v zasebno osnovno \u0161olo in je slednja vpis zavrnila.<\/p>\n<p>Seznam otrok iz \u0161olskega okoli\u0161a, ki jih javna ali zasebna osnovna \u0161ola s koncesijo vpi\u0161e v 1. razred, si osnovna \u0161ola pridobi iz evidence \u0161oloobveznih otrok, ki jo vodi ministrstvo.<\/p>\n<p>Vpis v osnovno \u0161olo zunaj \u0161olskega okoli\u0161a, v katerem ima otrok prijavljeno stalno oziroma za\u010dasno prebivali\u0161\u010de, se izvede tako, da star\u0161i vpi\u0161ejo otroka v osnovno \u0161olo v svojem \u0161olskem okoli\u0161u, najpozneje v 14 dneh po izteku roka za vpis pa vlo\u017eijo pri osnovni \u0161oli, v katero \u017eelijo vpisati otroka, vlogo za prepis.<\/p>\n<p>Osnovna \u0161ola tri mesece pred za\u010detkom pouka star\u0161em izda potrdilo o \u0161olanju.<\/p>\n<p>&nbsp;<\/p>\n<p><strong><u>ODLO\u017dITEV \u0160OLANJA<\/u><\/strong><\/p>\n<p>Otroku se lahko za\u010detek \u0161olanja na predlog star\u0161ev, zdravstvene slu\u017ebe oziroma na podlagi odlo\u010dbe o usmeritvi odlo\u017ei za eno leto, \u010de se ugotovi, da otrok ni pripravljen za vstop v osnovno \u0161olo. Star\u0161i oziroma zdravstvena slu\u017eba lahko predlog za odlo\u017eitev \u0161olanja vlo\u017eijo najpozneje do <strong>31. marca<\/strong> teko\u010dega leta za naslednje \u0161olsko leto.<\/p>\n<p>U\u010dencu se lahko med \u0161olskim letom v 1. razredu na predlog star\u0161ev oziroma na predlog \u0161olske svetovalne slu\u017ebe ali zdravstvene slu\u017ebe v soglasju s star\u0161i iz zdravstvenih in drugih razlogov odlo\u017ei \u0161olanje do naslednjega \u0161olskega leta. Predlog za odlo\u017eitev \u0161olanja se lahko vlo\u017ei do 31. oktobra teko\u010dega \u0161olskega leta.<\/p>\n<p>&nbsp;<\/p>\n<p><strong><u>UGOTAVLJANJE PRIPRAVLJENOSTI<\/u><\/strong><\/p>\n<p>Ob vpisu otroka v osnovno \u0161olo se lahko na \u017eeljo star\u0161ev ugotavlja pripravljenost otroka za vstop v \u0161olo.<\/p>\n<p>\u010ce star\u0161i predlagajo odlo\u017eitev \u0161olanja, ker menijo, da njihov otrok ni pripravljen za vstop v \u0161olo, oziroma \u010de odlo\u017eitev \u0161olanja predlaga zdravstvena slu\u017eba, je ugotavljanje pripravljenosti otroka za vstop v \u0161olo obvezno.<\/p>\n<p>&nbsp;<\/p>\n<p style=\"text-align: right\">Svetovalna slu\u017eba O\u0160 Miklav\u017e na Dravskem polju<\/p>\n<p>&nbsp;<\/p>\n<p>&nbsp;<\/p>\n","protected":false},"excerpt":{"rendered":"<p>Po Zakonu o \u0161oli &nbsp;(Uradni list RS, \u0161t. 81\/06 \u2013 uradno pre\u010di\u0161\u010deno besedilo; 44.\u010dlen, 45.\u010dlen, 46.\u010dlen): Osnovna \u0161ola vpisuje otroke v 1. razred v mesecu februarju za naslednje \u0161olsko leto. Star\u0161i morajo v 1. razred osnovne \u0161ole vpisati otroke, ki bodo v koledarskem letu, v katerem bodo za\u010deli obiskovati osnovno&#46;&#46;&#46;<\/p>\n","protected":false},"author":2448,"featured_media":0,"parent":0,"menu_order":0,"comment_status":"closed","ping_status":"closed","template":"","meta":{"ngg_post_thumbnail":0,"footnotes":"","_expiration-date-status":"","_expiration-date":0,"_expiration-date-type":"","_expiration-date-categories":[],"_expiration-date-options":[]},"class_list":["post-32617","page","type-page","status-publish","hentry"],"_links":{"self":[{"href":"https:\/\/www.sola-miklavz.si\/index.php?rest_route=\/wp\/v2\/pages\/32617","targetHints":{"allow":["GET"]}}],"collection":[{"href":"https:\/\/www.sola-miklavz.si\/index.php?rest_route=\/wp\/v2\/pages"}],"about":[{"href":"https:\/\/www.sola-miklavz.si\/index.php?rest_route=\/wp\/v2\/types\/page"}],"author":[{"embeddable":true,"href":"https:\/\/www.sola-miklavz.si\/index.php?rest_route=\/wp\/v2\/users\/2448"}],"replies":[{"embeddable":true,"href":"https:\/\/www.sola-miklavz.si\/index.php?rest_route=%2Fwp%2Fv2%2Fcomments&post=32617"}],"version-history":[{"count":5,"href":"https:\/\/www.sola-miklavz.si\/index.php?rest_route=\/wp\/v2\/pages\/32617\/revisions"}],"predecessor-version":[{"id":33097,"href":"https:\/\/www.sola-miklavz.si\/index.php?rest_route=\/wp\/v2\/pages\/32617\/revisions\/33097"}],"wp:attachment":[{"href":"https:\/\/www.sola-miklavz.si\/index.php?rest_route=%2Fwp%2Fv2%2Fmedia&parent=32617"}],"curies":[{"name":"wp","href":"https:\/\/api.w.org\/{rel}","templated":true}]}}