{"id":32378,"date":"2025-11-12T11:22:20","date_gmt":"2025-11-12T10:22:20","guid":{"rendered":"https:\/\/solamiklavz.splet.arnes.si\/?page_id=32378"},"modified":"2025-11-12T11:24:31","modified_gmt":"2025-11-12T10:24:31","slug":"kontakt","status":"publish","type":"page","link":"https:\/\/www.sola-miklavz.si\/?page_id=32378","title":{"rendered":"Kontakt"},"content":{"rendered":"<p><img loading=\"lazy\" decoding=\"async\" class=\"size-full wp-image-281 alignright\" src=\"https:\/\/www.sola-miklavz.si\/files\/2015\/03\/kontakt.jpg\" alt=\"kontakt\" width=\"150\" height=\"137\" srcset=\"https:\/\/www.sola-miklavz.si\/files\/2015\/03\/kontakt.jpg 150w, https:\/\/www.sola-miklavz.si\/files\/2015\/03\/kontakt-60x55.jpg 60w\" sizes=\"auto, (max-width: 150px) 100vw, 150px\" \/><\/p>\n<table width=\"473\">\n<tbody>\n<tr>\n<td width=\"473\">Ravnateljica:<\/p>\n<p><strong>dr. Katarina Germ\u0161ek<\/strong><\/p>\n<p>Tel.: 02 \/ 629 02 41<\/p>\n<p>e-po\u0161ta: katarina.germsek@sola-miklavz.si<\/td>\n<\/tr>\n<tr>\n<td width=\"473\">Pomo\u010dnica ravnateljice:<\/p>\n<p><strong>\u017diva Krajnc<br \/>\n<\/strong><\/p>\n<p>Tel.: 02 \/ 629 02 44<\/p>\n<p>e-po\u0161ta: ziva.krajnc@sola-miklavz.si<\/td>\n<\/tr>\n<tr>\n<td width=\"473\">Pomo\u010dnica ravnateljice:<\/p>\n<p><strong>\u0160pela Mesari\u010d<br \/>\n<\/strong><\/p>\n<p>Tel.: 02 \/ 629 02 44<\/p>\n<p>e-po\u0161ta: spela.mesaric@sola-miklavz.si<\/td>\n<\/tr>\n<tr>\n<td width=\"473\">Vodja podru\u017enice:<\/p>\n<p><strong>Alenka Primec<\/strong><\/p>\n<p>Tel.: 02 \/ 629 03 10<\/p>\n<p>e-po\u0161ta: alenka.primec@sola-miklavz.si<\/td>\n<\/tr>\n<tr>\n<td width=\"473\">Tajni\u0161tvo:<\/p>\n<p><strong>Sabina Adami\u010d<\/strong><\/p>\n<p>Tel:. 02 \/ 629 02 40<\/p>\n<p>e-po\u0161ta: sabina.adamic@sola-miklavz.si<\/td>\n<\/tr>\n<tr>\n<td width=\"473\">Ra\u010dunovodstvo:<\/p>\n<p><strong>Anita Ko\u017eel<\/strong><\/p>\n<p>Tel.: 02 \/ 629 02 42<\/p>\n<p>e-po\u0161ta: anita.kozel@sola-miklavz.si<\/td>\n<\/tr>\n<tr>\n<td width=\"473\">Knjigovodstvo\/administracija:<\/p>\n<p><strong>Bernarda Topolovec<\/strong><\/p>\n<p>Tel.: 02 \/ 629 02 43<\/p>\n<p>e-po\u0161ta: bernarda.topolovec@sola-miklavz.si<\/td>\n<\/tr>\n<tr>\n<td width=\"473\">Svetovalne delavke:<\/p>\n<p><strong>Vesna Jelen Godunc, \u017diva Krajnc, Bojana Juki\u0107<\/strong><\/p>\n<p>Tel.: 02 \/ 629 02 45<\/p>\n<p>e-po\u0161ta: vesna.jelen-godunc@sola-miklavz.si, ziva.krajnc@sola-miklavz.si, bojana.jukic@sola-miklavz.si<\/td>\n<\/tr>\n<tr>\n<td width=\"473\">U\u010diteljice individualne u\u010dne pomo\u010di:<\/p>\n<p><strong>Zdenka Ro\u0161kari\u010d Duh, Andreja Rinc Uro\u0161evi\u0107<\/strong><\/p>\n<p>Tel.: 02 \/ 629 02 46<\/p>\n<p>e-po\u0161ta: zdenka.roskaric-duh@sola-miklavz.si, andreja.rinc@sola-miklavz.si<\/td>\n<\/tr>\n<tr>\n<td width=\"473\">Knji\u017enica:<\/p>\n<p><strong>Petra \u017dunko, Katja Rinc<\/strong><\/p>\n<p>Tel.: 02 \/ 629 02 47<\/p>\n<p>e-po\u0161ta: petra.zunko@sola-miklavz.si, katja.rinc@sola-miklavz.si<\/td>\n<\/tr>\n<tr>\n<td width=\"473\">Ra\u010dunalnikar, organizator informacijskih dejavnosti:<\/p>\n<p><strong>Matja\u017e \u017duran<\/strong><\/p>\n<p>Tel.: 02 \/629 02 53<\/p>\n<p>e-po\u0161ta: matjaz.zuran@sola-miklavz.si<\/td>\n<\/tr>\n<tr>\n<td width=\"473\">Zbornica: 02 \/ 629 02 50<\/td>\n<\/tr>\n<tr>\n<td width=\"473\">Zobna ambulanta: 02 \/ 333 18 48<\/td>\n<\/tr>\n<\/tbody>\n<\/table>\n<p>&nbsp;<\/p>\n<p>&nbsp;<\/p>\n<p>&nbsp;<\/p>\n","protected":false},"excerpt":{"rendered":"<p>Ravnateljica: dr. Katarina Germ\u0161ek Tel.: 02 \/ 629 02 41 e-po\u0161ta: katarina.germsek@sola-miklavz.si Pomo\u010dnica ravnateljice: \u017diva Krajnc Tel.: 02 \/ 629 02 44 e-po\u0161ta: ziva.krajnc@sola-miklavz.si Pomo\u010dnica ravnateljice: \u0160pela Mesari\u010d Tel.: 02 \/ 629 02 44 e-po\u0161ta: spela.mesaric@sola-miklavz.si Vodja podru\u017enice: Alenka Primec Tel.: 02 \/ 629 03 10 e-po\u0161ta: alenka.primec@sola-miklavz.si Tajni\u0161tvo: Sabina&#46;&#46;&#46;<\/p>\n","protected":false},"author":2448,"featured_media":0,"parent":0,"menu_order":0,"comment_status":"closed","ping_status":"closed","template":"","meta":{"ngg_post_thumbnail":0,"footnotes":"","_expiration-date-status":"","_expiration-date":0,"_expiration-date-type":"","_expiration-date-categories":[],"_expiration-date-options":[]},"class_list":["post-32378","page","type-page","status-publish","hentry"],"_links":{"self":[{"href":"https:\/\/www.sola-miklavz.si\/index.php?rest_route=\/wp\/v2\/pages\/32378","targetHints":{"allow":["GET"]}}],"collection":[{"href":"https:\/\/www.sola-miklavz.si\/index.php?rest_route=\/wp\/v2\/pages"}],"about":[{"href":"https:\/\/www.sola-miklavz.si\/index.php?rest_route=\/wp\/v2\/types\/page"}],"author":[{"embeddable":true,"href":"https:\/\/www.sola-miklavz.si\/index.php?rest_route=\/wp\/v2\/users\/2448"}],"replies":[{"embeddable":true,"href":"https:\/\/www.sola-miklavz.si\/index.php?rest_route=%2Fwp%2Fv2%2Fcomments&post=32378"}],"version-history":[{"count":3,"href":"https:\/\/www.sola-miklavz.si\/index.php?rest_route=\/wp\/v2\/pages\/32378\/revisions"}],"predecessor-version":[{"id":32382,"href":"https:\/\/www.sola-miklavz.si\/index.php?rest_route=\/wp\/v2\/pages\/32378\/revisions\/32382"}],"wp:attachment":[{"href":"https:\/\/www.sola-miklavz.si\/index.php?rest_route=%2Fwp%2Fv2%2Fmedia&parent=32378"}],"curies":[{"name":"wp","href":"https:\/\/api.w.org\/{rel}","templated":true}]}}