{"id":24195,"date":"2023-04-13T13:13:05","date_gmt":"2023-04-13T11:13:05","guid":{"rendered":"https:\/\/solamiklavz.splet.arnes.si\/?page_id=24195"},"modified":"2023-04-13T13:17:38","modified_gmt":"2023-04-13T11:17:38","slug":"ir-optika-2-in-posodobitev-omrezij-lan-na-viz","status":"publish","type":"page","link":"https:\/\/www.sola-miklavz.si\/?page_id=24195","title":{"rendered":"IR optika 2 in Posodobitev omre\u017eij LAN na VIZ"},"content":{"rendered":"<p><strong>Kratek opis operacije IR optika 2 in kratek opis operacije Posodobitev omre\u017eij LAN na VIZ<\/strong><\/p>\n<ul>\n<li><strong>IR optika 2<\/strong><\/li>\n<\/ul>\n<p>Naziv operacije: Vzpostavitev opti\u010dne povezljivosti za zavode s podro\u010dja raziskovanja in izobra\u017eevanja \u2013 IR optika 2<\/p>\n<p>Cilji projekta: Namen projekta <a href=\"https:\/\/www.arnes.si\/ir-optika-2\/\" target=\"_blank\" rel=\"noopener\">IR optika 2<\/a> je vzpostaviti opti\u010dne povezave pri \u010dim ve\u010d javnih zavodih s podro\u010dja vzgoje in izobra\u017eevanja, ki \u0161e nimajo lastne opti\u010dne povezave in pri tistih zavodih, ki uporabljajo opti\u010dne povezave, vendar zanje pla\u010dujejo visoke stro\u0161ke zakupa. Skupna vrednost programa zna\u0161a 5.900.000 \u20ac, sredstva mehanizma za okrevanje in odpornost zna\u0161ajo 4.836.065,57 \u20ac.<\/p>\n<ul>\n<li><strong>Posodobitev omre\u017eij LAN na VIZ<\/strong><\/li>\n<\/ul>\n<p>Naziv operacije: Posodobitev ra\u010dunalni\u0161kih omre\u017eij LAN na VIZ v osnovnem in srednjem \u0161olstvu ter organizacijah za izobra\u017eevanje odraslih<\/p>\n<p>Cilji projekta: Namen projekta <a href=\"https:\/\/www.arnes.si\/posodobitev-omrezij-lan-na-viz\/\" target=\"_blank\" rel=\"noopener\">Posodobitev omre\u017eij LAN na VIZ<\/a> je posodobiti ra\u010dunalni\u0161ka omre\u017eja; pregled obstoje\u010dega stanja, izdelava na\u010drta posodobitve, izvedba posodobitve \u2013 nadgradnja aktivne in pasivne opreme v osnovnem in srednjem \u0161olstvu ter na organizacijah izobra\u017eevanja za odrasle. Skupna vrednost programa zna\u0161a 5.533.333,81 \u20ac, sredstva mehanizma za okrevanje in odpornost zna\u0161ajo 4.605.647 \u20ac.<\/p>\n<p><strong> Logotipi Arnesa, MVI, NOO in EU<\/strong><\/p>\n<p><img loading=\"lazy\" decoding=\"async\" class=\"size-full wp-image-24196 alignnone\" src=\"https:\/\/www.sola-miklavz.si\/files\/2023\/04\/NOO_Arnes_Ministrstvo-za-vzgojo-in-izobrazevanje_EU.png\" alt=\"\" width=\"485\" height=\"119\" srcset=\"https:\/\/www.sola-miklavz.si\/files\/2023\/04\/NOO_Arnes_Ministrstvo-za-vzgojo-in-izobrazevanje_EU.png 485w, https:\/\/www.sola-miklavz.si\/files\/2023\/04\/NOO_Arnes_Ministrstvo-za-vzgojo-in-izobrazevanje_EU-300x74.png 300w\" sizes=\"auto, (max-width: 485px) 100vw, 485px\" \/><\/p>\n<p><strong>Obrazlo\u017eitev vloge Evropske unije<br \/>\n<\/strong><\/p>\n<p>Na\u010drt za okrevanje in odpornost je podlaga za kori\u0161\u010denje sredstev evropskega Mehanizma za okrevanje in odpornost. Pripomogel bo k okrevanju slovenskega gospodarstva in prispeval k bla\u017eitvi socialnih posledic pandemije covida-19. Z izvedbo na\u010drtovanih reform in nalo\u017eb za zeleni in digitalni prehod bo slovenska dru\u017eba bolj trajnostna, odpornej\u0161a in bolje pripravljena na izzive prihodnosti. NOO sofinancirata Evropska unija in Ministrstvo za vzgojo in izobra\u017eevanje v okviru odziva Unije na pandemijo COVID-19.<\/p>\n<p><strong>Povezava na spletno stran Na\u010drta za okrevanje in odpornost<\/strong><\/p>\n<p>Vse informacije o izvajanju Na\u010drta za okrevanje in odpornost (NOO) v Republiki Sloveniji najdete na spletni strani <a href=\"https:\/\/www.gov.si\/zbirke\/projekti-in-programi\/nacrt-za-okrevanje-in-odpornost\" target=\"_blank\" rel=\"noopener\">noo.gov.si<\/a>.<\/p>\n<p>&nbsp;<\/p>\n<p>&nbsp;<\/p>\n","protected":false},"excerpt":{"rendered":"<p>Kratek opis operacije IR optika 2 in kratek opis operacije Posodobitev omre\u017eij LAN na VIZ IR optika 2 Naziv operacije: Vzpostavitev opti\u010dne povezljivosti za zavode s podro\u010dja raziskovanja in izobra\u017eevanja \u2013 IR optika 2 Cilji projekta: Namen projekta IR optika 2 je vzpostaviti opti\u010dne povezave pri \u010dim ve\u010d javnih zavodih&#46;&#46;&#46;<\/p>\n","protected":false},"author":2448,"featured_media":0,"parent":0,"menu_order":0,"comment_status":"closed","ping_status":"closed","template":"","meta":{"ngg_post_thumbnail":0,"footnotes":"","_expiration-date-status":"","_expiration-date":0,"_expiration-date-type":"","_expiration-date-categories":[],"_expiration-date-options":[]},"class_list":["post-24195","page","type-page","status-publish","hentry"],"_links":{"self":[{"href":"https:\/\/www.sola-miklavz.si\/index.php?rest_route=\/wp\/v2\/pages\/24195","targetHints":{"allow":["GET"]}}],"collection":[{"href":"https:\/\/www.sola-miklavz.si\/index.php?rest_route=\/wp\/v2\/pages"}],"about":[{"href":"https:\/\/www.sola-miklavz.si\/index.php?rest_route=\/wp\/v2\/types\/page"}],"author":[{"embeddable":true,"href":"https:\/\/www.sola-miklavz.si\/index.php?rest_route=\/wp\/v2\/users\/2448"}],"replies":[{"embeddable":true,"href":"https:\/\/www.sola-miklavz.si\/index.php?rest_route=%2Fwp%2Fv2%2Fcomments&post=24195"}],"version-history":[{"count":1,"href":"https:\/\/www.sola-miklavz.si\/index.php?rest_route=\/wp\/v2\/pages\/24195\/revisions"}],"predecessor-version":[{"id":24197,"href":"https:\/\/www.sola-miklavz.si\/index.php?rest_route=\/wp\/v2\/pages\/24195\/revisions\/24197"}],"wp:attachment":[{"href":"https:\/\/www.sola-miklavz.si\/index.php?rest_route=%2Fwp%2Fv2%2Fmedia&parent=24195"}],"curies":[{"name":"wp","href":"https:\/\/api.w.org\/{rel}","templated":true}]}}