{"id":23463,"date":"2023-01-25T10:45:48","date_gmt":"2023-01-25T09:45:48","guid":{"rendered":"https:\/\/solamiklavz.splet.arnes.si\/?page_id=23463"},"modified":"2023-02-23T12:11:44","modified_gmt":"2023-02-23T11:11:44","slug":"varstvo-osebnih-podatkov-pooblascena-oseba-za-varstvo-podatkov","status":"publish","type":"page","link":"https:\/\/www.sola-miklavz.si\/?page_id=23463","title":{"rendered":"Poobla\u0161\u010dena oseba za varstvo podatkov"},"content":{"rendered":"<p><em>V skladu z dolo\u010dilom 37. \u010dlena Uredbe EU 2016\/679 Evropskega parlamenta in sveta z&nbsp;dne&nbsp;27. aprila 2016 smo za poobla\u0161\u010deno osebo za varstvo podatkov imenovali dru\u017ebo:<\/em><\/p>\n<p><a href=\"http:\/\/datainfo.si\/\" target=\"_blank\" rel=\"noopener\"><em>DATAINFO.SI<\/em><\/a><em>, d.o.o.<br \/>\nTr\u017ea\u0161ka cesta 85, SI-2000 Maribor<br \/>\n<\/em><a href=\"http:\/\/www.datainfo.si\/\"><em>www.datainfo.si<\/em><\/a><em><br \/>\ne-po\u0161ta:&nbsp;<\/em><a href=\"mailto:dpo@datainfo.si\"><em>dpo@datainfo.si<\/em><\/a><em><br \/>\ntelefon: +386 (0) 2 620 4 300<\/em><\/p>\n","protected":false},"excerpt":{"rendered":"<p>V skladu z dolo\u010dilom 37. \u010dlena Uredbe EU 2016\/679 Evropskega parlamenta in sveta z&nbsp;dne&nbsp;27. aprila 2016 smo za poobla\u0161\u010deno osebo za varstvo podatkov imenovali dru\u017ebo: DATAINFO.SI, d.o.o. Tr\u017ea\u0161ka cesta 85, SI-2000 Maribor www.datainfo.si e-po\u0161ta:&nbsp;dpo@datainfo.si telefon: +386 (0) 2 620 4 300<\/p>\n","protected":false},"author":2448,"featured_media":0,"parent":0,"menu_order":0,"comment_status":"closed","ping_status":"closed","template":"","meta":{"ngg_post_thumbnail":0,"footnotes":"","_expiration-date-status":"","_expiration-date":0,"_expiration-date-type":"","_expiration-date-categories":[],"_expiration-date-options":[]},"class_list":["post-23463","page","type-page","status-publish","hentry"],"_links":{"self":[{"href":"https:\/\/www.sola-miklavz.si\/index.php?rest_route=\/wp\/v2\/pages\/23463","targetHints":{"allow":["GET"]}}],"collection":[{"href":"https:\/\/www.sola-miklavz.si\/index.php?rest_route=\/wp\/v2\/pages"}],"about":[{"href":"https:\/\/www.sola-miklavz.si\/index.php?rest_route=\/wp\/v2\/types\/page"}],"author":[{"embeddable":true,"href":"https:\/\/www.sola-miklavz.si\/index.php?rest_route=\/wp\/v2\/users\/2448"}],"replies":[{"embeddable":true,"href":"https:\/\/www.sola-miklavz.si\/index.php?rest_route=%2Fwp%2Fv2%2Fcomments&post=23463"}],"version-history":[{"count":2,"href":"https:\/\/www.sola-miklavz.si\/index.php?rest_route=\/wp\/v2\/pages\/23463\/revisions"}],"predecessor-version":[{"id":23718,"href":"https:\/\/www.sola-miklavz.si\/index.php?rest_route=\/wp\/v2\/pages\/23463\/revisions\/23718"}],"wp:attachment":[{"href":"https:\/\/www.sola-miklavz.si\/index.php?rest_route=%2Fwp%2Fv2%2Fmedia&parent=23463"}],"curies":[{"name":"wp","href":"https:\/\/api.w.org\/{rel}","templated":true}]}}