{"id":23303,"date":"2023-01-09T09:24:36","date_gmt":"2023-01-09T08:24:36","guid":{"rendered":"https:\/\/solamiklavz.splet.arnes.si\/?page_id=23303"},"modified":"2023-01-09T11:56:50","modified_gmt":"2023-01-09T10:56:50","slug":"moj-cobiss-moja-knjiznica","status":"publish","type":"page","link":"https:\/\/www.sola-miklavz.si\/?page_id=23303","title":{"rendered":"Moj COBISS (Moja knji\u017enica)"},"content":{"rendered":"<p><strong>Moj COBISS (Moja knji\u017enica)<\/strong> je elektronski portal, ki omogo\u010da \u010dlanom \u0161olske knji\u017enice O\u0160 Miklav\u017e na Dravskem polju <strong>pregled izposojenega gradiva, podalj\u0161anje roka izposoje, preklic rezervacij, e-obve\u0161\u010danje&#8230;<\/strong><\/p>\n<p><a href=\"https:\/\/plus.cobiss.net\/cobiss\/si\/sl\/user\/login?redirect=\/bib\/search\" target=\"_blank\" rel=\"noopener\">Povezava do portala Moj COBISS (Moja knji\u017enica) &#8211; klik!<\/a><\/p>\n<p>Za <strong>prijavo<\/strong> uporabimo <strong>Arnes AAI ra\u010dun <\/strong>(na prijavni strani ni potrebno vpisovati nobenih drugih podatkov)!<\/p>\n<p><img loading=\"lazy\" decoding=\"async\" class=\"alignleft wp-image-23307\" src=\"https:\/\/www.sola-miklavz.si\/files\/2023\/01\/mojaknjAAI-269x300.jpg\" alt=\"\" width=\"370\" height=\"412\" srcset=\"https:\/\/www.sola-miklavz.si\/files\/2023\/01\/mojaknjAAI-269x300.jpg 269w, https:\/\/www.sola-miklavz.si\/files\/2023\/01\/mojaknjAAI.jpg 580w\" sizes=\"auto, (max-width: 370px) 100vw, 370px\" \/><\/p>\n","protected":false},"excerpt":{"rendered":"<p>Moj COBISS (Moja knji\u017enica) je elektronski portal, ki omogo\u010da \u010dlanom \u0161olske knji\u017enice O\u0160 Miklav\u017e na Dravskem polju pregled izposojenega gradiva, podalj\u0161anje roka izposoje, preklic rezervacij, e-obve\u0161\u010danje&#8230; Povezava do portala Moj COBISS (Moja knji\u017enica) &#8211; klik! Za prijavo uporabimo Arnes AAI ra\u010dun (na prijavni strani ni potrebno vpisovati nobenih drugih podatkov)!<\/p>\n","protected":false},"author":2448,"featured_media":0,"parent":0,"menu_order":0,"comment_status":"closed","ping_status":"closed","template":"","meta":{"ngg_post_thumbnail":0,"footnotes":"","_expiration-date-status":"","_expiration-date":0,"_expiration-date-type":"","_expiration-date-categories":[],"_expiration-date-options":[]},"class_list":["post-23303","page","type-page","status-publish","hentry"],"_links":{"self":[{"href":"https:\/\/www.sola-miklavz.si\/index.php?rest_route=\/wp\/v2\/pages\/23303","targetHints":{"allow":["GET"]}}],"collection":[{"href":"https:\/\/www.sola-miklavz.si\/index.php?rest_route=\/wp\/v2\/pages"}],"about":[{"href":"https:\/\/www.sola-miklavz.si\/index.php?rest_route=\/wp\/v2\/types\/page"}],"author":[{"embeddable":true,"href":"https:\/\/www.sola-miklavz.si\/index.php?rest_route=\/wp\/v2\/users\/2448"}],"replies":[{"embeddable":true,"href":"https:\/\/www.sola-miklavz.si\/index.php?rest_route=%2Fwp%2Fv2%2Fcomments&post=23303"}],"version-history":[{"count":7,"href":"https:\/\/www.sola-miklavz.si\/index.php?rest_route=\/wp\/v2\/pages\/23303\/revisions"}],"predecessor-version":[{"id":23322,"href":"https:\/\/www.sola-miklavz.si\/index.php?rest_route=\/wp\/v2\/pages\/23303\/revisions\/23322"}],"wp:attachment":[{"href":"https:\/\/www.sola-miklavz.si\/index.php?rest_route=%2Fwp%2Fv2%2Fmedia&parent=23303"}],"curies":[{"name":"wp","href":"https:\/\/api.w.org\/{rel}","templated":true}]}}