{"id":19031,"date":"2021-09-09T12:07:41","date_gmt":"2021-09-09T10:07:41","guid":{"rendered":"https:\/\/solamiklavz.splet.arnes.si\/?page_id=19031"},"modified":"2025-09-02T07:48:38","modified_gmt":"2025-09-02T05:48:38","slug":"razsirjen-program-rap-gibanje","status":"publish","type":"page","link":"https:\/\/www.sola-miklavz.si\/?page_id=19031","title":{"rendered":"Raz\u0161irjen program &#8211; RaP"},"content":{"rendered":"<p>V \u0161olskem letu 2025\/26 izvajamo dejavnosti raz\u0161irjenega programa.&nbsp;Na\u0161a \u0161ola odpre svoja vrata ob 6:15 in jih zapre ob 16:15. U\u010denci se lahko vklju\u010dujejo v razli\u010dne dejavnosti raz\u0161irjenega programa pred in po pouku. Vklju\u010ditev v raz\u0161irjen program je <strong>prostovoljna<\/strong>.&nbsp;Glede na lastni interes si lahko u\u010denci pred ali po pouku izberejo navedene dejavnosti.<\/p>\n<p>V kolikor otrok ne izbere nobene dejavnosti, bo vseeno vklju\u010den v dejavnost po urniku raz\u0161irjenega programa.<\/p>\n<p>Dejavnosti lahko ozna\u010dite na prijavnici, ki jo bodo u\u010denci prinesli domov ali preko lopolisa za star\u0161e (dostop preko lopolisa bo mo\u017een od 30.8.2025).<\/p>\n<p>Pred prijavo si oglejte urnik in vsebino dejavnosti raz\u0161irjenega programa v katalogu.&nbsp;Prosimo, da prijavnice izpolnite do 5. 9. 2025.<\/p>\n<ul>\n<li><a href=\"https:\/\/www.sola-miklavz.si\/files\/2025\/08\/Katalog-ponudbe-RaP.pdf\" target=\"_blank\" rel=\"noopener\">Katalog ponudbe RaP<\/a><\/li>\n<\/ul>\n<p>Dejavnosti RaP:<\/p>\n<ul>\n<li><a href=\"https:\/\/www.sola-miklavz.si\/files\/2025\/08\/Dejavnosti_Rap1a_202526.pdf\" target=\"_blank\" rel=\"noopener\">Dejavnosti RaP 1.a 2025\/26<\/a><\/li>\n<li><a href=\"https:\/\/www.sola-miklavz.si\/files\/2025\/08\/Dejavnosti_Rap1b_202526.pdf\">Dejavnosti RaP 1.b 2025\/26<\/a><\/li>\n<li><a href=\"https:\/\/www.sola-miklavz.si\/files\/2025\/08\/Dejavnosti_RaP1c_202526.pdf\" target=\"_blank\" rel=\"noopener\">Dejavnosti RaP 1.c 2025\/26<\/a><\/li>\n<li><a href=\"https:\/\/www.sola-miklavz.si\/files\/2025\/08\/Dejavnosti_RaP2a_202526.pdf\" target=\"_blank\" rel=\"noopener\">Dejavnosti RaP 2.a 2025\/26<\/a><\/li>\n<li><a href=\"https:\/\/www.sola-miklavz.si\/files\/2025\/09\/Dejavnosti_RaP2b_202526.pdf\" target=\"_blank\" rel=\"noopener\">Dejavnosti RaP 2.b 2025\/26<\/a><\/li>\n<li><a href=\"https:\/\/www.sola-miklavz.si\/files\/2025\/08\/Dejavnosti_RaP2c_202526.pdf\" target=\"_blank\" rel=\"noopener\">Dejavnosti RaP 2.c 2025\/26<\/a><\/li>\n<li><a href=\"https:\/\/www.sola-miklavz.si\/files\/2025\/08\/Dejavnosti_Rap3a_202526.pdf\" target=\"_blank\" rel=\"noopener\">Dejavnosti RaP 3.a 2025\/26<\/a><\/li>\n<li><a href=\"https:\/\/www.sola-miklavz.si\/files\/2025\/08\/Dejavnosti_Rap3b_202526.pdf\" target=\"_blank\" rel=\"noopener\">Dejavnosti RaP 3.b 2025\/26<\/a><\/li>\n<li><a href=\"https:\/\/www.sola-miklavz.si\/files\/2025\/08\/Dejavnosti_Rap3c_202526.pdf\" target=\"_blank\" rel=\"noopener\">Dejavnosti RaP 3.c 2025\/26<\/a><\/li>\n<li><a href=\"https:\/\/www.sola-miklavz.si\/files\/2025\/08\/Dejavnosti_Rap4a_202526.pdf\" target=\"_blank\" rel=\"noopener\">Dejavnosti RaP 4.a 2025\/26<\/a><\/li>\n<li><a href=\"https:\/\/www.sola-miklavz.si\/files\/2025\/08\/Dejavnosti_Rap4b_202526.pdf\" target=\"_blank\" rel=\"noopener\">Dejavnosti RaP 4.b 2025\/26<\/a><\/li>\n<li><a href=\"https:\/\/www.sola-miklavz.si\/files\/2025\/08\/Dejavnosti_RaP4c_202526.pdf\" target=\"_blank\" rel=\"noopener\">Dejavnosti RaP 4.c 2025\/26<\/a><\/li>\n<li><a href=\"https:\/\/www.sola-miklavz.si\/files\/2025\/08\/Dejavnosti_Rap5a_202526.pdf\" target=\"_blank\" rel=\"noopener\">Dejavnosti RaP 5.a 2025\/26<\/a><\/li>\n<li><a href=\"https:\/\/www.sola-miklavz.si\/files\/2025\/09\/Dejavnosti_RaP5b_202526.pdf\" target=\"_blank\" rel=\"noopener\">Dejavnosti RaP 5.b 2025\/26<\/a><\/li>\n<li><a href=\"https:\/\/www.sola-miklavz.si\/files\/2025\/09\/Dejavnosti_RaP5c_202526.pdf\" target=\"_blank\" rel=\"noopener\">Dejavnosti RaP 5.c 2025\/26<\/a><\/li>\n<li><a href=\"https:\/\/www.sola-miklavz.si\/files\/2025\/09\/Dejavnosti_Rap5d_202526.pdf\" target=\"_blank\" rel=\"noopener\">Dejavnosti RaP 5.d 2025\/26<\/a><\/li>\n<\/ul>\n","protected":false},"excerpt":{"rendered":"<p>V \u0161olskem letu 2025\/26 izvajamo dejavnosti raz\u0161irjenega programa.&nbsp;Na\u0161a \u0161ola odpre svoja vrata ob 6:15 in jih zapre ob 16:15. U\u010denci se lahko vklju\u010dujejo v razli\u010dne dejavnosti raz\u0161irjenega programa pred in po pouku. Vklju\u010ditev v raz\u0161irjen program je prostovoljna.&nbsp;Glede na lastni interes si lahko u\u010denci pred ali po pouku izberejo navedene&#46;&#46;&#46;<\/p>\n","protected":false},"author":2448,"featured_media":0,"parent":0,"menu_order":0,"comment_status":"closed","ping_status":"closed","template":"","meta":{"ngg_post_thumbnail":0,"footnotes":"","_expiration-date-status":"","_expiration-date":0,"_expiration-date-type":"","_expiration-date-categories":[],"_expiration-date-options":[]},"class_list":["post-19031","page","type-page","status-publish","hentry"],"_links":{"self":[{"href":"https:\/\/www.sola-miklavz.si\/index.php?rest_route=\/wp\/v2\/pages\/19031","targetHints":{"allow":["GET"]}}],"collection":[{"href":"https:\/\/www.sola-miklavz.si\/index.php?rest_route=\/wp\/v2\/pages"}],"about":[{"href":"https:\/\/www.sola-miklavz.si\/index.php?rest_route=\/wp\/v2\/types\/page"}],"author":[{"embeddable":true,"href":"https:\/\/www.sola-miklavz.si\/index.php?rest_route=\/wp\/v2\/users\/2448"}],"replies":[{"embeddable":true,"href":"https:\/\/www.sola-miklavz.si\/index.php?rest_route=%2Fwp%2Fv2%2Fcomments&post=19031"}],"version-history":[{"count":16,"href":"https:\/\/www.sola-miklavz.si\/index.php?rest_route=\/wp\/v2\/pages\/19031\/revisions"}],"predecessor-version":[{"id":31211,"href":"https:\/\/www.sola-miklavz.si\/index.php?rest_route=\/wp\/v2\/pages\/19031\/revisions\/31211"}],"wp:attachment":[{"href":"https:\/\/www.sola-miklavz.si\/index.php?rest_route=%2Fwp%2Fv2%2Fmedia&parent=19031"}],"curies":[{"name":"wp","href":"https:\/\/api.w.org\/{rel}","templated":true}]}}