{"id":17497,"date":"2020-12-01T16:31:23","date_gmt":"2020-12-01T15:31:23","guid":{"rendered":"http:\/\/solamiklavz.splet.arnes.si\/?page_id=17497"},"modified":"2020-12-09T11:00:32","modified_gmt":"2020-12-09T10:00:32","slug":"office-365","status":"publish","type":"page","link":"https:\/\/www.sola-miklavz.si\/?page_id=17497","title":{"rendered":"Office 365"},"content":{"rendered":"<p><a href=\"http:\/\/solamiklavz.splet.arnes.si\/?page_id=17497\"><img decoding=\"async\" class=\"alignright\" style=\"width: 150px;height: 104px\" src=\"http:\/\/solamiklavz.splet.arnes.si\/files\/2020\/12\/office-365.jpg\" alt=\"\" \/><\/a>Vsak u\u010denec O\u0160 Miklav\u017e na Dravskem ima pravico do uporabe Microsoftovega pisarni\u0161kega programskega okolja <strong>Office 365<\/strong>, ki ga lahko uporablja v spletni razli\u010dici, na pametni napravi ali <strong>namesti na osebni ra\u010dunalnik s sistemom Windows<\/strong>.<\/p>\n<p><strong>POSTOPEK NAMESTITVE NA OSEBNI RA\u010cUNALNIK S SISTEMOM WINDOWS:<\/strong><\/p>\n<ul>\n<li>potreben je AAI ra\u010dun, ki ga prejme vsak u\u010denec na\u0161e \u0161ole<\/li>\n<li>z AAI ra\u010dunom se je potrebno prijaviti na spletni strani <a href=\"https:\/\/o365.arnes.si\/\" target=\"_blank\" rel=\"noopener noreferrer\">https:\/\/o365.arnes.si\/<\/a> (&#8220;Prijava&#8221; se nahaja v zgornjem desnem kotu)<\/li>\n<li>s klikom na veliko rde\u010do ikono (Microsoft Office 365 Pro Plus) smo preusmerjeni na spletno stran za prenos zbirke Office 365 (v kolikor stran zahteva prijavo, je to AAI ra\u010dun)<\/li>\n<li>s klikom na rde\u010do ikono z napisom &#8220;Namestite Office&#8221; se prenese namestitvena datoteka (v kolikor se bo Office 365 name\u0161\u010dal na 32-bitni sistem Windows, je potrebno na tem mestu to izbrati in prenesti 32-bitno namestitveno datoteko)<\/li>\n<li>namestitveno datoteko (ki se obi\u010djano shrani na ra\u010dunalnik v mapico &#8220;Prenosi&#8221;), po\u017eenemo &#8211; ra\u010dunalnik vse naredi sam in uporabnika obvesti o zaklju\u010dku namestitve<\/li>\n<\/ul>\n<p>Ob prvem zagonu kateregakoli programa iz zbirke Office 365 (Word, Powerpoint, Excel &#8230;) bo potrebno ponovno vpisati AAI ra\u010dun, Office 365 bo tako licenciran na ime lastnika AAI ra\u010duna.<\/p>\n","protected":false},"excerpt":{"rendered":"<p>Vsak u\u010denec O\u0160 Miklav\u017e na Dravskem ima pravico do uporabe Microsoftovega pisarni\u0161kega programskega okolja Office 365, ki ga lahko uporablja v spletni razli\u010dici, na pametni napravi ali namesti na osebni ra\u010dunalnik s sistemom Windows. POSTOPEK NAMESTITVE NA OSEBNI RA\u010cUNALNIK S SISTEMOM WINDOWS: potreben je AAI ra\u010dun, ki ga prejme vsak&#46;&#46;&#46;<\/p>\n","protected":false},"author":2448,"featured_media":0,"parent":0,"menu_order":0,"comment_status":"closed","ping_status":"closed","template":"","meta":{"ngg_post_thumbnail":0,"footnotes":"","_expiration-date-status":"","_expiration-date":0,"_expiration-date-type":"","_expiration-date-categories":[],"_expiration-date-options":[]},"class_list":["post-17497","page","type-page","status-publish","hentry"],"_links":{"self":[{"href":"https:\/\/www.sola-miklavz.si\/index.php?rest_route=\/wp\/v2\/pages\/17497","targetHints":{"allow":["GET"]}}],"collection":[{"href":"https:\/\/www.sola-miklavz.si\/index.php?rest_route=\/wp\/v2\/pages"}],"about":[{"href":"https:\/\/www.sola-miklavz.si\/index.php?rest_route=\/wp\/v2\/types\/page"}],"author":[{"embeddable":true,"href":"https:\/\/www.sola-miklavz.si\/index.php?rest_route=\/wp\/v2\/users\/2448"}],"replies":[{"embeddable":true,"href":"https:\/\/www.sola-miklavz.si\/index.php?rest_route=%2Fwp%2Fv2%2Fcomments&post=17497"}],"version-history":[{"count":5,"href":"https:\/\/www.sola-miklavz.si\/index.php?rest_route=\/wp\/v2\/pages\/17497\/revisions"}],"predecessor-version":[{"id":17581,"href":"https:\/\/www.sola-miklavz.si\/index.php?rest_route=\/wp\/v2\/pages\/17497\/revisions\/17581"}],"wp:attachment":[{"href":"https:\/\/www.sola-miklavz.si\/index.php?rest_route=%2Fwp%2Fv2%2Fmedia&parent=17497"}],"curies":[{"name":"wp","href":"https:\/\/api.w.org\/{rel}","templated":true}]}}