{"id":16509,"date":"2020-09-16T12:40:14","date_gmt":"2020-09-16T10:40:14","guid":{"rendered":"http:\/\/solamiklavz.splet.arnes.si\/?page_id=16509"},"modified":"2023-06-28T08:45:55","modified_gmt":"2023-06-28T06:45:55","slug":"arnes-posta","status":"publish","type":"page","link":"https:\/\/www.sola-miklavz.si\/?page_id=16509","title":{"rendered":"Arnes E-po\u0161ta"},"content":{"rendered":"<p><img loading=\"lazy\" decoding=\"async\" class=\"alignright wp-image-16485\" src=\"http:\/\/solamiklavz.splet.arnes.si\/files\/2020\/09\/e-posta.jpg\" alt=\"\" width=\"150\" height=\"104\">Vsak u\u010denec O\u0160 Miklav\u017e na Dravskem polju hkrati z dodeljenim AAI ra\u010dunom pridobi tudi dostop do elektronske po\u0161te Arnes, brez starostne omejitve.<\/p>\n<p>U\u010denec pridobi hkrati dva psevdonima (elektronska naslova). Prvi je z domeno \u0161ole (@sola-miklavz.si), drugi pa z domeno Arnesa (@guest.arnes.si).<\/p>\n<p>Vsa dohodna prihaja v isti po\u0161tni predal, neglede na to, kateri psevdonim je bil uporabljen s strani po\u0161iljatelja.<\/p>\n<p><strong>DOSTOP DO ARNES E-PO\u0160TE:<\/strong><\/p>\n<ul>\n<li>po\u0161ta je dosegljiva preko spletne strani <a href=\"https:\/\/webmail.arnes.si\/\" target=\"_blank\" rel=\"noopener noreferrer\">https:\/\/webmail.arnes.si\/<\/a><\/li>\n<li>za dostop uporabimo prijavo z AAI ra\u010dunom<\/li>\n<\/ul>\n","protected":false},"excerpt":{"rendered":"<p>Vsak u\u010denec O\u0160 Miklav\u017e na Dravskem polju hkrati z dodeljenim AAI ra\u010dunom pridobi tudi dostop do elektronske po\u0161te Arnes, brez starostne omejitve. U\u010denec pridobi hkrati dva psevdonima (elektronska naslova). Prvi je z domeno \u0161ole (@sola-miklavz.si), drugi pa z domeno Arnesa (@guest.arnes.si). Vsa dohodna prihaja v isti po\u0161tni predal, neglede na&#46;&#46;&#46;<\/p>\n","protected":false},"author":2448,"featured_media":0,"parent":0,"menu_order":0,"comment_status":"closed","ping_status":"closed","template":"","meta":{"ngg_post_thumbnail":0,"footnotes":"","_expiration-date-status":"","_expiration-date":0,"_expiration-date-type":"","_expiration-date-categories":[],"_expiration-date-options":[]},"class_list":["post-16509","page","type-page","status-publish","hentry"],"_links":{"self":[{"href":"https:\/\/www.sola-miklavz.si\/index.php?rest_route=\/wp\/v2\/pages\/16509","targetHints":{"allow":["GET"]}}],"collection":[{"href":"https:\/\/www.sola-miklavz.si\/index.php?rest_route=\/wp\/v2\/pages"}],"about":[{"href":"https:\/\/www.sola-miklavz.si\/index.php?rest_route=\/wp\/v2\/types\/page"}],"author":[{"embeddable":true,"href":"https:\/\/www.sola-miklavz.si\/index.php?rest_route=\/wp\/v2\/users\/2448"}],"replies":[{"embeddable":true,"href":"https:\/\/www.sola-miklavz.si\/index.php?rest_route=%2Fwp%2Fv2%2Fcomments&post=16509"}],"version-history":[{"count":7,"href":"https:\/\/www.sola-miklavz.si\/index.php?rest_route=\/wp\/v2\/pages\/16509\/revisions"}],"predecessor-version":[{"id":24965,"href":"https:\/\/www.sola-miklavz.si\/index.php?rest_route=\/wp\/v2\/pages\/16509\/revisions\/24965"}],"wp:attachment":[{"href":"https:\/\/www.sola-miklavz.si\/index.php?rest_route=%2Fwp%2Fv2%2Fmedia&parent=16509"}],"curies":[{"name":"wp","href":"https:\/\/api.w.org\/{rel}","templated":true}]}}