{"id":16499,"date":"2020-09-16T12:36:03","date_gmt":"2020-09-16T10:36:03","guid":{"rendered":"http:\/\/solamiklavz.splet.arnes.si\/?page_id=16499"},"modified":"2020-12-09T11:47:32","modified_gmt":"2020-12-09T10:47:32","slug":"aai-racun","status":"publish","type":"page","link":"https:\/\/www.sola-miklavz.si\/?page_id=16499","title":{"rendered":"Arnes AAI ra\u010dun"},"content":{"rendered":"<p><img loading=\"lazy\" decoding=\"async\" class=\"alignright wp-image-16487\" src=\"http:\/\/solamiklavz.splet.arnes.si\/files\/2020\/09\/aai-racun.jpg\" alt=\"\" width=\"150\" height=\"104\" \/><\/p>\n<p>V sklopu u\u010dnega procesa se pri\u010dnejo u\u010denci ob\u010dasno sre\u010devati in spoznavati IKT tehnologijo, v ni\u017ejih razredih manj, v vi\u0161jih razredih pa se pogostost uporabe IKT postopno pove\u010duje. Za potrebe nemotenega dela u\u010denec prejme AAI ra\u010dun (uporabni\u0161ko ime in geslo), s katerim mu bodo tekom celotnega osnovno\u0161olskega izobra\u017eevanja omogo\u010dene \u0161tevilne storitve, s katerimi se bodo u\u010denci v sklopu u\u010dnega procesa spoznali.<\/p>\n<p><strong><span style=\"color: #ff6600\">KAJ JE AAI RA\u010cUN IN KAK\u0160NE SO NJEGOVE PREDNOSTI:<\/span><\/strong><\/p>\n<ul>\n<li>Z AAI ra\u010dunom pridobite eno uporabni\u0161ko ime, ki ga lahko uporabljate za dostop do storitev na svoji organizaciji (\u0161oli), kot tudi do vseh ostalih storitev, ki so del ArnesAAI.<\/li>\n<li>Pridobite dostop do <span style=\"color: #ff6600\"><a style=\"color: #ff6600\" href=\"https:\/\/aai.arnes.si\/storitve\" target=\"_blank\" rel=\"noopener noreferrer\">\u0161tevilnih storitev<\/a><\/span> v slovenskem ter evropskem izobra\u017eevalnem in raziskovalnem prostoru.<\/li>\n<li>Manj te\u017eav pri izgubi ali zlorabi uporabni\u0161kih podatkov, saj vse tovrstne te\u017eave re\u0161ujete na doma\u010di organizaciji (torej na O\u0160 Miklav\u017e na Dravskem polju).<\/li>\n<\/ul>\n<p><strong><span style=\"color: #ff6600\">POMEMBNEJ\u0160E STORITVE, DO KATERIH JE OMOGO\u010cEN DOSTOP Z AAI:<\/span><\/strong><\/p>\n<ul>\n<li><span style=\"color: #ff6600\"><strong><a style=\"color: #ff6600\" href=\"https:\/\/ucilnice.arnes.si\/course\/index.php?categoryid=3738\" target=\"_blank\" rel=\"noopener noreferrer\">Spletne u\u010dilnice<\/a><\/strong><\/span><\/li>\n<li><strong><span style=\"color: #ff6600\"><a style=\"color: #ff6600\" href=\"https:\/\/o365.arnes.si\/\" target=\"_blank\" rel=\"noopener noreferrer\">Oblak365<\/a><\/span><\/strong> preko katerega z enkratnim vpisom pridobite dostop do Office365. Omogo\u010den je tudi prenos namizne zbrike Microsoft Office365 (Word, Powerpoint&#8230;) za doma\u010do uporabo na doma\u010dem ra\u010dunalniku<\/li>\n<li><strong><span style=\"color: #ff6600\"><a style=\"color: #ff6600\" href=\"https:\/\/www.microsoft.com\/sl-si\/microsoft-365\/microsoft-teams\/download-app\" target=\"_blank\" rel=\"noopener noreferrer\">Microsoft Teams<\/a><\/span><\/strong> komunikacijsko orodje (<strong><span style=\"color: #ff6600\">potrebna je predhodna prijava v Obl<\/span><span style=\"color: #ff6600\">ak36<\/span><span style=\"color: #ff6600\">5<\/span><\/strong>)<\/li>\n<li><strong><span style=\"color: #ff6600\"><a style=\"color: #ff6600\" href=\"http:\/\/solamiklavz.splet.arnes.si\/?page_id=16509\">Arnes E-po\u0161ta in storitev Predal<\/a><\/span><\/strong><\/li>\n<li><a href=\"https:\/\/filesender.arnes.si\/\" target=\"_blank\" rel=\"noopener noreferrer\"><strong><span style=\"color: #ff6600\">Arnes filesender<\/span><\/strong><\/a>, ki omogo\u010da po\u0161iljanje velikih datotek&#8230;<\/li>\n<li><a href=\"http:\/\/solamiklavz.splet.arnes.si\/?page_id=9913\" target=\"_blank\" rel=\"noopener noreferrer\"><span style=\"color: #ff6600\"><strong>Eduroam brez\u017ei\u010dni WiFi omre\u017eje<\/strong><\/span><\/a><\/li>\n<li><a href=\"https:\/\/www.1ka.si\/\" target=\"_blank\" rel=\"noopener noreferrer\"><span style=\"color: #ff6600\"><strong>Spletno anketiranje 1ka.si<\/strong><\/span><\/a><\/li>\n<\/ul>\n","protected":false},"excerpt":{"rendered":"<p>V sklopu u\u010dnega procesa se pri\u010dnejo u\u010denci ob\u010dasno sre\u010devati in spoznavati IKT tehnologijo, v ni\u017ejih razredih manj, v vi\u0161jih razredih pa se pogostost uporabe IKT postopno pove\u010duje. Za potrebe nemotenega dela u\u010denec prejme AAI ra\u010dun (uporabni\u0161ko ime in geslo), s katerim mu bodo tekom celotnega osnovno\u0161olskega izobra\u017eevanja omogo\u010dene \u0161tevilne storitve,&#46;&#46;&#46;<\/p>\n","protected":false},"author":2448,"featured_media":0,"parent":0,"menu_order":0,"comment_status":"closed","ping_status":"closed","template":"","meta":{"ngg_post_thumbnail":0,"footnotes":"","_expiration-date-status":"","_expiration-date":0,"_expiration-date-type":"","_expiration-date-categories":[],"_expiration-date-options":[]},"class_list":["post-16499","page","type-page","status-publish","hentry"],"_links":{"self":[{"href":"https:\/\/www.sola-miklavz.si\/index.php?rest_route=\/wp\/v2\/pages\/16499","targetHints":{"allow":["GET"]}}],"collection":[{"href":"https:\/\/www.sola-miklavz.si\/index.php?rest_route=\/wp\/v2\/pages"}],"about":[{"href":"https:\/\/www.sola-miklavz.si\/index.php?rest_route=\/wp\/v2\/types\/page"}],"author":[{"embeddable":true,"href":"https:\/\/www.sola-miklavz.si\/index.php?rest_route=\/wp\/v2\/users\/2448"}],"replies":[{"embeddable":true,"href":"https:\/\/www.sola-miklavz.si\/index.php?rest_route=%2Fwp%2Fv2%2Fcomments&post=16499"}],"version-history":[{"count":8,"href":"https:\/\/www.sola-miklavz.si\/index.php?rest_route=\/wp\/v2\/pages\/16499\/revisions"}],"predecessor-version":[{"id":17593,"href":"https:\/\/www.sola-miklavz.si\/index.php?rest_route=\/wp\/v2\/pages\/16499\/revisions\/17593"}],"wp:attachment":[{"href":"https:\/\/www.sola-miklavz.si\/index.php?rest_route=%2Fwp%2Fv2%2Fmedia&parent=16499"}],"curies":[{"name":"wp","href":"https:\/\/api.w.org\/{rel}","templated":true}]}}