{"id":16473,"date":"2020-09-15T08:03:22","date_gmt":"2020-09-15T06:03:22","guid":{"rendered":"http:\/\/solamiklavz.splet.arnes.si\/?page_id=16473"},"modified":"2025-10-15T08:46:52","modified_gmt":"2025-10-15T06:46:52","slug":"predstavitev-sole","status":"publish","type":"page","link":"https:\/\/www.sola-miklavz.si\/?page_id=16473","title":{"rendered":"Predstavitev \u0161ole"},"content":{"rendered":"<p>Na\u0161a \u0161ola, Osnovna \u0161ola Miklav\u017e na Dravskem polju, je vzgojno-izobra\u017eevalna ustanova \u2013 zavod, ki se nahaja ob prometnici \u0160entilj\u2013Gru\u0161kovje in ima v svoji sestavi mati\u010dno \u0161olo v naselju Miklav\u017e na Dravskem polju, Podru\u017enico Dobrovce ter vrtec Vrtiljak v Miklav\u017eu in vrtec Ciciban v Dobrovcah. \u0160olo, kakr\u0161no poznamo danes, so zgradili leta 1975, obnovili 2004, novo \u0161portno dvorano pa dogradili 2005.<\/p>\n<p>\u0160ola ima naslednji \u0161olski okoli\u0161 (opredeljen je z Odlokom o ustanovitvi javnega zavoda Osnovne \u0161ole Miklav\u017e na Dravskem polju s strani ustanoviteljice Ob\u010dine Miklav\u017e na Dravskem polju): Miklav\u017e na Dravskem polju, Dobrovce, Skoke, Dravski Dvor. Poleg u\u010dencev iz \u0161olskega okoli\u0161a na\u0161e \u0161ole so v \u0161olo vpisani \u0161e u\u010denci iz nekaterih drugih krajev zunaj \u0161olskega okoli\u0161a.<\/p>\n<p>U\u010denci, ki stanujejo blizu \u0161ole, prihajajo v \u0161olo pe\u0161 ali s kolesi, ki jih shranijo na \u0161olskem dvori\u0161\u010du. Za prevoz otrok\/u\u010dencev ni posebej urejenega \u0161olskega prevoza, saj na tej relaciji vozijo avtobusi avtobusnega podjetja Arriva. Po kon\u010danem pouku (tega ne kon\u010dajo vsi hkrati) u\u010denci \u010dakajo na avtobus na avtobusnem postajali\u0161\u010du. U\u010dence prvih razredov v \u0161olo vozijo star\u0161i.<\/p>\n<p>Imamo jasno izoblikovano vizijo \u2013 pomemben nam je sleherni otrok\/u\u010denec, in to kot edinstven, neponovljiv, s svojimi razli\u010dnimi potenciali se u\u010de\u010di posameznik\/individuum za \u017eivljenje, pri \u010demer v ospredje postavljamo (ob zavedanju razli\u010dnosti in pomena kakovostne medsebojne komunikacije, partnerskega sodelovanja otrok\/u\u010denec-star\u0161i-u\u010ditelj) otrokov\/u\u010den\u010dev optimalen\/celosten razvoj, ki je poleg zdaj\u0161njega zdravega, sre\u010dnega in uspe\u0161nega otroka\/u\u010denca pogoj za njegovo kasnej\u0161e uspe\u0161no soo\u010danje z negotovo prihodnostjo, pogoj za uspe\u0161en korak v samostojno \u017eivljenje in uspe\u0161no vklju\u010ditev v zelo zahtevno, nestabilno, spreminjajo\u010do se dru\u017ebo, ki terja vse\u017eivljenjska znanja, iznajdljivost, delavnost, fleksibilnost, pogum. Zato se na\u0161a vizija glasi: <strong><em>S skupnim sodelovanjem in sprejemanjem razli\u010dnosti ustvarjamo pogoje za zdravega, sre\u010dnega in uspe\u0161nega otroka. U\u010denci, star\u0161i in u\u010ditelji, bodimo partnerji pri uresni\u010devanju poslanstva na\u0161ega zavoda, kjer \u0161olsko u\u010denje prera\u0161\u010da v vse\u017eivljenjsko znanje.<\/em><\/strong><\/p>\n<p>Da vizijo uspe\u0161no uresni\u010dujemo, dokazujejo tudi dose\u017eki na\u0161ih u\u010dencev. Ne le, da uspe\u0161no usvajajo znanja in so zadovoljni posamezniki, ki radi hodijo v \u0161olo ter se med seboj dru\u017eijo&nbsp;\u2026, \u0161e ve\u010d: nekdanji u\u010denci se celo vra\u010dajo kot uspe\u0161ne osebnosti, ki krojijo na\u0161o dru\u017ebo \u2013 ne le v doma\u010dem kraju, tudi \u0161ir\u0161e po Sloveniji in celo v svetu, na kar smo seveda zelo ponosni. Sicer pa se na\u0161i u\u010denci poleg usvojenega znanja vsako leto pona\u0161ajo s \u0161tevilnimi \u0161portnimi dose\u017eki, tako v okviru \u0161olskih interesnih dejavnosti (dr\u017eavni prvaki v nogometu, uspe\u0161ni v ko\u0161arki \u2013 2., 3., 4. mesto na dr\u017eavni ravni \u2013, odbojki, atletiki \u2026) kot zunaj\u0161olskih dejavnosti (ve\u010dkratno zlato na svetovnem prvenstvu v kickboxu, tretje mesto na svetovnem prvenstvu v Pragi &#8221;IDO WORLD SHOW DANCE CHAMPIONSHIPS 2018&#8221;, zlata medalja na mednarodnem plesnem tekmovanju v Sarajevu &#8221;IDO GRAND PRIX 2019&#8221;, 2. nagrada in zlato priznanje na dr\u017eavnem baletnem tekmovanju, 1. mesto v posami\u010dni tekmi in 1. mesto v skupnem se\u0161tevku pokala Slovenije v preskakovanju ovir, uspehi na dr\u017eavnem prvenstvu v karateju, veleslalomu \u2026). Svojo uspe\u0161nost dokazujejo tudi na mnogih drugih tekmovanjih, na katerih prav tako dosegajo najvi\u0161ja priznanja (na primer v znanju iz naravoslovja za Kresni\u010dko, na tekmovanju iz logike, za Cankarjevo priznanje, Proteusovo, Preglovo, Stefanovo \u2026), kvizih (Male sive celice, Vesela \u0161ola \u2026), radi berejo (vsakoletno osvojeni nazivi zlati bralec), uspe\u0161ni so na raziskovalnem podro\u010dju, likovno-literarnih nate\u010dajih \u2026, kar dokazujejo zlata, srebrna priznanja, kolajne, nagrade (ne le doma, tudi na mednarodnih tekmovanjih \u2013 na primer \u017ee ve\u010dkrat iz odli\u010dnega znanja tujega jezika na tekmovanju nem\u0161ke televizije ZDF v oddaji \u00bb1, 2 oder 3\u00ab), celo sprejem pri predsedniku dr\u017eave Borutu Pahorju&nbsp; in \u0161e bi lahko na\u0161tevali. Na\u0161o prepoznavnost, uspe\u0161nost \u0161irijo tudi u\u010denci mladinskega pevskega zbora, ki so vabljeni na bo\u017ei\u010dne koncerte v Avstrijo. Prepevali so v Spielfeldu, v salzbur\u0161ki katedrali, ob ledenih jaslih pred mestno hi\u0161o v Gradcu. Slovensko kulturno dedi\u0161\u010dino pa so na\u0161i u\u010denci v okviru projekta Erasmus+&nbsp; predstavili na sre\u010danju partnerskih dr\u017eav v <em>Ser\u00f3nu<\/em> &nbsp;v \u0160paniji. Tudi sicer uspe\u0161no sodelujemo v razli\u010dnih in \u0161tevilnih programih ter projektih: GD Izobra\u017eevanje in kultura \u2013 Program vse\u017eivljenjsko u\u010denje, React-EU, Mladim se dogaja \u2013 Spirit, Pogum, Zeleno pero, Varno na kolesu, Pozdrav ptic miru \u2026 Javni sklad Republike Slovenije za kulturne dejavnosti nam je ponovno dodelil naziv Kulturna \u0161ola. Prav tako ponosno in uspe\u0161no ohranjamo naziva Zdrava \u0161ola in Eko\u0161ola, pred leti pa smo bili veseli tudi pohvale za lepo in skrbno oblikovano ter vzdr\u017eevano okolje \u2013 zlate vrtnice 2016. Nadaljujemo s projektom Erasmus+, Roots \u2013 Return Our Origins Through Sharing. Novost v tem \u0161olskem letu pa je v okviru Erasmus+ ka2-projekt, Better Teaching and Learning \u2013 BTL, kjer gre za sodelovanje vrtca Vrtiljak v povezavi s \u0161olo in&nbsp; petimi partnerji iz Gr\u010dije, Tur\u010dije, Romunije, Italije, \u0160panije. Skrbimo za zdrav na\u010din \u017eivljenja, gibanje in zdravje za dobro telesno in du\u0161evno po\u010dutje ter za uravnote\u017eeno prehrano (RaP, dodatne ure \u0161porta \u2026).<\/p>\n<p>Ob vsem tem pa (ena izmed prednostnih nalog) spodbujamo in ohranjamo u\u010den\u010devo motivacijo za u\u010denje, razvijamo strategije samostojnega, kriti\u010dnega mi\u0161ljenja ter bivanja v razredni in \u0161olski skupnosti, v nedavnem obdobju pa tudi pri u\u010denju na daljavo. Zaradi nastale in negotove situacije zadnjega \u010dasa pri nas in v svetu se namre\u010d \u0161e toliko bolj zavedamo pomena razvijanja kompetenc za delo v spletnih u\u010dilnicah in uporabo videokonferen\u010dnega orodja. Seveda pa \u0161e naprej skrbimo za zagotavljanje vzpodbudnega u\u010dnega okolja, aktivnih\/sodobnih oblik in metod dela ter medpredmetnega povezovanja. Velik poudarek dajemo individualizaciji, diferenciaciji in personalizaciji vzgojno-izobra\u017eevalnega dela, dvigu ravni vse\u017eivljenjskega kakovostnega znanja, razvijanju odgovornosti pri u\u010dnem delu in na vseh podro\u010djih delovanja, bontonu ter kulturi prehranjevanja (in z njimi povezane dejavnosti) ter seveda izobra\u017eevanju zaposlenih. \u0160e posebej se zavedamo pomena nenehne profesionalne rasti u\u010ditelja (zato poleg raznolikih drugih mo\u017enosti za pridobivanje znanj in kompetenc s tem \u0161olskim letom v okviru Erasmus+ izvajamo projekt U\u010denje je \u017eivljenje) in da smo u\u010ditelji s svojim prena\u0161anjem znanj, vrednot, dejanj u\u010dencem zgled, to pa vodi do medsebojnega spo\u0161tovanja, zadovoljstva in uspeha.<\/p>\n<p>Ponosni smo na na\u0161o \u0161olo, Osnovno \u0161olo Miklav\u017e na Dravskem polju, in na na\u0161 kraj \u2013 naselje Miklav\u017e na Dravskem polju, ki se nahaja ob slikoviti reki Dravi in je obdano z gozdovi, znano po Miklav\u0161kih ribnikih. Kraj se pona\u0161a \u0161e z mnogimi kulturnozgodovinskimi znamenitostmi \u2013 kot so rimske gomile (1. stol. n. \u0161t.), \u017eupnijska cerkev sv. Miklav\u017ea (prvi\u010d omenjena 1382) \u2013 cerkev, na kateri je freska sv. Kri\u0161tofa iz za\u010detka 16. stol., Miklav\u0161ki dvorec (2. pol. 15. stol.) idr. Vse to pa s pridom izkori\u0161\u010damo za u\u010denje na druga\u010den na\u010din, kot so u\u010dilnice v naravi, ali ko popeljemo na\u0161e goste po poteh kulturnozgodovinskih in naravnih znamenitosti, kar smo storili tudi v sklopu projekta Erasmus+, ko smo u\u010diteljem iz osmih evropskih dr\u017eav predstavili \u017ee omenjene kulturnozgodovinske znamenitosti.<\/p>\n","protected":false},"excerpt":{"rendered":"<p>Na\u0161a \u0161ola, Osnovna \u0161ola Miklav\u017e na Dravskem polju, je vzgojno-izobra\u017eevalna ustanova \u2013 zavod, ki se nahaja ob prometnici \u0160entilj\u2013Gru\u0161kovje in ima v svoji sestavi mati\u010dno \u0161olo v naselju Miklav\u017e na Dravskem polju, Podru\u017enico Dobrovce ter vrtec Vrtiljak v Miklav\u017eu in vrtec Ciciban v Dobrovcah. \u0160olo, kakr\u0161no poznamo danes, so zgradili&#46;&#46;&#46;<\/p>\n","protected":false},"author":2448,"featured_media":0,"parent":0,"menu_order":0,"comment_status":"closed","ping_status":"closed","template":"","meta":{"ngg_post_thumbnail":0,"footnotes":"","_expiration-date-status":"","_expiration-date":0,"_expiration-date-type":"","_expiration-date-categories":[],"_expiration-date-options":[]},"class_list":["post-16473","page","type-page","status-publish","hentry"],"_links":{"self":[{"href":"https:\/\/www.sola-miklavz.si\/index.php?rest_route=\/wp\/v2\/pages\/16473","targetHints":{"allow":["GET"]}}],"collection":[{"href":"https:\/\/www.sola-miklavz.si\/index.php?rest_route=\/wp\/v2\/pages"}],"about":[{"href":"https:\/\/www.sola-miklavz.si\/index.php?rest_route=\/wp\/v2\/types\/page"}],"author":[{"embeddable":true,"href":"https:\/\/www.sola-miklavz.si\/index.php?rest_route=\/wp\/v2\/users\/2448"}],"replies":[{"embeddable":true,"href":"https:\/\/www.sola-miklavz.si\/index.php?rest_route=%2Fwp%2Fv2%2Fcomments&post=16473"}],"version-history":[{"count":6,"href":"https:\/\/www.sola-miklavz.si\/index.php?rest_route=\/wp\/v2\/pages\/16473\/revisions"}],"predecessor-version":[{"id":31917,"href":"https:\/\/www.sola-miklavz.si\/index.php?rest_route=\/wp\/v2\/pages\/16473\/revisions\/31917"}],"wp:attachment":[{"href":"https:\/\/www.sola-miklavz.si\/index.php?rest_route=%2Fwp%2Fv2%2Fmedia&parent=16473"}],"curies":[{"name":"wp","href":"https:\/\/api.w.org\/{rel}","templated":true}]}}