{"id":14087,"date":"2020-01-17T10:09:09","date_gmt":"2020-01-17T09:09:09","guid":{"rendered":"http:\/\/solamiklavz.splet.arnes.si\/?page_id=14087"},"modified":"2025-10-14T16:30:28","modified_gmt":"2025-10-14T14:30:28","slug":"prehrana-razlaga-poloznice","status":"publish","type":"page","link":"https:\/\/www.sola-miklavz.si\/?page_id=14087","title":{"rendered":"Prehrana &#8211; razlaga polo\u017enice"},"content":{"rendered":"<p>Tabela na zgornjem delu ra\u010duna:<\/p>\n<ul>\n<li>Prva kolona: naziv storitve (malica, kosilo, dejavnost ob pouku,\u2026)<\/li>\n<li>Druga kolona: \u0161tevilo delovnih dni v mesecu (kol. +) oz. za dejavnost ob pouku (1),<\/li>\n<li>Tretja kolona: cena storitve na enoto,<\/li>\n<li>\u010cetrta kolona: odjavljeno \u0161tevilo dni (kol -),<\/li>\n<li>Peta kolona: cena storitve za odjavo na enoto,<\/li>\n<li>\u0160esta kolona: regres, v kolikor je obra\u010dunana subvencija oz. regres \u2013 v skupnem znesku za posamezno storitev mese\u010dno,<\/li>\n<li>Sedma kolona: skupaj za pla\u010dilo za posamezno storitev mese\u010dno in v zadnji vrstici tudi se\u0161tevek za pla\u010dilo.<\/li>\n<\/ul>\n<p>Pri razumevanju ra\u010duna je potrebno upo\u0161tevati koli\u010dino v + in koli\u010dino v -, da dobimo \u0161tevilo prevzetih obrokov v mesecu.<\/p>\n<p>V primeru prikazane tabele je koli\u010dina + 20 obrokov in koli\u010dina &#8211; 3 obroki, za izra\u010dun zneska je 17 obrokov po navedeni ceni za malico in v tem primeru enako za kosilo.<\/p>\n<p>Star\u0161i\/skrbniki ste prejeli kodo za vstop v program LoPolis ob vpisu v \u0161olo in vam velja do konca \u0161olanja. Koda vam omogo\u010da odjavljanje obrokov ali ponovna prijava na odjavljene obroke )storniranje odjave) in hkrati pregled nad prevzemanjem \u0161olske prehrane. &nbsp;V kolikor ste kodo izgubili\/pozabili \u0161tevilko,.. se obrnete za dostop oz. obnovitev kode na spela.mesaric@sola-miklavz.si.<\/p>\n<p>PRIMER POLO\u017dNICE\/RA\u010cUNA:<\/p>\n<p><img loading=\"lazy\" decoding=\"async\" class=\"alignnone size-full wp-image-14089\" src=\"http:\/\/solamiklavz.splet.arnes.si\/files\/2020\/01\/poloznica.jpg\" alt=\"\" width=\"605\" height=\"330\" srcset=\"https:\/\/www.sola-miklavz.si\/files\/2020\/01\/poloznica.jpg 605w, https:\/\/www.sola-miklavz.si\/files\/2020\/01\/poloznica-300x164.jpg 300w, https:\/\/www.sola-miklavz.si\/files\/2020\/01\/poloznica-101x55.jpg 101w, https:\/\/www.sola-miklavz.si\/files\/2020\/01\/poloznica-470x256.jpg 470w\" sizes=\"auto, (max-width: 605px) 100vw, 605px\" \/><\/p>\n","protected":false},"excerpt":{"rendered":"<p>Tabela na zgornjem delu ra\u010duna: Prva kolona: naziv storitve (malica, kosilo, dejavnost ob pouku,\u2026) Druga kolona: \u0161tevilo delovnih dni v mesecu (kol. +) oz. za dejavnost ob pouku (1), Tretja kolona: cena storitve na enoto, \u010cetrta kolona: odjavljeno \u0161tevilo dni (kol -), Peta kolona: cena storitve za odjavo na enoto,&#46;&#46;&#46;<\/p>\n","protected":false},"author":2448,"featured_media":0,"parent":0,"menu_order":0,"comment_status":"closed","ping_status":"closed","template":"","meta":{"ngg_post_thumbnail":0,"footnotes":"","_expiration-date-status":"","_expiration-date":0,"_expiration-date-type":"","_expiration-date-categories":[],"_expiration-date-options":[]},"class_list":["post-14087","page","type-page","status-publish","hentry"],"_links":{"self":[{"href":"https:\/\/www.sola-miklavz.si\/index.php?rest_route=\/wp\/v2\/pages\/14087","targetHints":{"allow":["GET"]}}],"collection":[{"href":"https:\/\/www.sola-miklavz.si\/index.php?rest_route=\/wp\/v2\/pages"}],"about":[{"href":"https:\/\/www.sola-miklavz.si\/index.php?rest_route=\/wp\/v2\/types\/page"}],"author":[{"embeddable":true,"href":"https:\/\/www.sola-miklavz.si\/index.php?rest_route=\/wp\/v2\/users\/2448"}],"replies":[{"embeddable":true,"href":"https:\/\/www.sola-miklavz.si\/index.php?rest_route=%2Fwp%2Fv2%2Fcomments&post=14087"}],"version-history":[{"count":2,"href":"https:\/\/www.sola-miklavz.si\/index.php?rest_route=\/wp\/v2\/pages\/14087\/revisions"}],"predecessor-version":[{"id":28417,"href":"https:\/\/www.sola-miklavz.si\/index.php?rest_route=\/wp\/v2\/pages\/14087\/revisions\/28417"}],"wp:attachment":[{"href":"https:\/\/www.sola-miklavz.si\/index.php?rest_route=%2Fwp%2Fv2%2Fmedia&parent=14087"}],"curies":[{"name":"wp","href":"https:\/\/api.w.org\/{rel}","templated":true}]}}