{"id":135,"date":"2015-03-30T09:16:50","date_gmt":"2015-03-30T08:16:50","guid":{"rendered":"http:\/\/solamiklavz.splet.arnes.si\/?page_id=135"},"modified":"2025-10-14T16:36:20","modified_gmt":"2025-10-14T14:36:20","slug":"organizacija-solske-prehrane","status":"publish","type":"page","link":"https:\/\/www.sola-miklavz.si\/?page_id=135","title":{"rendered":"Organizacija \u0161olske prehrane"},"content":{"rendered":"<p><a href=\"http:\/\/solamiklavz.splet.arnes.si\/files\/2015\/04\/hrana.jpg\"><img loading=\"lazy\" decoding=\"async\" class=\"alignright size-full wp-image-479\" src=\"http:\/\/solamiklavz.splet.arnes.si\/files\/2015\/04\/hrana.jpg\" alt=\"hrana\" width=\"150\" height=\"150\" srcset=\"https:\/\/www.sola-miklavz.si\/files\/2015\/04\/hrana.jpg 150w, https:\/\/www.sola-miklavz.si\/files\/2015\/04\/hrana-54x55.jpg 54w\" sizes=\"auto, (max-width: 150px) 100vw, 150px\" \/><\/a><strong>ORGANIZACIJA MALIC &nbsp;IN KOSIL <\/strong><\/p>\n<p>V \u0161oli sta organizirana malica in kosilo za u\u010dence in delavce \u0161ole. U\u010dencem je ponujeno sezonsko sadje. Ves \u010das imajo na razpolago vodo. Po pouku vzpodbujamo, da u\u010denci, ki imajo dejavnosti po pouku u\u017eivajo sadje.<\/p>\n<p>Pri vseh obrokih so prisotni u\u010ditelji, ki u\u010dence usmerjajo k zdravemu in kulturnemu prehranjevanju (uporaba serviete, uporaba pribora, na\u010din prehrane glede na sestavo obroka, bonton pri mizi, odnos do so\u0161olcev in pospravljanje).<\/p>\n<p>Vsi u\u010denci imajo malico in kosilo v jedilnici, kjer so mize dolo\u010dene za posamezne razrede.<\/p>\n<p>&nbsp;<\/p>\n<p><strong>MALICA<\/strong><\/p>\n<p>Na mati\u010dni \u0161oli imajo u\u010denci 1.in 2. razreda malico v jedilnici od 9.00 do 9.20. U\u010denci 3. razreda imajo malico ob 9.10 do 9.30. \u0160olska malica je pripravljena na vozi\u010dku ob mizi posameznega razreda. Pred malico si u\u010denci temeljito umijejo roke z milom in vodo. V koloni gredo do jedilnice in se posedejo k mizi dolo\u010deni za njihov razred. Na mizi si u\u010denci naredijo pogrinjek. Hrano pomaga razdeliti u\u010ditelj, ki si je pred razdeljevanjem hrane temeljito umil in si nadel rokavice. Po malici u\u010denci lo\u010dijo ostale in organske odpadke v zato namenjene ko\u0161e. Delavci kuhinje odpeljejo vozi\u010dek v prostor za pospravljanje. Po hranjenju u\u010denci ob pomo\u010di u\u010ditelja po\u010distijo mize. U\u010ditelj uredi v programu lopolis prevzem malice za vse prisotne u\u010dence.<\/p>\n<p>U\u010denci 4. razredov imajo malico od 9.30 do 9.50. U\u010denci 5. razredov od 9.35 do 9.55. U\u010denci 6. in 8. razredov od 9.55 do 10.10. V odmoru od 10.10 do 10.25 imajo malico&nbsp; u\u010denci 7. in 9. razredov. Pred odhodom v jedilnico si u\u010denci temeljito umijejo roke. Vsak u\u010denec z vsakodnevnim od\u010ditavanjem potrdi naro\u010dilo malice. \u0160olsko malico si u\u010denci postre\u017eejo pri razdelilnem pultu na dveh mestih.&nbsp; Na o\u010di\u0161\u010deni mizi &nbsp;si u\u010denci naredijo pogrinjek in malico kulturno pojedo. Malica je za vse u\u010dence enotna. Po malici u\u010denci lo\u010dijo ostale in organske odpadke v za to namenjene ko\u0161e. Po malici de\u017eurna u\u010denca v razredu poskrbita za \u010disto\u010do mize njihovega razreda. U\u010denci hrane ne odna\u0161ajo iz jedilnice. Prav tako ni dovoljen vnos hrane in sladkih napitkov v \u0161olo.<\/p>\n<p>V \u010dasu od 9.55 do 10.10 imajo u\u010denci 7. in 9. razreda odmor z vajami za sprostitev in razgibavanje, medtem ko imajo u\u010denci 6. in 8. razredov odmor z vajami za sprostitev in razgibavanje v \u010dasu od 10.10. do 10.25..Na Podru\u017enici Dobrovce imajo&nbsp; malico vsi u\u010denci v jedilnici \u2013 od 9.05 do 9.25 u\u010denci 1.a, &nbsp;od 9.15 do 9.35 u\u010denci 2.a, ob 9.30 do 9.45 u\u010denci 3.a in ob 9.55 do 10.10 &nbsp;u\u010denci 4.a in 5.a.<\/p>\n<p>&nbsp;<\/p>\n<p><strong>KOSILO<\/strong><\/p>\n<p>Vsi u\u010denci \u0161ole imajo kosilo v jedilnici \u0161ole. Poteka po urniku \u010dasovnega razporeda razredov in de\u017euranja u\u010diteljev. U\u010denci si umijejo roke in skupaj z u\u010diteljem odidejo do jedilnice. V jedilnici gredo do razdelilnega pulta. U\u010ditelj 1. VIO, ki pou\u010duje dejavnosti po pouku &nbsp;uredi v programu lopolis prevzem kosila za vse prisotne u\u010dence. U\u010denci od 4. do 9. razreda potrdijo naro\u010dilo kosila z vsakodnevnim od\u010ditavanjem. V jedilnici u\u010denci&nbsp; prevzamejo pladenj, pribor in servietko. Pri razdelilnem pultu prevzamejo porcijsko kosilo, pripravljen obrok, ki je koli\u010dinsko dolo\u010den, skladno z energijsko vrednostjo, ki je predpisana za posamezne starosti otrok. Prav tako u\u010denci 1. VIO prevzamejo solato. V solatnem bifeju si u\u010denci 2. in 3. VIO sami postre\u017eejo solato. U\u010denci gredo do mize, ki je ozna\u010dena za posamezni razred. U\u010denci po kon\u010danem obedu odlo\u017eijo pladnje na odlagalno povr\u0161ino &#8211; vozi\u010dek in lo\u010dijo odpadke. U\u010ditelj poskrbi, da u\u010denci zapustijo \u010disto mizo. Razdeljevanje kosil se zaklju\u010di ob 14. uri. Uporaba avtomata z vodo je brezsti\u010dna. Uporaba 100 % sadnih sokov razred\u010denih z vodo je ob\u010dasna. &nbsp;.Kosila so koli\u010dinsko razli\u010dna, zato so tudi cene kosil razli\u010dne.<\/p>\n<p>Ob predlo\u017eitvi zdravni\u0161kega potrdila o medicinsko indicirani dieti,&nbsp; pripravljamo dietne obroke.<\/p>\n<p>V \u010dasu dejavnosti po pouku, se u\u010denci 1.VIO, 4. in 5. razreda osve\u017eijo s sadjem.<\/p>\n<p>\u0160ola bo izvedla razli\u010dne dejavnosti, povezane s prehrano in dejavnosti, s katerimi bo vzpodbujala zdravo prehranjevanje in kulturo prehranjevanja:<\/p>\n<ul>\n<li>naravoslovni dan Zdravo \u017eivljenje,<\/li>\n<li>tradicionalni slovenski zajtrk,<\/li>\n<li>razredno uro na temo Kulturno prehranjevanje,<\/li>\n<li>sodelovanje z eko kmetijo,<\/li>\n<li>raz\u0161irjen program s pripravo jedi,<\/li>\n<li>sodelovanje v projektih EKO\u0160OLE,<\/li>\n<li>sodelovanje v raznih projektih: ERASMUS in Zdrava \u0161ola.<\/li>\n<\/ul>\n<p>\u0160ola bo med \u0161olskim letom enkrat preverila stopnjo zadovoljstva u\u010dencev in star\u0161ev s \u0161olsko prehrano in z dejavnostmi, s katerimi \u0161ola vzpodbuja zdravo prehranjevanje in kulturo prehranjevanja: tradicionalni slovenski zajtrk in naravoslovni dan Zdravo \u017eivljenje.<\/p>\n<p>Cene posameznih obrokov:&nbsp;<\/p>\n<ul>\n<li>cena malice \u2013 1,10 \u20ac,<\/li>\n<li>cena kosila \u2013 za u\u010dence od 1. do 3. r. je 2,10 \u20ac,<\/li>\n<li>cena kosila \u2013 za u\u010dence od do 6. r. je 2,35 \u20ac,<\/li>\n<li>cena kosila \u2013 za u\u010dence od 7. do 9. r. je 2,65 \u20ac,<\/li>\n<li>cena kosila \u2013 za odrasle je 5,50 \u20ac.<\/li>\n<\/ul>\n<p>Ceno malice v skladu z Zakonom o \u0161olski prehrani dolo\u010di minister za izobra\u017eevanje, znanost in \u0161port.<\/p>\n<p>Celotno organizacijo prehrane vodi vodja \u0161olske prehrane Maja Lukovi\u0107.<\/p>\n<p>Vklju\u010deni smo v projekt SHEME \u0160OLSKEGA SADJA IN ZELENJAVE, katerega namen je pove\u010dati u\u017eivanje sadja in zelenjave in pri otrocih izbolj\u0161ati prehranske navade, ter \u0160OLSKO MLEKO. &nbsp;\u0160olska shema naj bi pripomogla k ustavitvi nara\u0161\u010danja pojava prekomerne te\u017ee in debelosti pri otrocih, ki sta eden od ve\u010djih dejavnikov tveganja za bolezni sodobnega \u010dasa.<\/p>\n<p>Vklju\u010deni smo v projekt <strong>SHEME \u0160OLSKEGA SADJA IN ZELENJAVE<\/strong>, katerega namen je pove\u010dati u\u017eivanje sadja in zelenjave in pri otrocih izbolj\u0161ati prehranske navade. \u0160olska shema naj bi pripomogla k ustavitvi nara\u0161\u010danja pojava prekomerne te\u017ee in debelosti pri otrocih, ki sta eden od ve\u010djih dejavnikov tveganja za bolezni sodobnega \u010dasa.<\/p>\n<p><strong>SUBVENCIONIRANA PREHRANA<\/strong><\/p>\n<p>Pri pravici do subvencionirane \u0161olske prehrane \u0161ola upo\u0161teva uvrstitev v dohodkovni razred, razviden iz odlo\u010dbe o otro\u0161kem dodatku, ki ga izda CSD. Uvrstitev se upo\u0161teva na podlagi izmenjave podatkov pristojnih ministrstev in \u0161ole.<\/p>\n<p><strong>Subvencija malice<\/strong> oz. brezpla\u010dna malica pripada tistim u\u010dencem, ki se redno izobra\u017eujejo, so prijavljeni na malico in pri katerih povpre\u010dni mese\u010dni dohodek na osebo ugotovljen v veljavni odlo\u010dbi o otro\u0161kem dodatku, ne presega 5. dohodkovnega razreda.<\/p>\n<p><strong>Subvencija kosila<\/strong> oz. brezpla\u010dno kosilo pripada tistim u\u010dencem, ki se redno izobra\u017eujejo, so prijavljeni na kosilo in pri katerih povpre\u010dni mese\u010dni dohodek na osebo ugotovljen v veljavni odlo\u010dbi o otro\u0161kem dodatku, ne presega 4. dohodkovnega razreda.<\/p>\n<p><strong>DO SUBVENCIJE KOSILA V VI\u0160INI 50 % CENE KOSILA<\/strong> so upravi\u010deni u\u010denci, ki se redno \u0161olajo, so prijavljeni na kosilo in pri katerih povpre\u010dni mese\u010dni dohodek na osebo, ugotovljen v odlo\u010dbi o otro\u0161kem dodatku, <strong>presega zgornjo mejo 4. dohodkovnega razreda in ne presega zgornje meje 5. dohodkovnega razreda.<\/strong><\/p>\n<p>&nbsp;<\/p>\n<p><strong>POSTOPKI IN OBVEZNOSTI NARO\u010cANJA TER ODJAVLJANJA \u0160OLSKE PREHRANE <\/strong><\/p>\n<p>Star\u0161i prijavijo u\u010denca na \u0161olsko prehrano z obrazcem Prijavnica u\u010denca na \u0161olsko prehrano. Vse morebitne spremembe za dalj\u0161i \u010das morajo star\u0161i dolo\u010diti na novi Prijavnici u\u010denca na \u0161olsko prehrano oz. na obrazcu Preklic prijave u\u010denca na \u0161olsko prehrano. Oba obrazca sta veljavna s podpisom star\u0161ev\/skrbnikov\/vlagateljev prijave.<\/p>\n<p>Vse kratkoro\u010dne odjave obrokov star\u0161i opravijo izklju\u010dno v tajni\u0161tvu \u0161ole:<\/p>\n<ul>\n<li>na spletni strani \u0161ole prek elektronskega obrazca prijava\/odjava \u0161olske prehrane,<\/li>\n<li>preko elektronske po\u0161te,<\/li>\n<li>preko telefona,<\/li>\n<li>z geslom preko Lopolisa.<\/li>\n<\/ul>\n<p>Kratkoro\u010dne odjave, ki jih star\u0161i sporo\u010dijo v tajni\u0161tvo \u0161ole do 8.30 za teko\u010di dan, so obravnavane kot pravo\u010dasne in se tako odjavljeni obroki ne zara\u010dunajo. Vse odjave, sporo\u010dene po 8.30, se upo\u0161tevajo kot nepravo\u010dasne. Nepravo\u010dasno odjavljeni ali neodjavljeni in neprevzeti obroki se zara\u010dunajo.<\/p>\n<p>Posebnost so subvencionirani obroki.<\/p>\n<p>Obrok je subvencioniran samo v primeru, da ima u\u010denec obrok naro\u010den in ga tudi prevzame. Subvencija velja tudi za prvi dan nepravo\u010dasne odjave. Obroke, ki so sicer subvencionirani, vendar niso bili odjavljeni in jih u\u010denec ni prevzel, \u0161ola zara\u010duna po ceni nesubvencioniranega obroka.&nbsp;<\/p>\n","protected":false},"excerpt":{"rendered":"<p>ORGANIZACIJA MALIC &nbsp;IN KOSIL V \u0161oli sta organizirana malica in kosilo za u\u010dence in delavce \u0161ole. U\u010dencem je ponujeno sezonsko sadje. Ves \u010das imajo na razpolago vodo. Po pouku vzpodbujamo, da u\u010denci, ki imajo dejavnosti po pouku u\u017eivajo sadje. Pri vseh obrokih so prisotni u\u010ditelji, ki u\u010dence usmerjajo k zdravemu&#46;&#46;&#46;<\/p>\n","protected":false},"author":2448,"featured_media":0,"parent":0,"menu_order":0,"comment_status":"open","ping_status":"open","template":"","meta":{"ngg_post_thumbnail":0,"footnotes":"","_expiration-date-status":"","_expiration-date":0,"_expiration-date-type":"","_expiration-date-categories":[],"_expiration-date-options":[]},"class_list":["post-135","page","type-page","status-publish","hentry"],"_links":{"self":[{"href":"https:\/\/www.sola-miklavz.si\/index.php?rest_route=\/wp\/v2\/pages\/135","targetHints":{"allow":["GET"]}}],"collection":[{"href":"https:\/\/www.sola-miklavz.si\/index.php?rest_route=\/wp\/v2\/pages"}],"about":[{"href":"https:\/\/www.sola-miklavz.si\/index.php?rest_route=\/wp\/v2\/types\/page"}],"author":[{"embeddable":true,"href":"https:\/\/www.sola-miklavz.si\/index.php?rest_route=\/wp\/v2\/users\/2448"}],"replies":[{"embeddable":true,"href":"https:\/\/www.sola-miklavz.si\/index.php?rest_route=%2Fwp%2Fv2%2Fcomments&post=135"}],"version-history":[{"count":18,"href":"https:\/\/www.sola-miklavz.si\/index.php?rest_route=\/wp\/v2\/pages\/135\/revisions"}],"predecessor-version":[{"id":31437,"href":"https:\/\/www.sola-miklavz.si\/index.php?rest_route=\/wp\/v2\/pages\/135\/revisions\/31437"}],"wp:attachment":[{"href":"https:\/\/www.sola-miklavz.si\/index.php?rest_route=%2Fwp%2Fv2%2Fmedia&parent=135"}],"curies":[{"name":"wp","href":"https:\/\/api.w.org\/{rel}","templated":true}]}}