{"id":133,"date":"2015-03-30T09:16:33","date_gmt":"2015-03-30T08:16:33","guid":{"rendered":"http:\/\/solamiklavz.splet.arnes.si\/?page_id=133"},"modified":"2026-03-23T11:59:15","modified_gmt":"2026-03-23T10:59:15","slug":"jedilniki","status":"publish","type":"page","link":"https:\/\/www.sola-miklavz.si\/?page_id=133","title":{"rendered":"O prehrani"},"content":{"rendered":"<p>Prehrana in na\u010din \u017eivljenja&nbsp; vplivata na zdravje, po\u010dutje u\u010dencev, skladen telesni in du\u0161evni razvoj, u\u010dno uspe\u0161nost in tudi pozitivno samopodobo. Prehrana je \u0161e posebej pomembna v obdobju odra\u0161\u010danja. Temelj zdravega prehranjevanja za otroke in mladostnike je pestra, kakovostna in raznolika prehrana, ki je dobra popotnica za nadaljnje \u017eivljenje.<\/p>\n<p>Kontrolo \u017eivil v vseh procesih dela izvajamo po na\u010delih HACCP-sistema, ki nam zagotavlja pripravo varnih obrokov. Uradni nadzor nad kvaliteto in koli\u010dino prehrane vse \u0161olsko leto izvajata Zavod za zdravstveno varstvo Maribor in Zdravstveni in\u0161pektorat RS.<\/p>\n<p>&nbsp;<\/p>\n<p><a href=\"https:\/\/www.sola-miklavz.si\/files\/2024\/09\/Skupaj_do_zdravih_prehranskih_navad_letak_A5_splet.pdf\" target=\"_blank\" rel=\"noopener\">Letak: Skupaj do zdravih prehranskih navad letak<\/a><\/p>\n<p>&nbsp;<\/p>\n<p><span style=\"font-size: 14pt\"><strong>ANKETA O \u0160OLSKI PREHRANI<\/strong><\/span><\/p>\n<p>&nbsp;<\/p>\n<p>Spo\u0161tovani star\u0161i in u\u010denci,<\/p>\n<p>&nbsp;<\/p>\n<p>Zakon o \u0161olski prehrani zahteva, da se vsaj enkrat letno preveri stopnja zadovoljstva u\u010dencev in star\u0161ev s \u0161olsko prehrano in z dejavnostmi, s katerimi \u0161ola vzpodbuja zdravo prehranjevanje in kulturo prehranjevanja.<\/p>\n<p>Prosimo vas, da si vzamete \u010das in re\u0161ite anketo.<\/p>\n<p>Anketo izpolnite do 24. 4. 2026.<\/p>\n<p>Povezavo do ankete za u\u010dence najdete na spodnji povezavi:<br \/>\n<a href=\"https:\/\/1ka.arnes.si\/a\/4e9b14f9\">https:\/\/1ka.arnes.si\/a\/4e9b14f9<\/a><\/p>\n<p>Povezavo do ankete za star\u0161e najdete na spodnji povezavi:<br \/>\n<a href=\"https:\/\/1ka.arnes.si\/a\/8d3ef72c\">https:\/\/1ka.arnes.si\/a\/8d3ef72c<\/a><\/p>\n<p>&nbsp;<\/p>\n<p>Zahvaljujemo se vam za sodelovanje.<\/p>\n<p>Maja Lukovi\u0107,<\/p>\n<p>organizatorka \u0161olske prehrane<\/p>\n<p>&nbsp;<\/p>\n","protected":false},"excerpt":{"rendered":"<p>Prehrana in na\u010din \u017eivljenja&nbsp; vplivata na zdravje, po\u010dutje u\u010dencev, skladen telesni in du\u0161evni razvoj, u\u010dno uspe\u0161nost in tudi pozitivno samopodobo. Prehrana je \u0161e posebej pomembna v obdobju odra\u0161\u010danja. Temelj zdravega prehranjevanja za otroke in mladostnike je pestra, kakovostna in raznolika prehrana, ki je dobra popotnica za nadaljnje \u017eivljenje. Kontrolo \u017eivil&#46;&#46;&#46;<\/p>\n","protected":false},"author":2448,"featured_media":0,"parent":0,"menu_order":0,"comment_status":"open","ping_status":"open","template":"","meta":{"ngg_post_thumbnail":0,"footnotes":"","_expiration-date-status":"","_expiration-date":0,"_expiration-date-type":"","_expiration-date-categories":[],"_expiration-date-options":[]},"class_list":["post-133","page","type-page","status-publish","hentry"],"_links":{"self":[{"href":"https:\/\/www.sola-miklavz.si\/index.php?rest_route=\/wp\/v2\/pages\/133","targetHints":{"allow":["GET"]}}],"collection":[{"href":"https:\/\/www.sola-miklavz.si\/index.php?rest_route=\/wp\/v2\/pages"}],"about":[{"href":"https:\/\/www.sola-miklavz.si\/index.php?rest_route=\/wp\/v2\/types\/page"}],"author":[{"embeddable":true,"href":"https:\/\/www.sola-miklavz.si\/index.php?rest_route=\/wp\/v2\/users\/2448"}],"replies":[{"embeddable":true,"href":"https:\/\/www.sola-miklavz.si\/index.php?rest_route=%2Fwp%2Fv2%2Fcomments&post=133"}],"version-history":[{"count":17,"href":"https:\/\/www.sola-miklavz.si\/index.php?rest_route=\/wp\/v2\/pages\/133\/revisions"}],"predecessor-version":[{"id":33696,"href":"https:\/\/www.sola-miklavz.si\/index.php?rest_route=\/wp\/v2\/pages\/133\/revisions\/33696"}],"wp:attachment":[{"href":"https:\/\/www.sola-miklavz.si\/index.php?rest_route=%2Fwp%2Fv2%2Fmedia&parent=133"}],"curies":[{"name":"wp","href":"https:\/\/api.w.org\/{rel}","templated":true}]}}