{"id":127,"date":"2015-03-30T09:13:42","date_gmt":"2015-03-30T08:13:42","guid":{"rendered":"http:\/\/solamiklavz.splet.arnes.si\/?page_id=127"},"modified":"2026-01-20T13:27:36","modified_gmt":"2026-01-20T12:27:36","slug":"zdravstveno-varstvo","status":"publish","type":"page","link":"https:\/\/www.sola-miklavz.si\/?page_id=127","title":{"rendered":"Zdravstveno varstvo"},"content":{"rendered":"<p><img loading=\"lazy\" decoding=\"async\" class=\"size-medium wp-image-523 alignright\" src=\"http:\/\/solamiklavz.splet.arnes.si\/files\/2015\/03\/zobozdravnik-300x257.jpeg\" alt=\"zobozdravnik\" width=\"300\" height=\"257\" srcset=\"https:\/\/www.sola-miklavz.si\/files\/2015\/03\/zobozdravnik-300x257.jpeg 300w, https:\/\/www.sola-miklavz.si\/files\/2015\/03\/zobozdravnik-64x55.jpeg 64w, https:\/\/www.sola-miklavz.si\/files\/2015\/03\/zobozdravnik-470x403.jpeg 470w, https:\/\/www.sola-miklavz.si\/files\/2015\/03\/zobozdravnik.jpeg 965w\" sizes=\"auto, (max-width: 300px) 100vw, 300px\" \/><\/p>\n<p>V \u0161olskem letu 2025\/26 bodo sistemati\u010dno pregledani u\u010denci 4., 6. in 8. razreda. Vsa zakonska obvezna cepljenja in pregled prvo\u0161olcev pred vstopom v \u0161olo bo opravila \u0161olska zdravnica dr. Branka Ku\u010di\u010d Kvas v zdravstveni ambulanti \u0160OLMED, d. o. o., Zagreb\u0161ka cesta 103, 2000 Maribor.<\/p>\n<p>Sistematske preglede zobovja, kakor tudi njihovo zdravljenje&nbsp; bo opravila zobozdravnica na\u0161e \u0161olske zobozdravstvene organizacije Monika Bra\u010dko, dr. dent. med., vsem u\u010dencem, ki so jo izbrali za osebnega zobozdravnika.<\/p>\n<p>Delovni \u010das zobozdravnice je v ponedeljek, sredo in petek od 7:00. do 14:00. ure, v torek in \u010detrtek pa od 13:00 do 20:00. ure.<\/p>\n<p>Preventivni program za ohranitev zdravja zob za u\u010dence od 1. do 5. razreda bodo izvajale medicinske sestre zdravstveno-vzgojne in preventivne dejavnosti Zdravstvenega doma dr. Adolfa Drolca Maribor.<\/p>\n<p>Nekateri zaposleni bodo opravili predpisane zdravni\u0161ke preglede na podlagi analize in zdravstvene ocene delovnih mest.<\/p>\n<p><strong>Preventivne dejavnosti <\/strong>bodo potekale vse \u0161olsko leto, s poudarkom na zdravih navadah, gibanju in skrbi za dobro telesno in du\u0161evno zdravje, prehrano in osebno higieno. Posebno skrb bomo posve\u010dali&nbsp;&nbsp; prepre\u010devanju razvijanja \u0161kodljivih razvad (kajenje, alkohol, droge, prenajedanje \u2026) in razli\u010dnih odvisnosti (ra\u010dunalnik, igrice, telefon, televizija \u2026). Podrobneje so dejavnosti opisane v poglavju o vzgojnem na\u010drtu \u0161ole.<\/p>\n<p>&nbsp;<\/p>\n<p style=\"text-align: center\"><strong>Zobna ambulanta &#8211; telefon: 02 \/ 333 18 48<\/strong><\/p>\n","protected":false},"excerpt":{"rendered":"<p>V \u0161olskem letu 2025\/26 bodo sistemati\u010dno pregledani u\u010denci 4., 6. in 8. razreda. Vsa zakonska obvezna cepljenja in pregled prvo\u0161olcev pred vstopom v \u0161olo bo opravila \u0161olska zdravnica dr. Branka Ku\u010di\u010d Kvas v zdravstveni ambulanti \u0160OLMED, d. o. o., Zagreb\u0161ka cesta 103, 2000 Maribor. Sistematske preglede zobovja, kakor tudi njihovo&#46;&#46;&#46;<\/p>\n","protected":false},"author":2448,"featured_media":0,"parent":0,"menu_order":0,"comment_status":"open","ping_status":"open","template":"","meta":{"ngg_post_thumbnail":0,"footnotes":"","_expiration-date-status":"","_expiration-date":0,"_expiration-date-type":"","_expiration-date-categories":[],"_expiration-date-options":[]},"class_list":["post-127","page","type-page","status-publish","hentry"],"_links":{"self":[{"href":"https:\/\/www.sola-miklavz.si\/index.php?rest_route=\/wp\/v2\/pages\/127","targetHints":{"allow":["GET"]}}],"collection":[{"href":"https:\/\/www.sola-miklavz.si\/index.php?rest_route=\/wp\/v2\/pages"}],"about":[{"href":"https:\/\/www.sola-miklavz.si\/index.php?rest_route=\/wp\/v2\/types\/page"}],"author":[{"embeddable":true,"href":"https:\/\/www.sola-miklavz.si\/index.php?rest_route=\/wp\/v2\/users\/2448"}],"replies":[{"embeddable":true,"href":"https:\/\/www.sola-miklavz.si\/index.php?rest_route=%2Fwp%2Fv2%2Fcomments&post=127"}],"version-history":[{"count":16,"href":"https:\/\/www.sola-miklavz.si\/index.php?rest_route=\/wp\/v2\/pages\/127\/revisions"}],"predecessor-version":[{"id":33022,"href":"https:\/\/www.sola-miklavz.si\/index.php?rest_route=\/wp\/v2\/pages\/127\/revisions\/33022"}],"wp:attachment":[{"href":"https:\/\/www.sola-miklavz.si\/index.php?rest_route=%2Fwp%2Fv2%2Fmedia&parent=127"}],"curies":[{"name":"wp","href":"https:\/\/api.w.org\/{rel}","templated":true}]}}