{"id":125,"date":"2015-03-30T09:13:27","date_gmt":"2015-03-30T08:13:27","guid":{"rendered":"http:\/\/solamiklavz.splet.arnes.si\/?page_id=125"},"modified":"2025-11-06T08:11:09","modified_gmt":"2025-11-06T07:11:09","slug":"solska-knjiznica","status":"publish","type":"page","link":"https:\/\/www.sola-miklavz.si\/?page_id=125","title":{"rendered":"\u0160olska knji\u017enica"},"content":{"rendered":"<p><a href=\"https:\/\/www.sola-miklavz.si\/files\/2024\/11\/ZlozenkaSK.pdf\" target=\"_blank\" rel=\"noopener\"><img loading=\"lazy\" decoding=\"async\" class=\"wp-image-28745 size-full alignleft\" src=\"https:\/\/www.sola-miklavz.si\/files\/2024\/11\/knjiznica.jpg\" alt=\"\u0160olska knji\u017enica\" width=\"203\" height=\"203\" srcset=\"https:\/\/www.sola-miklavz.si\/files\/2024\/11\/knjiznica.jpg 203w, https:\/\/www.sola-miklavz.si\/files\/2024\/11\/knjiznica-150x150.jpg 150w, https:\/\/www.sola-miklavz.si\/files\/2024\/11\/knjiznica-80x80.jpg 80w\" sizes=\"auto, (max-width: 203px) 100vw, 203px\" \/><\/a><span style=\"color: #808080\"><strong>Knji\u017eni\u010darki: Petra \u017dunko, Katja Rinc<\/strong><\/span><\/p>\n<p><span style=\"color: #808080\">Slovenci smo majhen narod, zato je toliko pomembnej\u0161a skrb za jezik. Prav knji\u017enica u\u010dencu ponuja neomejeno zakladnico znanja, estetike, lepe slovenske besede in svet domi\u0161ljije.<\/span><\/p>\n<p><span style=\"color: #808080\">Knji\u017enica je odprta za izposojo od ponedeljka do petka po prilagojenem delovnem \u010dasu od 8.00 do 14.00 ure.<\/span><\/p>\n<p><span style=\"color: #808080\"><strong>U\u010cBENI\u0160KI SKLAD<\/strong><\/span><\/p>\n<p><span style=\"color: #808080\">Na \u0161oli deluje \u0161olski u\u010dbeni\u0161ki sklad, iz katerega si lahko u\u010denci izposodijo u\u010dbenike. Izposoja u\u010dbenikov je brezpla\u010dna. Ob koncu \u0161olskega leta u\u010denci vrnejo u\u010dbenike. \u010ce so u\u010dbeniki po\u0161kodovani, uni\u010deni ali jih u\u010denci ne vrnejo, morajo zanje poravnati od\u0161kodnino, ki se izra\u010duna po <a href=\"https:\/\/www.sola-miklavz.si\/files\/2024\/06\/PRAV13873_NPB0.pdf\" target=\"_blank\" rel=\"noopener\">Pravilniku o upravljanju u\u010dbeni\u0161kega sklada<\/a>.<\/span><\/p>\n<p><span style=\"color: #808080\">Povezave:<\/span><\/p>\n<ul>\n<li><span style=\"color: #ff0000\"><a href=\"http:\/\/www.dlib.si\/\" target=\"_blank\" rel=\"noopener noreferrer\"><span style=\"color: #ff0000\">Digitalna narodna in univerzitetna knji\u017enica v Ljubljani<\/span><\/a><\/span><\/li>\n<li><span style=\"color: #ff0000\"><a href=\"https:\/\/dk.um.si\/info\/index.php\/slo\/\" target=\"_blank\" rel=\"noopener noreferrer\"><span style=\"color: #ff0000\">Digitalna knji\u017enica Univerze v Mariboru<\/span><\/a><\/span><\/li>\n<\/ul>\n<p><img loading=\"lazy\" decoding=\"async\" class=\"size-full wp-image-615 aligncenter\" src=\"http:\/\/solamiklavz.splet.arnes.si\/files\/2015\/04\/knjiznica.jpg\" alt=\"knjiznica\" width=\"300\" height=\"174\" srcset=\"https:\/\/www.sola-miklavz.si\/files\/2015\/04\/knjiznica.jpg 300w, https:\/\/www.sola-miklavz.si\/files\/2015\/04\/knjiznica-94x55.jpg 94w\" sizes=\"auto, (max-width: 300px) 100vw, 300px\" \/><\/p>\n","protected":false},"excerpt":{"rendered":"<p>Knji\u017eni\u010darki: Petra \u017dunko, Katja Rinc Slovenci smo majhen narod, zato je toliko pomembnej\u0161a skrb za jezik. Prav knji\u017enica u\u010dencu ponuja neomejeno zakladnico znanja, estetike, lepe slovenske besede in svet domi\u0161ljije. Knji\u017enica je odprta za izposojo od ponedeljka do petka po prilagojenem delovnem \u010dasu od 8.00 do 14.00 ure. U\u010cBENI\u0160KI SKLAD&#46;&#46;&#46;<\/p>\n","protected":false},"author":2448,"featured_media":0,"parent":0,"menu_order":0,"comment_status":"open","ping_status":"open","template":"","meta":{"ngg_post_thumbnail":0,"footnotes":"","_expiration-date-status":"","_expiration-date":0,"_expiration-date-type":"","_expiration-date-categories":[],"_expiration-date-options":[]},"class_list":["post-125","page","type-page","status-publish","hentry"],"_links":{"self":[{"href":"https:\/\/www.sola-miklavz.si\/index.php?rest_route=\/wp\/v2\/pages\/125","targetHints":{"allow":["GET"]}}],"collection":[{"href":"https:\/\/www.sola-miklavz.si\/index.php?rest_route=\/wp\/v2\/pages"}],"about":[{"href":"https:\/\/www.sola-miklavz.si\/index.php?rest_route=\/wp\/v2\/types\/page"}],"author":[{"embeddable":true,"href":"https:\/\/www.sola-miklavz.si\/index.php?rest_route=\/wp\/v2\/users\/2448"}],"replies":[{"embeddable":true,"href":"https:\/\/www.sola-miklavz.si\/index.php?rest_route=%2Fwp%2Fv2%2Fcomments&post=125"}],"version-history":[{"count":16,"href":"https:\/\/www.sola-miklavz.si\/index.php?rest_route=\/wp\/v2\/pages\/125\/revisions"}],"predecessor-version":[{"id":32324,"href":"https:\/\/www.sola-miklavz.si\/index.php?rest_route=\/wp\/v2\/pages\/125\/revisions\/32324"}],"wp:attachment":[{"href":"https:\/\/www.sola-miklavz.si\/index.php?rest_route=%2Fwp%2Fv2%2Fmedia&parent=125"}],"curies":[{"name":"wp","href":"https:\/\/api.w.org\/{rel}","templated":true}]}}