{"id":123,"date":"2015-03-30T09:13:00","date_gmt":"2015-03-30T08:13:00","guid":{"rendered":"http:\/\/solamiklavz.splet.arnes.si\/?page_id=123"},"modified":"2025-11-17T11:59:11","modified_gmt":"2025-11-17T10:59:11","slug":"specialno-pedagoska-sluzba","status":"publish","type":"page","link":"https:\/\/www.sola-miklavz.si\/?page_id=123","title":{"rendered":"Specialno-pedago\u0161ka slu\u017eba"},"content":{"rendered":"<p style=\"text-align: center\"><img loading=\"lazy\" decoding=\"async\" class=\"wp-image-9441 alignleft\" src=\"http:\/\/solamiklavz.splet.arnes.si\/files\/2015\/03\/u\u010ditelj-271x300.png\" alt=\"\" width=\"239\" height=\"265\" srcset=\"https:\/\/www.sola-miklavz.si\/files\/2015\/03\/u\u010ditelj-271x300.png 271w, https:\/\/www.sola-miklavz.si\/files\/2015\/03\/u\u010ditelj-768x852.png 768w, https:\/\/www.sola-miklavz.si\/files\/2015\/03\/u\u010ditelj-50x55.png 50w, https:\/\/www.sola-miklavz.si\/files\/2015\/03\/u\u010ditelj-470x521.png 470w, https:\/\/www.sola-miklavz.si\/files\/2015\/03\/u\u010ditelj.png 864w\" sizes=\"auto, (max-width: 239px) 100vw, 239px\" \/><img loading=\"lazy\" decoding=\"async\" class=\"wp-image-9443 alignright\" src=\"http:\/\/solamiklavz.splet.arnes.si\/files\/2015\/03\/index.jpg\" alt=\"\" width=\"227\" height=\"239\" srcset=\"https:\/\/www.sola-miklavz.si\/files\/2015\/03\/index.jpg 219w, https:\/\/www.sola-miklavz.si\/files\/2015\/03\/index-52x55.jpg 52w\" sizes=\"auto, (max-width: 227px) 100vw, 227px\" \/><\/p>\n<p style=\"text-align: center\"><span style=\"color: #808080\"><strong>&nbsp;<\/strong><\/span><\/p>\n<h3 style=\"text-align: center\"><span style=\"color: #808080\"><strong>SPECIALNO-PEDAGO\u0160KA SLU\u017dBA<br \/>\n<\/strong><\/span><\/h3>\n<p><span style=\"color: #808080\"><strong>Defektologinja Zdenka Ro\u0161kari\u010d Duh in <\/strong><\/span><span style=\"color: #808080\"><strong>pedagoginje <\/strong><\/span><span style=\"color: #808080\"><strong>Andreja Rinc Uro\u0161evi\u0107, <\/strong><\/span> <span style=\"color: #808080\"><strong>Asja Ertl<\/strong><\/span><span style=\"color: #808080\"><strong> in Du\u0161anka Mihali\u010d Mali <\/strong><\/span><\/p>\n<p>&nbsp;<\/p>\n<p>&nbsp;<\/p>\n<p>Star\u0161i se lahko na specialno-pedago\u0161ko slu\u017ebo obrnejo po pomo\u010d ali nasvet, kadar pri svojem otroku opa\u017eajo:<\/p>\n<ul>\n<li>te\u017eave pri u\u010denju,<\/li>\n<li>te\u017eave pri branju in pisanju,<\/li>\n<li>te\u017eave v \u0161tevilskih in koli\u010dinskih predstavah,<\/li>\n<li>te\u017eave pri motoriki, grafomotoriki,<\/li>\n<li>govorno-jezikovne te\u017eave,<\/li>\n<li>hiperaktivnost,<\/li>\n<li>te\u017eave s pozornostjo in koncentracijo\u2026<\/li>\n<\/ul>\n<p><img loading=\"lazy\" decoding=\"async\" class=\"alignnone size-medium wp-image-18213\" src=\"http:\/\/solamiklavz.splet.arnes.si\/files\/2021\/04\/u\u010dne-te\u017eave-300x209.jpg\" alt=\"\" width=\"300\" height=\"209\" srcset=\"https:\/\/www.sola-miklavz.si\/files\/2021\/04\/u\u010dne-te\u017eave-300x209.jpg 300w, https:\/\/www.sola-miklavz.si\/files\/2021\/04\/u\u010dne-te\u017eave-768x534.jpg 768w, https:\/\/www.sola-miklavz.si\/files\/2021\/04\/u\u010dne-te\u017eave-947x658.jpg 947w, https:\/\/www.sola-miklavz.si\/files\/2021\/04\/u\u010dne-te\u017eave-624x434.jpg 624w, https:\/\/www.sola-miklavz.si\/files\/2021\/04\/u\u010dne-te\u017eave.jpg 1000w\" sizes=\"auto, (max-width: 300px) 100vw, 300px\" \/><\/p>\n<p>Po Zakonu o osnovni \u0161oli se izobra\u017eevanje u\u010dencev z u\u010dnimi te\u017eavami izvaja tako, da jim \u0161ola prilagodi metode in oblike dela ter jim omogo\u010di vklju\u010ditev v dopolnilni pouk in druge oblike individualne in skupinske pomo\u010di.<\/p>\n<p>Pri delu z u\u010denci, ki imajo te\u017eave pri u\u010denju, <strong>razlikujemo 5 osnovnih stopenj pomo\u010di<\/strong>:<\/p>\n<ol>\n<li>pomo\u010d u\u010ditelja pri pouku, dopolnilnem pouku ter v okviru podalj\u0161anega bivanja,<\/li>\n<li>pomo\u010d \u0161olske svetovalne slu\u017ebe,<\/li>\n<li>dodatna individualna in skupinska pomo\u010d (ISP),<\/li>\n<li>mnenje in pomo\u010d zunanje strokovne ustanove,<\/li>\n<li>program s prilagojenim izvajanjem in dodatno strokovno pomo\u010djo.<\/li>\n<\/ol>\n<p><a href=\"http:\/\/solamiklavz.splet.arnes.si\/files\/2018\/12\/KONTINUUM-POMO\u010cI-U\u010cENCEM-Z-U\u010cNIMI-TE\u017dAVAMI22844.pdf\" target=\"_blank\" rel=\"noopener noreferrer\">Kontinuum pomo\u010di u\u010dencem z u\u010dnimi te\u017eavami<\/a><\/p>\n<p>Otroka, ki je kljub navedenim oblikam pomo\u010di neuspe\u0161en, napotimo v postopek usmerjanja. Usmeritev poteka po zakonsko dolo\u010denem upravnem postopku, ki se zaklju\u010di z odlo\u010dbo o usmeritvi. Otroka se usmeri v ustrezen vzgojno-izobra\u017eevalni program z dodatno strokovno pomo\u010djo. Dodatna strokovna pomo\u010d je namenjena u\u010dencem, ki so na na\u0161o \u0161olo usmerjeni z odlo\u010dbo o usmeritvi in so vklju\u010deni v program s prilagojenim izvajanjem in dodatno strokovno pomo\u010djo<strong>. <\/strong>Dodatno strokovno pomo\u010d izvajajo defektologinja in pedagoginje, ki sodelujejo, se posvetujejo in usklajujejo svoje delo z u\u010ditelji, s star\u0161i in z zunanjimi strokovnjaki, ki obravnavajo u\u010dence s posebnimi potrebami. Za vsakega u\u010denca je imenovana strokovna skupina, ki spremlja vzgojo in izobra\u017eevanje posameznega u\u010denca s posebnimi potrebami. Za te u\u010dence oblikujemo, izvajamo in evalviramo individualizirane programe vzgoje in izobra\u017eevanja ter izvajamo ure dodatne strokovne pomo\u010di. Prilagajamo metode in oblike u\u010dnega dela pri posameznih predmetih ter izvajamo prilagoditve v procesu vzgoje in izobra\u017eevanja. Poudarek dajemo razvoju njihovih mo\u010dnih podro\u010dij, kar dviguje njihovo samopodobo.<\/p>\n<p>&nbsp;<\/p>\n<p><img loading=\"lazy\" decoding=\"async\" src=\"http:\/\/solamiklavz.splet.arnes.si\/files\/2021\/04\/dyslexiagraphic-300x219-1.png\" alt=\"\" width=\"300\" height=\"219\"><img loading=\"lazy\" decoding=\"async\" class=\"alignright\" src=\"http:\/\/solamiklavz.splet.arnes.si\/files\/2021\/04\/unique-homeschooling-opportunity-300x129.jpg\" alt=\"\" width=\"427\" height=\"184\"><\/p>\n<p><strong><a href=\"http:\/\/solamiklavz.splet.arnes.si\/files\/2018\/12\/U\u010cENCI-S-POSEBNIMI-POTREBAMI.pdf\" target=\"_blank\" rel=\"noopener noreferrer\">U\u010denci s posebnimi potrebami<\/a><\/strong><\/p>\n<ul>\n<li><a href=\"http:\/\/solamiklavz.splet.arnes.si\/files\/2018\/12\/OTROCI-Z-MOTNJAMI-V-DU\u0160EVNEM-RAZVOJU.pdf\" target=\"_blank\" rel=\"noopener noreferrer\">Otroci z motnjami v du\u0161evnem razvoju<\/a><\/li>\n<li><a href=\"http:\/\/solamiklavz.splet.arnes.si\/files\/2018\/12\/SLEPI-ON-SLABOVIDNI-OTROCI.pdf\" target=\"_blank\" rel=\"noopener noreferrer\">Slepi in slabovidni oziroma otroci z okvaro vidne funkcije<\/a><\/li>\n<li><a href=\"http:\/\/solamiklavz.splet.arnes.si\/files\/2018\/12\/GLUHI-IN-NAGLU\u0160NI-OTROCI.pdf\" target=\"_blank\" rel=\"noopener noreferrer\">Gluhi in naglu\u0161ni otroci<\/a><\/li>\n<li><a href=\"http:\/\/solamiklavz.splet.arnes.si\/files\/2018\/12\/OTROCI-Z-GOVORNO-JEZIKOVNIMI-MOTNJAMI.pdf\" target=\"_blank\" rel=\"noopener noreferrer\">Otroci z govorno-jezikovnimi motnjami<\/a><\/li>\n<li><a href=\"http:\/\/solamiklavz.splet.arnes.si\/files\/2018\/12\/GIBALNO-OVIRANI-OTROCI.pdf\" target=\"_blank\" rel=\"noopener noreferrer\">Gibalno ovirani otroci<\/a><\/li>\n<li><a href=\"http:\/\/solamiklavz.splet.arnes.si\/files\/2018\/12\/DOLGOTRAJNO-BOLNI-OTROCI.pdf\" target=\"_blank\" rel=\"noopener noreferrer\">Dolgotrajno bolni otroci<\/a><\/li>\n<li><a href=\"http:\/\/solamiklavz.splet.arnes.si\/files\/2018\/12\/OTROCI-S-PRIMANJKLJAJI-NA-POSAMEZNIH-PODRO\u010cJIH-U\u010cENJA.pdf\" target=\"_blank\" rel=\"noopener noreferrer\">Otroci s primanjkljaji na posameznih podro\u010djih u\u010denja<\/a><\/li>\n<li><a href=\"http:\/\/solamiklavz.splet.arnes.si\/files\/2018\/12\/OTROCI-S-\u010cUSTVENIMI-IN-VEDENJSKIMI-MOTNJAMI.pdf\" target=\"_blank\" rel=\"noopener noreferrer\">Otroci s \u010dustvenimi in vedenjskimi motnjami<\/a><\/li>\n<li><a href=\"http:\/\/solamiklavz.splet.arnes.si\/files\/2018\/12\/OTROCI-Z-AVTISTI\u010cNIMI-MOTNJAMI.pdf\" target=\"_blank\" rel=\"noopener noreferrer\">Otroci z avtisti\u010dnimi motnjami<\/a><\/li>\n<\/ul>\n<p>&nbsp;<\/p>\n<p><a href=\"http:\/\/solamiklavz.splet.arnes.si\/files\/2015\/03\/POSTOPEK-USMERJANJA.pdf\" target=\"_blank\" rel=\"noopener noreferrer\">Postopek usmerjanja<\/a><\/p>\n<p><a href=\"http:\/\/solamiklavz.splet.arnes.si\/files\/2015\/03\/INDIVIDUALIZIRANI-PROGRAM.pdf\" target=\"_blank\" rel=\"noopener noreferrer\">Individualizirani program<\/a><\/p>\n<p style=\"text-align: left\"><span style=\"color: #808080\">&nbsp;<\/span><\/p>\n<p style=\"text-align: left\"><strong>Zakon o usmerjanju otrok s posebnimi potrebami ZUOPP-1<\/strong><\/p>\n<p><a href=\"https:\/\/www.uradni-list.si\/glasilo-uradni-list-rs\/vsebina?urlid=201158&amp;stevilka=2714\">https:\/\/www.uradni-list.si\/glasilo-uradni-list-rs\/vsebina?urlid=201158&amp;stevilka=2714<\/a><\/p>\n<p><strong>Sprememba Zakona o usmerjanju otrok s posebnimi potrebami (13.11.2025):<\/strong><\/p>\n<p><a href=\"https:\/\/www.gov.si\/novice\/2025-11-13-vlada-potrdila-spremembe-zakona-o-usmerjanju-otrok-s-posebnimi-potrebami\">https:\/\/www.gov.si\/novice\/2025-11-13-vlada-potrdila-spremembe-zakona-o-usmerjanju-otrok-s-posebnimi-potrebami<\/a><\/p>\n<p><strong>Kriteriji za opredelitev vrste in stopnje primanjkljajev, ovir oziroma motenj otrok s posebnimi potrebami<\/strong><\/p>\n<p><a href=\"https:\/\/www.zrss.si\/pdf\/Kriteriji-motenj-otrok-s-posebnimi-potrebami.pdf\">https:\/\/www.zrss.si\/pdf\/Kriteriji-motenj-otrok-s-posebnimi-potrebami.pdf<\/a><\/p>\n<p><strong>Pravilnik o organizaciji in na\u010dinu dela komisij za usmerjanje otrok s posebnimi potrebami<\/strong><\/p>\n<p><a href=\"http:\/\/pisrs.si\/Pis.web\/pregledPredpisa?id=PRAV11834\">http:\/\/pisrs.si\/Pis.web\/pregledPredpisa?id=PRAV11834<\/a><\/p>\n<p><strong>Pravilnik o dodatni strokovni in fizi\u010dni pomo\u010di za otroke <\/strong><\/p>\n<p><a href=\"https:\/\/www.uradni-list.si\/glasilo-uradni-list-rs\/vsebina\/2013-01-3192?sop=2013-01-3192\">https:\/\/www.uradni-list.si\/glasilo-uradni-list-rs\/vsebina\/2013-01-3192?sop=2013-01-3192<\/a><\/p>\n<p><strong>Navodila za prilagojeno izvajanje programa osnovne \u0161ole z dodatno strokovno pomo\u010djo<\/strong><\/p>\n<p><a href=\"https:\/\/www.gov.si\/assets\/ministrstva\/MVI\/Dokumenti\/Izobrazevanje-otrok-s-posebnimi-potrebami\/OS\/Navodila-za-prilagojeno-izvajanje-izobrazevalnega-programa-osnovne-sole-z-DSP-2025.pdf\">https:\/\/www.gov.si\/assets\/ministrstva\/MVI\/Dokumenti\/Izobrazevanje-otrok-s-posebnimi-potrebami\/OS\/Navodila-za-prilagojeno-izvajanje-izobrazevalnega-programa-osnovne-sole-z-DSP-2025.pdf<\/a><\/p>\n<p><strong>Izjava \u0161ole o izvajanju Koncepta u\u010dne te\u017eave v osnovni \u0161oli<\/strong><\/p>\n<p><a href=\"https:\/\/www.zrss.si\/gradiva\/obrazci-poupp\/izjava_sole_o_izvajanju_koncepta_ucne_tezave_v_osnovni_soli.pdf\">https:\/\/www.zrss.si\/gradiva\/obrazci-poupp\/izjava_sole_o_izvajanju_koncepta_ucne_tezave_v_osnovni_soli.pdf<\/a><\/p>\n<p><strong>Zahteva za uvedbo postopka usmerjanja<\/strong><\/p>\n<p><a href=\"https:\/\/www.zrss.si\/wp-content\/uploads\/2022\/02\/1_Zahteva-za-uvedbo-postopka-usmerjanja.pdf\">https:\/\/www.zrss.si\/wp-content\/uploads\/2022\/02\/1_Zahteva-za-uvedbo-postopka-usmerjanja.pdf<\/a><\/p>\n<p><strong>Zahteva za spremembo odlo\u010dbe o usmeritvi<\/strong><\/p>\n<p><a href=\"https:\/\/www.zrss.si\/wp-content\/uploads\/2022\/02\/2_Zahteva-za-spremembo-odlocbe-o-usmeritvi.pdf\">https:\/\/www.zrss.si\/wp-content\/uploads\/2022\/02\/2_Zahteva-za-spremembo-odlocbe-o-usmeritvi.pdf<\/a><\/p>\n<p><strong>Poro\u010dilo \u0161ole o otroku<\/strong><\/p>\n<p><a href=\"https:\/\/www.zrss.si\/wp-content\/uploads\/2022\/02\/7_Porocilo-osnovne-sole-o-otroku.pdf\">https:\/\/www.zrss.si\/wp-content\/uploads\/2022\/02\/7_Porocilo-osnovne-sole-o-otroku.pdf<\/a><\/p>\n<p>&nbsp;<\/p>\n<p>&nbsp;<\/p>\n<p>&nbsp;<\/p>\n<p>&nbsp;<\/p>\n<p>&nbsp;<\/p>\n<p>&nbsp;<\/p>\n","protected":false},"excerpt":{"rendered":"<p>&nbsp; SPECIALNO-PEDAGO\u0160KA SLU\u017dBA Defektologinja Zdenka Ro\u0161kari\u010d Duh in pedagoginje Andreja Rinc Uro\u0161evi\u0107, Asja Ertl in Du\u0161anka Mihali\u010d Mali &nbsp; &nbsp; Star\u0161i se lahko na specialno-pedago\u0161ko slu\u017ebo obrnejo po pomo\u010d ali nasvet, kadar pri svojem otroku opa\u017eajo: te\u017eave pri u\u010denju, te\u017eave pri branju in pisanju, te\u017eave v \u0161tevilskih in koli\u010dinskih predstavah,&#46;&#46;&#46;<\/p>\n","protected":false},"author":2448,"featured_media":0,"parent":0,"menu_order":0,"comment_status":"open","ping_status":"open","template":"","meta":{"ngg_post_thumbnail":0,"footnotes":"","_expiration-date-status":"","_expiration-date":0,"_expiration-date-type":"","_expiration-date-categories":[],"_expiration-date-options":[]},"class_list":["post-123","page","type-page","status-publish","hentry"],"_links":{"self":[{"href":"https:\/\/www.sola-miklavz.si\/index.php?rest_route=\/wp\/v2\/pages\/123","targetHints":{"allow":["GET"]}}],"collection":[{"href":"https:\/\/www.sola-miklavz.si\/index.php?rest_route=\/wp\/v2\/pages"}],"about":[{"href":"https:\/\/www.sola-miklavz.si\/index.php?rest_route=\/wp\/v2\/types\/page"}],"author":[{"embeddable":true,"href":"https:\/\/www.sola-miklavz.si\/index.php?rest_route=\/wp\/v2\/users\/2448"}],"replies":[{"embeddable":true,"href":"https:\/\/www.sola-miklavz.si\/index.php?rest_route=%2Fwp%2Fv2%2Fcomments&post=123"}],"version-history":[{"count":18,"href":"https:\/\/www.sola-miklavz.si\/index.php?rest_route=\/wp\/v2\/pages\/123\/revisions"}],"predecessor-version":[{"id":32493,"href":"https:\/\/www.sola-miklavz.si\/index.php?rest_route=\/wp\/v2\/pages\/123\/revisions\/32493"}],"wp:attachment":[{"href":"https:\/\/www.sola-miklavz.si\/index.php?rest_route=%2Fwp%2Fv2%2Fmedia&parent=123"}],"curies":[{"name":"wp","href":"https:\/\/api.w.org\/{rel}","templated":true}]}}