{"id":121,"date":"2015-03-30T09:12:45","date_gmt":"2015-03-30T08:12:45","guid":{"rendered":"http:\/\/solamiklavz.splet.arnes.si\/?page_id=121"},"modified":"2025-10-14T17:02:01","modified_gmt":"2025-10-14T15:02:01","slug":"solska-svetovalna-sluzba","status":"publish","type":"page","link":"https:\/\/www.sola-miklavz.si\/?page_id=121","title":{"rendered":"\u0160olska svetovalna slu\u017eba"},"content":{"rendered":"<p><a href=\"http:\/\/solamiklavz.splet.arnes.si\/files\/2015\/05\/svetovalna.jpeg\"><img loading=\"lazy\" decoding=\"async\" class=\"alignleft wp-image-670 size-full\" src=\"http:\/\/solamiklavz.splet.arnes.si\/files\/2015\/05\/svetovalna.jpeg\" alt=\"svetovalna\" width=\"500\" height=\"258\" srcset=\"https:\/\/www.sola-miklavz.si\/files\/2015\/05\/svetovalna.jpeg 500w, https:\/\/www.sola-miklavz.si\/files\/2015\/05\/svetovalna-300x154.jpeg 300w, https:\/\/www.sola-miklavz.si\/files\/2015\/05\/svetovalna-106x55.jpeg 106w, https:\/\/www.sola-miklavz.si\/files\/2015\/05\/svetovalna-470x242.jpeg 470w\" sizes=\"auto, (max-width: 500px) 100vw, 500px\" \/><\/a><\/p>\n<p>&nbsp;<\/p>\n<p>&nbsp;<\/p>\n<p>&nbsp;<\/p>\n<p>&nbsp;<\/p>\n<p>&nbsp;<\/p>\n<p>&nbsp;<\/p>\n<p>&nbsp;<\/p>\n<p>&nbsp;<\/p>\n<p><span style=\"color: #808080\"><strong>\u0160olski pedagoginji: Vesna Jelen Godunc in \u017diva Krajnc<br \/>\n<\/strong><\/span><\/p>\n<p><span style=\"color: #808080\">Med \u0161olanjem otrok postopno prehaja iz obdobja igre v \u017eivljenje z obveznostmi. Pri tem se sre\u010duje z razli\u010dnimi dvomi in vpra\u0161anji. Ko se zazdi, da se vse re\u0161itve izmikajo, mu sku\u0161amo usmeriti pogled in mu poiskati ustrezno pomo\u010d.<\/span><\/p>\n<p><span style=\"color: #808080\">\u0160olska pedagoginja vodi in koordinira preventivno-vzgojna programa Z znanjem proti odvisnosti in SOS za male in velike. Sodeluje v postopku odkrivanja nadarjenih u\u010dencev, svetuje&nbsp; u\u010dencem z vzgojnimi, disciplinskimi, razvojnimi, osebnimi in socialnimi posebnostmi. Na\u010drtuje, koordinira in izvaja vpis v 1. razred ter sprejem otrok v \u0161olo. Skrbi za karierno orientacijo in vodi vpis v srednje \u0161ole. Spremlja novosti \u0161olskega programa in sodeluje z zunanjimi institucijami. Vklju\u010duje se v iskanje mo\u017enih oblik podpore in pomo\u010di dru\u017einam v socialno-ekonomski stiski, nudi pomo\u010d u\u010dencem Romom in u\u010dencem tujcem. Z u\u010ditelji sodeluje pri pripravi in izvedbi roditeljskih sestankov, spremlja u\u010dni napredek u\u010dencev in jih seznanja z metodami in tehnikami uspe\u0161nega u\u010denja. Je mentorica skupnosti u\u010dencev \u0161ole, \u0161olskega parlamenta in vrstni\u0161kih mediatorjev.<br \/>\n<\/span><\/p>\n<ul>\n<li><a href=\"https:\/\/srednjesole.aktualno.si\/?utm_medium=email&amp;utm_source=newsletter_120&amp;utm_campaign=link-za-osnovnesole&amp;utm_id=120\">Poklicna orientacija, informativni dnevi, srednje \u0161ole, zbiranje to\u010dk&#8230;<\/a><\/li>\n<li><span style=\"color: #ff0000\"><a class=\"jce_file\" title=\"Splo\u0161ne informacije\" href=\"http:\/\/solamiklavz.splet.arnes.si\/files\/2015\/03\/splosne_informacije.pdf\" target=\"_blank\" rel=\"noopener noreferrer\"><span style=\"color: #ff0000\">Splo\u0161ne informacije<\/span><\/a><\/span><\/li>\n<li><a href=\"http:\/\/www.mizs.gov.si\/si\/delovna_podrocja\/direktorat_za_srednje_in_visje_solstvo_ter_izobrazevanje_odraslih\/srednjesolsko_izobrazevanje\/vpis_v_srednje_sole\/\" target=\"_blank\" rel=\"noopener noreferrer\">Razpis za vpis v srednje \u0161ole <\/a><\/li>\n<li><a href=\"https:\/\/www.sola-miklavz.si\/files\/2024\/12\/Rokovnik-2-NOVO.pdf\">Rokovnik za vpis v S\u0160 2024\/2025<\/a><\/li>\n<li><span style=\"color: #ff0000\"><a class=\"jce_file\" title=\"Napotki za uspe\u0161nej\u0161o \u0161olsko delo in u\u010denje\" href=\"http:\/\/solamiklavz.splet.arnes.si\/files\/2015\/03\/napotki_ucenje.pdf\" target=\"_blank\" rel=\"noopener noreferrer\"><span style=\"color: #ff0000\">Napotki za uspe\u0161nej\u0161o \u0161olsko delo in u\u010denje<\/span><\/a><\/span><\/li>\n<li><a href=\"https:\/\/www.sola-miklavz.si\/files\/2024\/02\/Predstavitev_Viri-pomoci_Kam_po_-pomoc.pdf\" target=\"_blank\" rel=\"noopener\">Kam po pomo\u010d v te\u017eavah<\/a><\/li>\n<li><a href=\"https:\/\/www.sola-miklavz.si\/files\/2022\/05\/Protokol-ob-zaznavi-in-za-obravnavo-medvrstnikega-nasilja-v-VIZ.pdf\" target=\"_blank\" rel=\"noopener\">Protokol ob zaznavi in za obravnavo medvrstni\u0161kega nasilja v VIZ<\/a><\/li>\n<\/ul>\n","protected":false},"excerpt":{"rendered":"<p>&nbsp; &nbsp; &nbsp; &nbsp; &nbsp; &nbsp; &nbsp; &nbsp; \u0160olski pedagoginji: Vesna Jelen Godunc in \u017diva Krajnc Med \u0161olanjem otrok postopno prehaja iz obdobja igre v \u017eivljenje z obveznostmi. Pri tem se sre\u010duje z razli\u010dnimi dvomi in vpra\u0161anji. Ko se zazdi, da se vse re\u0161itve izmikajo, mu sku\u0161amo usmeriti pogled in&#46;&#46;&#46;<\/p>\n","protected":false},"author":2448,"featured_media":0,"parent":0,"menu_order":0,"comment_status":"open","ping_status":"open","template":"","meta":{"ngg_post_thumbnail":0,"footnotes":"","_expiration-date-status":"","_expiration-date":0,"_expiration-date-type":"","_expiration-date-categories":[],"_expiration-date-options":[]},"class_list":["post-121","page","type-page","status-publish","hentry"],"_links":{"self":[{"href":"https:\/\/www.sola-miklavz.si\/index.php?rest_route=\/wp\/v2\/pages\/121","targetHints":{"allow":["GET"]}}],"collection":[{"href":"https:\/\/www.sola-miklavz.si\/index.php?rest_route=\/wp\/v2\/pages"}],"about":[{"href":"https:\/\/www.sola-miklavz.si\/index.php?rest_route=\/wp\/v2\/types\/page"}],"author":[{"embeddable":true,"href":"https:\/\/www.sola-miklavz.si\/index.php?rest_route=\/wp\/v2\/users\/2448"}],"replies":[{"embeddable":true,"href":"https:\/\/www.sola-miklavz.si\/index.php?rest_route=%2Fwp%2Fv2%2Fcomments&post=121"}],"version-history":[{"count":18,"href":"https:\/\/www.sola-miklavz.si\/index.php?rest_route=\/wp\/v2\/pages\/121\/revisions"}],"predecessor-version":[{"id":30366,"href":"https:\/\/www.sola-miklavz.si\/index.php?rest_route=\/wp\/v2\/pages\/121\/revisions\/30366"}],"wp:attachment":[{"href":"https:\/\/www.sola-miklavz.si\/index.php?rest_route=%2Fwp%2Fv2%2Fmedia&parent=121"}],"curies":[{"name":"wp","href":"https:\/\/api.w.org\/{rel}","templated":true}]}}