{"id":1158,"date":"2015-09-29T11:09:01","date_gmt":"2015-09-29T10:09:01","guid":{"rendered":"http:\/\/solamiklavz.splet.arnes.si\/?page_id=1158"},"modified":"2025-09-23T13:35:53","modified_gmt":"2025-09-23T11:35:53","slug":"tekmovanja","status":"publish","type":"page","link":"https:\/\/www.sola-miklavz.si\/?page_id=1158","title":{"rendered":"Tekmovanja"},"content":{"rendered":"<p><img loading=\"lazy\" decoding=\"async\" class=\"alignright size-full wp-image-16305\" src=\"http:\/\/solamiklavz.splet.arnes.si\/files\/2020\/09\/tekmovalec.png\" alt=\"\" width=\"150\" height=\"186\"><\/p>\n<p>Udele\u017eili se bomo naslednjih tekmovanj:<\/p>\n<ul>\n<li>iz angle\u0161ke bralne zna\u010dke od 3. do 9. r., vodja za 3. razred Simona Kocbek, za 4. in 5. razred Alex Premzl in za 6. do 9. razred Katja Zobec;<\/li>\n<li>iz nem\u0161ke bralne zna\u010dke od 4. do 9. razreda, vodja Ines Pe\u010dnik;<\/li>\n<li>Bralna zna\u010dka 1.\u20139. razred, koordinatorica Petra \u017dunko;<\/li>\n<li>iz angle\u0161kega jezika v 8. in 9. r., vodja Katja Zobec;<\/li>\n<li>iz angle\u0161kega jezika v 6. in 7.r, vodja Jasmina Karaka\u0161<\/li>\n<li>iz nem\u0161kega jezika za 8. in 9. r., vodja Ines Pe\u010dnik;<\/li>\n<li>iz matematike Matemati\u010dni kenguru od 1. do 9. r., vodja Rok Ti\u0161ler; dr\u017eavno tekmovanje iz matematike (organizator O\u0160 Miklav\u017e na Dravskem polju, vodja Rok Ti\u0161ler)<\/li>\n<li>iz sloven\u0161\u010dine za Cankarjevo priznanje, od 1. do 9. r., vodja Nina Adam;<\/li>\n<li>iz sloven\u0161\u010dine za Vodnikovo tekmovanje, od 6. do 9. r., vodja Nina Adam;<\/li>\n<li>iz kemije za Preglovo priznanje, vodja Leandra Mernik;<\/li>\n<li>za Zlato kuhalnico, vodja Leandra Mernik;<\/li>\n<li>EKOKVIZ, vodja Petra \u017dunko,<\/li>\n<li>iz biologije za Proteusovo priznanje, vodja Karina Ladinek;<\/li>\n<li>Otro\u0161ka varnostna olimpijada, vodja Nata\u0161a Bukov\u0161ek Kosi;<\/li>\n<li>iz znanja logike od 4. do 9. r., vodja Branka \u010cak\u0161;<\/li>\n<li>Logi\u010dna po\u0161ast od 1. do 9. razreda, vodja Du\u0161anka Kop\u0161e;<\/li>\n<li>Zeleno pero, od 6. do 9. r., vodja dr. Ana Koritnik;<\/li>\n<li>iz astronomije od 8. do 9. r., vodja Iris Polanec;<\/li>\n<li>iz podro\u010dja geografije, vodja Janja Dra\u0161kovi\u010d;<\/li>\n<li>iz podro\u010dja zgodovine, mentorica Leonida Gavez \u0160erbinek;<\/li>\n<li>BODIFIN \u2013 finan\u010dno opismenjevanje od 4.-9. r., vodja Asja Ertl in Branka \u010cak\u0161<\/li>\n<li>iz znanja \u00bbVesele \u0161ole\u00ab od 4. do 9. razreda, mentorici Petra \u017dunko in Darja Nerat;<\/li>\n<li>\u0161olskih \u0161portnih tekmovanj (ko\u0161arka, nogomet, mala odbojka, odbojka, atletika, odbojka na mivki, gimnastika) &#8211; mentorji Miroslav Kalezi\u010d, Andreja Kolander, Marjetka Klep in Marko Borko.<\/li>\n<\/ul>\n<p>&nbsp;<\/p>\n<p>Ob koncu \u0161olskega leta \u017eelimo u\u010dence \u0161e posebej nagraditi za uspe\u0161no delo pri u\u010denju, dejavnostih ob pouku in delu v oddel\u010dni skupnosti ter seveda za vse dobre rezultate na tekmovanjih. Ravnateljica bo podelila priznanja u\u010dencem zaklju\u010dnih razredov na slovesni prireditvi zadnji dan pouka.<\/p>\n","protected":false},"excerpt":{"rendered":"<p>Udele\u017eili se bomo naslednjih tekmovanj: iz angle\u0161ke bralne zna\u010dke od 3. do 9. r., vodja za 3. razred Simona Kocbek, za 4. in 5. razred Alex Premzl in za 6. do 9. razred Katja Zobec; iz nem\u0161ke bralne zna\u010dke od 4. do 9. razreda, vodja Ines Pe\u010dnik; Bralna zna\u010dka 1.\u20139.&#46;&#46;&#46;<\/p>\n","protected":false},"author":2448,"featured_media":0,"parent":0,"menu_order":0,"comment_status":"closed","ping_status":"open","template":"","meta":{"ngg_post_thumbnail":0,"footnotes":"","_expiration-date-status":"","_expiration-date":0,"_expiration-date-type":"","_expiration-date-categories":[],"_expiration-date-options":[]},"class_list":["post-1158","page","type-page","status-publish","hentry"],"_links":{"self":[{"href":"https:\/\/www.sola-miklavz.si\/index.php?rest_route=\/wp\/v2\/pages\/1158","targetHints":{"allow":["GET"]}}],"collection":[{"href":"https:\/\/www.sola-miklavz.si\/index.php?rest_route=\/wp\/v2\/pages"}],"about":[{"href":"https:\/\/www.sola-miklavz.si\/index.php?rest_route=\/wp\/v2\/types\/page"}],"author":[{"embeddable":true,"href":"https:\/\/www.sola-miklavz.si\/index.php?rest_route=\/wp\/v2\/users\/2448"}],"replies":[{"embeddable":true,"href":"https:\/\/www.sola-miklavz.si\/index.php?rest_route=%2Fwp%2Fv2%2Fcomments&post=1158"}],"version-history":[{"count":15,"href":"https:\/\/www.sola-miklavz.si\/index.php?rest_route=\/wp\/v2\/pages\/1158\/revisions"}],"predecessor-version":[{"id":31429,"href":"https:\/\/www.sola-miklavz.si\/index.php?rest_route=\/wp\/v2\/pages\/1158\/revisions\/31429"}],"wp:attachment":[{"href":"https:\/\/www.sola-miklavz.si\/index.php?rest_route=%2Fwp%2Fv2%2Fmedia&parent=1158"}],"curies":[{"name":"wp","href":"https:\/\/api.w.org\/{rel}","templated":true}]}}