{"id":103,"date":"2015-03-30T09:07:47","date_gmt":"2015-03-30T08:07:47","guid":{"rendered":"http:\/\/solamiklavz.splet.arnes.si\/?page_id=103"},"modified":"2025-10-14T16:44:42","modified_gmt":"2025-10-14T14:44:42","slug":"skupnost-ucencev","status":"publish","type":"page","link":"https:\/\/www.sola-miklavz.si\/?page_id=103","title":{"rendered":"Skupnost u\u010dencev"},"content":{"rendered":"<p><strong>Skupnost u\u010dencev \u0161ole<\/strong><\/p>\n<p style=\"text-align: left\">U\u010denci oddel\u010dne skupnosti tajno volijo dva predstavnika oddelka v Skupnost u\u010dencev \u0161ole. Predstavniki razredov z mentorico izdelajo program dela in se sestajajo enkrat mese\u010dno. Namen sre\u010danj je uskladiti in uresni\u010diti interese u\u010dencev, jim omogo\u010diti, da izrazijo potrebe sovrstnikov ter svoje mnenje in da posku\u0161ajo najti ustrezne re\u0161itve. Predsednik skupnosti u\u010dencev \u0161ole je Jakob Gvardjan\u010di\u010d. Mentorica skupnosti u\u010dencev \u0161ole je pedagoginja Vesna Jelen Godunc.<\/p>\n<p><img loading=\"lazy\" decoding=\"async\" class=\" wp-image-18206 aligncenter\" src=\"http:\/\/solamiklavz.splet.arnes.si\/files\/2021\/04\/\u0161olska-skupnos.jpeg\" alt=\"\" width=\"256\" height=\"242\"><\/p>\n<p><strong>\u0160olski parlament<\/strong><\/p>\n<p>\u0160olski parlament je izvr\u0161ilni organ Skupnosti u\u010dencev \u0161ole. Sestavljajo ga u\u010denci, ki jih izvoli Skupnost u\u010dencev \u0161ole. \u0160olski parlament se skli\u010de najmanj dvakrat letno, sklicateljica je ravnateljica. Tema otro\u0161kega parlamenta v leto\u0161njem \u0161olskem letu je Du\u0161evno zdravje otrok in mladih. Mentorica \u0161olskega parlamenta je pedagoginja \u017diva Krajnc.<\/p>\n<p><img loading=\"lazy\" decoding=\"async\" class=\"size-medium wp-image-18207 aligncenter\" src=\"http:\/\/solamiklavz.splet.arnes.si\/files\/2021\/04\/\u0161ol.parlament-300x243.jpg\" alt=\"\" width=\"300\" height=\"243\" srcset=\"https:\/\/www.sola-miklavz.si\/files\/2021\/04\/\u0161ol.parlament-300x243.jpg 300w, https:\/\/www.sola-miklavz.si\/files\/2021\/04\/\u0161ol.parlament-624x506.jpg 624w, https:\/\/www.sola-miklavz.si\/files\/2021\/04\/\u0161ol.parlament.jpg 750w\" sizes=\"auto, (max-width: 300px) 100vw, 300px\" \/><\/p>\n<p>&nbsp;<\/p>\n<p style=\"margin: 12pt 0cm;line-height: 150%;background: none repeat scroll 0% 0% white\">Ve\u010d na <a href=\"http:\/\/www.zpms.si\/programi-in-projekti\/otroski-parlament\/\" target=\"_blank\" rel=\"noopener noreferrer\">http:\/\/www.zpms.si\/programi-in-projekti\/otroski-parlament\/<\/a><\/p>\n<p style=\"text-align: justify;line-height: 150%\"><span style=\"color: #808080\">ARHIV:<\/span><\/p>\n<p><a href=\"https:\/\/www.sola-miklavz.si\/files\/2022\/06\/32.-Regijski-otroski-parlament-MB.pdf\"><strong>Regijski otro\u0161ki parlament Maribor 2022<\/strong><\/a><\/p>\n<p><a href=\"https:\/\/www.sola-miklavz.si\/files\/2022\/06\/32.-Nacionalni-otroski-parlament-LJ.pdf\"><strong>Nacionalni otro\u0161ki parlament Ljubljana 2022<\/strong><\/a><\/p>\n<p><a href=\"https:\/\/www.sola-miklavz.si\/files\/2022\/06\/Otroski-parlament-za-splet-2021.pdf\"><strong>Otro\u0161ki parlament 2021<\/strong><\/a><\/p>\n<p style=\"text-align: justify;line-height: 150%\"><span style=\"color: #808080\"><b><a href=\"http:\/\/solamiklavz.splet.arnes.si\/files\/2015\/03\/PASTI-MLADOSTNI\u0160TVA-1.pptx\">Otro\u0161ki parlament 2016<\/a><\/b><\/span><\/p>\n<p style=\"text-align: justify;line-height: 150%\"><strong><a href=\"http:\/\/solamiklavz.splet.arnes.si\/files\/2015\/03\/Otroski_parlament_2015.pdf\">Otro\u0161ki parlament_2015<\/a><\/strong><\/p>\n<p><strong><a href=\"http:\/\/solamiklavz.splet.arnes.si\/files\/2015\/03\/Otroski_parlament_2014.pdf\">Otroski_parlament_2014<\/a><\/strong><\/p>\n","protected":false},"excerpt":{"rendered":"<p>Skupnost u\u010dencev \u0161ole U\u010denci oddel\u010dne skupnosti tajno volijo dva predstavnika oddelka v Skupnost u\u010dencev \u0161ole. Predstavniki razredov z mentorico izdelajo program dela in se sestajajo enkrat mese\u010dno. Namen sre\u010danj je uskladiti in uresni\u010diti interese u\u010dencev, jim omogo\u010diti, da izrazijo potrebe sovrstnikov ter svoje mnenje in da posku\u0161ajo najti ustrezne re\u0161itve.&#46;&#46;&#46;<\/p>\n","protected":false},"author":2448,"featured_media":0,"parent":0,"menu_order":0,"comment_status":"open","ping_status":"open","template":"","meta":{"ngg_post_thumbnail":0,"footnotes":"","_expiration-date-status":"","_expiration-date":0,"_expiration-date-type":"","_expiration-date-categories":[],"_expiration-date-options":[]},"class_list":["post-103","page","type-page","status-publish","hentry"],"_links":{"self":[{"href":"https:\/\/www.sola-miklavz.si\/index.php?rest_route=\/wp\/v2\/pages\/103","targetHints":{"allow":["GET"]}}],"collection":[{"href":"https:\/\/www.sola-miklavz.si\/index.php?rest_route=\/wp\/v2\/pages"}],"about":[{"href":"https:\/\/www.sola-miklavz.si\/index.php?rest_route=\/wp\/v2\/types\/page"}],"author":[{"embeddable":true,"href":"https:\/\/www.sola-miklavz.si\/index.php?rest_route=\/wp\/v2\/users\/2448"}],"replies":[{"embeddable":true,"href":"https:\/\/www.sola-miklavz.si\/index.php?rest_route=%2Fwp%2Fv2%2Fcomments&post=103"}],"version-history":[{"count":18,"href":"https:\/\/www.sola-miklavz.si\/index.php?rest_route=\/wp\/v2\/pages\/103\/revisions"}],"predecessor-version":[{"id":31876,"href":"https:\/\/www.sola-miklavz.si\/index.php?rest_route=\/wp\/v2\/pages\/103\/revisions\/31876"}],"wp:attachment":[{"href":"https:\/\/www.sola-miklavz.si\/index.php?rest_route=%2Fwp%2Fv2%2Fmedia&parent=103"}],"curies":[{"name":"wp","href":"https:\/\/api.w.org\/{rel}","templated":true}]}}