{"id":101,"date":"2015-03-30T09:07:29","date_gmt":"2015-03-30T08:07:29","guid":{"rendered":"http:\/\/solamiklavz.splet.arnes.si\/?page_id=101"},"modified":"2025-10-14T16:32:40","modified_gmt":"2025-10-14T14:32:40","slug":"nacionalno-preverjanje-znanja-npz","status":"publish","type":"page","link":"https:\/\/www.sola-miklavz.si\/?page_id=101","title":{"rendered":"Nacionalno preverjanje znanja (NPZ)"},"content":{"rendered":"<p>Nacionalno preverjanje znanja je obvezna oblika preverjanja znanja za u\u010dence 3., 6. in 9. razreda in poteka v mesecu marcu.<\/p>\n<p>Po prvem vzgojno-izobra\u017eevalnem obdobju se znanje u\u010dencev preverja iz sloven\u0161\u010dine in matematike.<\/p>\n<p>Po drugem vzgojno-izobra\u017eevalnem obdobju se znanje u\u010dencev preverja iz sloven\u0161\u010dine, matematike in prvega tujega jezika.<\/p>\n<p>Po tretjem vzgojno-izobra\u017eevalnem obdobju se znanje u\u010dencev preverja iz sloven\u0161\u010dine, matematike in tretjega predmeta, ki ga bo po predhodni pridobitvi mnenja pristojnega strokovnega organa v mesecu septembru dolo\u010di minister. V \u0161olskem letu 2025\/26 je za tretji predmet preverjanja v 9. razredu dolo\u010den predmet tehnika in tehnologija.<\/p>\n<p>Dose\u017eki u\u010dencev na Nacionalnem preverjanju znanja so dodatna informacija o znanju u\u010dencev. &nbsp;Dose\u017eki u\u010dencev 9. razreda iz &nbsp;NPZ pri sloven\u0161\u010dini in matematiki se upo\u0161tevajo &nbsp;pri izbiri kandidatov v primeru omejitve vpisa v programe srednje\u0161olskega izobra\u017eevanja. Rezultati, dose\u017eeni na Nacionalnem preverjanju znanja, predstavljajo le eno od informacij, ki je u\u010dencu, star\u0161em in u\u010diteljem ob koncu dolo\u010denega vzgojno-izobra\u017eevalnega obdobja v pomo\u010d pri sledenju otrokovega razvoja. Ti rezultati u\u010denca star\u0161e in u\u010ditelje obve\u0161\u010dajo o dose\u017ekih otrok v primerjavi s povpre\u010dnimi dose\u017eki otrok v dr\u017eavi.<\/p>\n<p>Za organizacijo in potek nacionalnega preverjanja znanja je odgovorna ravnateljica dr. Katarina Germ\u0161ek. Njena namestnica je za 9. razrede in 6. razrede \u017diva Krajnc. \u0160olski administrator za program orka in e-banko nalog ter pomo\u010dnik za e-vrednotenje je Matja\u017e \u017duran.<\/p>\n","protected":false},"excerpt":{"rendered":"<p>Nacionalno preverjanje znanja je obvezna oblika preverjanja znanja za u\u010dence 3., 6. in 9. razreda in poteka v mesecu marcu. Po prvem vzgojno-izobra\u017eevalnem obdobju se znanje u\u010dencev preverja iz sloven\u0161\u010dine in matematike. Po drugem vzgojno-izobra\u017eevalnem obdobju se znanje u\u010dencev preverja iz sloven\u0161\u010dine, matematike in prvega tujega jezika. Po tretjem vzgojno-izobra\u017eevalnem&#46;&#46;&#46;<\/p>\n","protected":false},"author":2448,"featured_media":0,"parent":0,"menu_order":0,"comment_status":"open","ping_status":"open","template":"","meta":{"ngg_post_thumbnail":0,"footnotes":"","_expiration-date-status":"","_expiration-date":0,"_expiration-date-type":"","_expiration-date-categories":[],"_expiration-date-options":[]},"class_list":["post-101","page","type-page","status-publish","hentry"],"_links":{"self":[{"href":"https:\/\/www.sola-miklavz.si\/index.php?rest_route=\/wp\/v2\/pages\/101","targetHints":{"allow":["GET"]}}],"collection":[{"href":"https:\/\/www.sola-miklavz.si\/index.php?rest_route=\/wp\/v2\/pages"}],"about":[{"href":"https:\/\/www.sola-miklavz.si\/index.php?rest_route=\/wp\/v2\/types\/page"}],"author":[{"embeddable":true,"href":"https:\/\/www.sola-miklavz.si\/index.php?rest_route=\/wp\/v2\/users\/2448"}],"replies":[{"embeddable":true,"href":"https:\/\/www.sola-miklavz.si\/index.php?rest_route=%2Fwp%2Fv2%2Fcomments&post=101"}],"version-history":[{"count":17,"href":"https:\/\/www.sola-miklavz.si\/index.php?rest_route=\/wp\/v2\/pages\/101\/revisions"}],"predecessor-version":[{"id":31431,"href":"https:\/\/www.sola-miklavz.si\/index.php?rest_route=\/wp\/v2\/pages\/101\/revisions\/31431"}],"wp:attachment":[{"href":"https:\/\/www.sola-miklavz.si\/index.php?rest_route=%2Fwp%2Fv2%2Fmedia&parent=101"}],"curies":[{"name":"wp","href":"https:\/\/api.w.org\/{rel}","templated":true}]}}